{"id":5887,"date":"2019-09-19T17:37:15","date_gmt":"2019-09-19T17:37:15","guid":{"rendered":"https:\/\/www.doclisboa.org\/2019\/?page_id=5887"},"modified":"2019-09-30T22:15:42","modified_gmt":"2019-09-30T22:15:42","slug":"ascensao-e-queda-do-muro-o-cinema-da-alemanha-de-leste","status":"publish","type":"page","link":"https:\/\/www.doclisboa.org\/2019\/edicao-actual\/seccoes\/ascensao-e-queda-do-muro-o-cinema-da-alemanha-de-leste\/","title":{"rendered":"Ascens\u00e3o e Queda do Muro \u2013 O Cinema da Alemanha de Leste"},"content":{"rendered":"<p>Por ocasi\u00e3o do trig\u00e9simo anivers\u00e1rio da queda do Muro de Berlim, esta retrospectiva apresentar\u00e1 filmes produzidos entre 1946 e 1991, sobretudo pelo est\u00fadio estatal de cinema da Alemanha de Leste, a DEFA. O programa atestar\u00e1 a diversidade e abund\u00e2ncia de mulheres e homens talentosos, cineastas, retratando com linguagens cinematogr\u00e1ficas distintas, em liberdade ou com censura, em filmes de propaganda e proibidos, pessoas a viver num pa\u00eds ferido num territ\u00f3rio ferido. Estes document\u00e1rios, complementados com algumas fic\u00e7\u00f5es, precisavam de ser redescobertos e reavaliados a partir de uma perspectiva actual.<\/p>\n","protected":false},"excerpt":{"rendered":"<p>Por ocasi\u00e3o do trig\u00e9simo anivers\u00e1rio da queda do Muro de Berlim, esta retrospectiva apresentar\u00e1 filmes produzidos entre 1946 e 1991, sobretudo pelo est\u00fadio estatal de cinema da Alemanha de Leste, a DEFA. O programa atestar\u00e1 a diversidade e abund\u00e2ncia de mulheres e homens talentosos, cineastas, retratando com linguagens cinematogr\u00e1ficas distintas, em liberdade ou com censura, <a href=\"https:\/\/www.doclisboa.org\/2019\/edicao-actual\/seccoes\/ascensao-e-queda-do-muro-o-cinema-da-alemanha-de-leste\/\" class=\"more-link\">&#8230;<\/a><\/p>\n","protected":false},"author":1,"featured_media":400802,"parent":122,"menu_order":7,"comment_status":"closed","ping_status":"closed","template":"page-seccao-sessoes.php","meta":{"_exactmetrics_skip_tracking":false,"_exactmetrics_sitenote_active":false,"_exactmetrics_sitenote_note":"","_exactmetrics_sitenote_category":0,"footnotes":""},"_links":{"self":[{"href":"https:\/\/www.doclisboa.org\/2019\/wp-json\/wp\/v2\/pages\/5887"}],"collection":[{"href":"https:\/\/www.doclisboa.org\/2019\/wp-json\/wp\/v2\/pages"}],"about":[{"href":"https:\/\/www.doclisboa.org\/2019\/wp-json\/wp\/v2\/types\/page"}],"author":[{"embeddable":true,"href":"https:\/\/www.doclisboa.org\/2019\/wp-json\/wp\/v2\/users\/1"}],"replies":[{"embeddable":true,"href":"https:\/\/www.doclisboa.org\/2019\/wp-json\/wp\/v2\/comments?post=5887"}],"version-history":[{"count":0,"href":"https:\/\/www.doclisboa.org\/2019\/wp-json\/wp\/v2\/pages\/5887\/revisions"}],"up":[{"embeddable":true,"href":"https:\/\/www.doclisboa.org\/2019\/wp-json\/wp\/v2\/pages\/122"}],"wp:featuredmedia":[{"embeddable":true,"href":"https:\/\/www.doclisboa.org\/2019\/wp-json\/wp\/v2\/media\/400802"}],"wp:attachment":[{"href":"https:\/\/www.doclisboa.org\/2019\/wp-json\/wp\/v2\/media?parent=5887"}],"curies":[{"name":"wp","href":"https:\/\/api.w.org\/{rel}","templated":true}]}}