{"id":5881,"date":"2019-09-19T17:35:59","date_gmt":"2019-09-19T17:35:59","guid":{"rendered":"https:\/\/www.doclisboa.org\/2019\/?page_id=5881"},"modified":"2019-09-30T22:13:30","modified_gmt":"2019-09-30T22:13:30","slug":"retrospectiva-jocelyne-saab","status":"publish","type":"page","link":"https:\/\/www.doclisboa.org\/2019\/edicao-actual\/seccoes\/retrospectiva-jocelyne-saab\/","title":{"rendered":"Retrospectiva Jocelyne Saab"},"content":{"rendered":"<p>A figura de Jocelyne Saab e o seu cinema s\u00e3o inclassific\u00e1veis. Come\u00e7a a sua carreira como jornalista e rep\u00f3rter de guerra e, em 1975, realiza a sua primeira longa-metragem documental: <em>Lebanon in a Whirlwind<\/em>. O L\u00edbano, onde Jocelyne Saab nasce, em Beirute, em 1948, \u00e9 o centro a partir do qual se desencadeia um mapa cinematogr\u00e1fico composto por um conjunto de cerca de trinta document\u00e1rios, \u201cfilmes de fic\u00e7\u00e3o\u201d, sempre surpreendentes, retratos e fotografias, instala\u00e7\u00f5es e exposi\u00e7\u00f5es. Um mapa cinematogr\u00e1fico que se torna geogr\u00e1fico, orientado para o Mediterr\u00e2neo, mas tamb\u00e9m para Leste, para o M\u00e9dio Oriente, at\u00e9 chegar ao Extremo Oriente, n\u00e3o deixando esquecer a localiza\u00e7\u00e3o asi\u00e1tica daquele L\u00edbano cosmopolita e aberto que a guerra civil tentou fechar, num multiplicar de muros.<\/p>\n","protected":false},"excerpt":{"rendered":"<p>A figura de Jocelyne Saab e o seu cinema s\u00e3o inclassific\u00e1veis. Come\u00e7a a sua carreira como jornalista e rep\u00f3rter de guerra e, em 1975, realiza a sua primeira longa-metragem documental: Lebanon in a Whirlwind. O L\u00edbano, onde Jocelyne Saab nasce, em Beirute, em 1948, \u00e9 o centro a partir do qual se desencadeia um mapa <a href=\"https:\/\/www.doclisboa.org\/2019\/edicao-actual\/seccoes\/retrospectiva-jocelyne-saab\/\" class=\"more-link\">&#8230;<\/a><\/p>\n","protected":false},"author":1,"featured_media":400759,"parent":122,"menu_order":6,"comment_status":"closed","ping_status":"closed","template":"page-seccao-sessoes.php","meta":{"_exactmetrics_skip_tracking":false,"_exactmetrics_sitenote_active":false,"_exactmetrics_sitenote_note":"","_exactmetrics_sitenote_category":0,"footnotes":""},"_links":{"self":[{"href":"https:\/\/www.doclisboa.org\/2019\/wp-json\/wp\/v2\/pages\/5881"}],"collection":[{"href":"https:\/\/www.doclisboa.org\/2019\/wp-json\/wp\/v2\/pages"}],"about":[{"href":"https:\/\/www.doclisboa.org\/2019\/wp-json\/wp\/v2\/types\/page"}],"author":[{"embeddable":true,"href":"https:\/\/www.doclisboa.org\/2019\/wp-json\/wp\/v2\/users\/1"}],"replies":[{"embeddable":true,"href":"https:\/\/www.doclisboa.org\/2019\/wp-json\/wp\/v2\/comments?post=5881"}],"version-history":[{"count":0,"href":"https:\/\/www.doclisboa.org\/2019\/wp-json\/wp\/v2\/pages\/5881\/revisions"}],"up":[{"embeddable":true,"href":"https:\/\/www.doclisboa.org\/2019\/wp-json\/wp\/v2\/pages\/122"}],"wp:featuredmedia":[{"embeddable":true,"href":"https:\/\/www.doclisboa.org\/2019\/wp-json\/wp\/v2\/media\/400759"}],"wp:attachment":[{"href":"https:\/\/www.doclisboa.org\/2019\/wp-json\/wp\/v2\/media?parent=5881"}],"curies":[{"name":"wp","href":"https:\/\/api.w.org\/{rel}","templated":true}]}}