{"id":50357,"date":"2019-09-24T22:27:26","date_gmt":"2019-09-24T22:27:26","guid":{"rendered":"https:\/\/www.doclisboa.org\/2019\/?page_id=50357"},"modified":"2019-10-02T16:22:05","modified_gmt":"2019-10-02T16:22:05","slug":"politicas-do-corpo-e-territorio-mental","status":"publish","type":"page","link":"https:\/\/www.doclisboa.org\/2019\/edicao-actual\/seccoes\/riscos\/politicas-do-corpo-e-territorio-mental\/","title":{"rendered":"Pol\u00edticas Do Corpo e Territ\u00f3rio Mental"},"content":{"rendered":"<p>No quadro dos avan\u00e7os tecnol\u00f3gicos e industriais actuais, como \u00e9 que os nossos corpos, com as suas mem\u00f3rias geogr\u00e1ficas e hist\u00f3ricas, resistem \u00e0s conjunturas pol\u00edticas produzidas por v\u00e1rios regimes de poder? No cen\u00e1rio tecno-pol\u00edtico de hoje, ser\u00e1 poss\u00edvel remeter para a psique e a mem\u00f3ria do corpo como a estudaram pessoas como Freud ou Lacan? Onde se encontram exactamente os limites da psique nos dom\u00ednios da viv\u00eancia da m\u00e1quina? Estas onze obras analisam o corpo pol\u00edtico do ser contempor\u00e2neo em rela\u00e7\u00e3o a limita\u00e7\u00f5es geogr\u00e1ficas e de g\u00e9nero, tendo em vista os impactos da tecnologia no pr\u00f3prio corpo pol\u00edtico.<\/p>\n<p><strong>Programado por: Mania Akbari<\/strong><\/p>\n","protected":false},"excerpt":{"rendered":"<p>No quadro dos avan\u00e7os tecnol\u00f3gicos e industriais actuais, como \u00e9 que os nossos corpos, com as suas mem\u00f3rias geogr\u00e1ficas e hist\u00f3ricas, resistem \u00e0s conjunturas pol\u00edticas produzidas por v\u00e1rios regimes de poder? No cen\u00e1rio tecno-pol\u00edtico de hoje, ser\u00e1 poss\u00edvel remeter para a psique e a mem\u00f3ria do corpo como a estudaram pessoas como Freud ou Lacan? <a href=\"https:\/\/www.doclisboa.org\/2019\/edicao-actual\/seccoes\/riscos\/politicas-do-corpo-e-territorio-mental\/\" class=\"more-link\">&#8230;<\/a><\/p>\n","protected":false},"author":1,"featured_media":0,"parent":143,"menu_order":4,"comment_status":"closed","ping_status":"closed","template":"page-seccao-sessoes.php","meta":{"_exactmetrics_skip_tracking":false,"_exactmetrics_sitenote_active":false,"_exactmetrics_sitenote_note":"","_exactmetrics_sitenote_category":0,"footnotes":""},"_links":{"self":[{"href":"https:\/\/www.doclisboa.org\/2019\/wp-json\/wp\/v2\/pages\/50357"}],"collection":[{"href":"https:\/\/www.doclisboa.org\/2019\/wp-json\/wp\/v2\/pages"}],"about":[{"href":"https:\/\/www.doclisboa.org\/2019\/wp-json\/wp\/v2\/types\/page"}],"author":[{"embeddable":true,"href":"https:\/\/www.doclisboa.org\/2019\/wp-json\/wp\/v2\/users\/1"}],"replies":[{"embeddable":true,"href":"https:\/\/www.doclisboa.org\/2019\/wp-json\/wp\/v2\/comments?post=50357"}],"version-history":[{"count":0,"href":"https:\/\/www.doclisboa.org\/2019\/wp-json\/wp\/v2\/pages\/50357\/revisions"}],"up":[{"embeddable":true,"href":"https:\/\/www.doclisboa.org\/2019\/wp-json\/wp\/v2\/pages\/143"}],"wp:attachment":[{"href":"https:\/\/www.doclisboa.org\/2019\/wp-json\/wp\/v2\/media?parent=50357"}],"curies":[{"name":"wp","href":"https:\/\/api.w.org\/{rel}","templated":true}]}}