{"id":501035,"date":"2019-10-01T19:58:53","date_gmt":"2019-10-01T19:58:53","guid":{"rendered":"https:\/\/www.doclisboa.org\/2019\/?page_id=501035"},"modified":"2019-10-01T20:06:17","modified_gmt":"2019-10-01T20:06:17","slug":"lounge-e-videoteca","status":"publish","type":"page","link":"https:\/\/www.doclisboa.org\/2019\/nebulae\/lounge-e-videoteca\/","title":{"rendered":"Lounge e Videoteca"},"content":{"rendered":"<h3>VIDEOTECA<\/h3>\n<p>Situada em frente ao Grande Audit\u00f3rio, \u00e9 de acesso restrito a convidados e imprensa acreditados. Est\u00e3o dispon\u00edveis para visionamento todos os filmes programados nesta edi\u00e7\u00e3o do Festival produzidos em 2018 ou 2019 (salvo excep\u00e7\u00f5es), depois da sua estreia em sala.<\/p>\n<p>\u00c9 estritamente proibido o uso de qualquer c\u00e2mara de filmar ou outro meio de captura de imagens.<\/p>\n<p>18 a 26 OUT \/ das 11.00 \u00e0s 21.00<br \/>\n27 OUT \/ das 11.00 \u00e0s 18:00<\/p>\n<h3>LOUNGE NEBULAE<\/h3>\n<p>Situado no foyer do piso 1 da Culturgest, o Lounge Nebulae \u00e9 de acesso restrito a convidados e imprensa acreditados. Um espa\u00e7o de networking, reuni\u00f5es e momentos de encontro para convidados e profissionais.<\/p>\n<p>18 a 26 OUT \/ das 11.00 \u00e0s 20.00<br \/>\n27 OUT \/ das 11.00 \u00e0s 18:00<\/p>\n","protected":false},"excerpt":{"rendered":"<p>VIDEOTECA Situada em frente ao Grande Audit\u00f3rio, \u00e9 de acesso restrito a convidados e imprensa acreditados. Est\u00e3o dispon\u00edveis para visionamento todos os filmes programados nesta edi\u00e7\u00e3o do Festival produzidos em 2018 ou 2019 (salvo excep\u00e7\u00f5es), depois da sua estreia em sala. \u00c9 estritamente proibido o uso de qualquer c\u00e2mara de filmar ou outro meio de <a href=\"https:\/\/www.doclisboa.org\/2019\/nebulae\/lounge-e-videoteca\/\" class=\"more-link\">&#8230;<\/a><\/p>\n","protected":false},"author":1,"featured_media":0,"parent":5895,"menu_order":9,"comment_status":"closed","ping_status":"closed","template":"page-texto.php","meta":{"_exactmetrics_skip_tracking":false,"_exactmetrics_sitenote_active":false,"_exactmetrics_sitenote_note":"","_exactmetrics_sitenote_category":0,"footnotes":""},"_links":{"self":[{"href":"https:\/\/www.doclisboa.org\/2019\/wp-json\/wp\/v2\/pages\/501035"}],"collection":[{"href":"https:\/\/www.doclisboa.org\/2019\/wp-json\/wp\/v2\/pages"}],"about":[{"href":"https:\/\/www.doclisboa.org\/2019\/wp-json\/wp\/v2\/types\/page"}],"author":[{"embeddable":true,"href":"https:\/\/www.doclisboa.org\/2019\/wp-json\/wp\/v2\/users\/1"}],"replies":[{"embeddable":true,"href":"https:\/\/www.doclisboa.org\/2019\/wp-json\/wp\/v2\/comments?post=501035"}],"version-history":[{"count":0,"href":"https:\/\/www.doclisboa.org\/2019\/wp-json\/wp\/v2\/pages\/501035\/revisions"}],"up":[{"embeddable":true,"href":"https:\/\/www.doclisboa.org\/2019\/wp-json\/wp\/v2\/pages\/5895"}],"wp:attachment":[{"href":"https:\/\/www.doclisboa.org\/2019\/wp-json\/wp\/v2\/media?parent=501035"}],"curies":[{"name":"wp","href":"https:\/\/api.w.org\/{rel}","templated":true}]}}