{"id":37,"date":"2018-09-13T13:00:49","date_gmt":"2018-09-13T13:00:49","guid":{"rendered":"http:\/\/localhost\/doc1000\/?page_id=37"},"modified":"2019-03-29T12:35:02","modified_gmt":"2019-03-29T12:35:02","slug":"doc-alliance","status":"publish","type":"page","link":"https:\/\/www.doclisboa.org\/2019\/doclisboa\/doc-alliance\/","title":{"rendered":"Doc Alliance"},"content":{"rendered":"<p>O Doc Alliance \u00e9 uma rede internacional, iniciativa de sete festivais de cinema documental europeus, \u00e0 qual o Doclisboa se juntou em 2013, que tem como objectivo apoiar o cinema documental independente. O Doc Alliance realiza, anualmente, um conjunto de actividades que visa o desenvolvimento de formas alternativas de exibi\u00e7\u00e3o e distribui\u00e7\u00e3o de cinema documental e de diferentes formas de colabora\u00e7\u00e3o entre estrututras. Para al\u00e9m do Doclisboa, fazem parte do Doc Alliance os festivais <strong>CPH:DOX Copenhagen<\/strong> (Dinamarca), o <strong>DOK Lepizig<\/strong> (Alemanha), o <strong>FID Marseille<\/strong> (Fran\u00e7a), o <strong>Jihlava International Documentary Film Festival<\/strong> (Rep\u00fablica Checa), o <strong>Docs Agains Gravity<\/strong> (Pol\u00f3nia) e o <strong>Visions du R\u00e9el<\/strong> (Su\u00ed\u00e7a).<\/p>\n<p>Enquando membro do Doc Alliance, o Doclisboa participa activamente nas suas 2 principais actividades: o Pr\u00e9mio Doc Alliance e o portal de distribui\u00e7\u00e3o vod, <a href=\"http:\/\/www.dafilms.com\">www.dafilms.com<\/a>.<\/p>\n<p><strong>Pr\u00e9mio Doc Alliance<\/strong><br \/>\nSete filmes, nomeados pelos festivais-membros, concorrem anualmente ao pr\u00e9mio Doc Alliance, atribu\u00eddo por um J\u00fari de 7 membros, cada um igualmente nomeado pelos festivais-membros. O pr\u00e9mio \u00e9 atribu\u00eddo em Maio, durante o March\u00e9 du Film, no festival de cinema de Cannes. Desde a entrada do Doclisboa neste projecto, foram j\u00e1 vencedores dois filmes portugueses: <a href=\"http:\/\/www.doclisboa.org\/2012\/pt\/edicao\/programadetalhe\/2517\/\" target=\"_blank\" rel=\"noopener\"><strong>Cativeiro<\/strong><\/a>, de Andr\u00e9 Gil Mata (Pr\u00e9mio Doc Alliance 2013) e <a href=\"https:\/\/www.doclisboa.org\/2014\/filmes\/a-campanha-do-creoula\/\" target=\"_blank\" rel=\"noopener\"><strong>A Campanha do Creoula<\/strong><\/a>, de Andr\u00e9 Valentim Almeida (Pr\u00e9mio Doc Alliance 2014). Cada festival apresenta, posteriormente, uma selec\u00e7\u00e3o destes sete filmes numa sec\u00e7\u00e3o pr\u00f3pria, com o objecto de contribuir para a sua circula\u00e7\u00e3o.<br \/>\nConhe\u00e7a <a href=\"https:\/\/www.doclisboa.org\/2019\/odyssey-e-o-filme-nomeado-pelo-doclisboa-ao-premio-doc-alliance-2\/\" target=\"_blank\" rel=\"noopener\">aqui<\/a>\u00a0os nomeados ao Pr\u00e9mio\u00a0Doc Alliance de 2019.<\/p>\n<p><strong><a href=\"http:\/\/www.dafilms.com\">www.dafilms.com<\/a><\/strong><br \/>\nPortal de distribui\u00e7\u00e3o online de document\u00e1rio em VoD, para o qual os membros contribuem com um leque de filmes por ano, bem como com t\u00edtulos para a realiza\u00e7\u00e3o de programa\u00e7\u00f5es tem\u00e1ticas tempor\u00e1rias. O Doclisboa apresenta anualmente uma mostra de cinema portugu\u00eas em Outubro, tendo j\u00e1 realizado diversas programa\u00e7\u00f5es online no portal: uma retrospectiva integral da obra Catarina Mour\u00e3o, mostra de filmes de Jorge Silva Melo, programa de filmes sobre a Revolu\u00e7\u00e3o do 25 de Abril de 1974 aquando da celebra\u00e7\u00e3o dos seus 40 anos, entre outras.<\/p>\n<p>&nbsp;<\/p>\n<p>&nbsp;<\/p>\n<p><a href=\"http:\/\/dafilms.com\" target=\"_blank\" rel=\"noopener\"><img decoding=\"async\" loading=\"lazy\" class=\"aligncenter wp-image-5387\" src=\"https:\/\/www.doclisboa.org\/2019\/wp-content\/uploads\/\/dafilms_docalliance_lg_en_green-650x353.png\" alt=\"Dafilms_docalliance_lg_en_green\" width=\"400\" height=\"217\" \/><\/a><\/p>\n<p>&nbsp;<\/p>\n","protected":false},"excerpt":{"rendered":"<p>O Doc Alliance \u00e9 uma rede internacional, iniciativa de sete festivais de cinema documental europeus, \u00e0 qual o Doclisboa se juntou em 2013, que tem como objectivo apoiar o cinema documental independente. O Doc Alliance realiza, anualmente, um conjunto de actividades que visa o desenvolvimento de formas alternativas de exibi\u00e7\u00e3o e distribui\u00e7\u00e3o de cinema documental <a href=\"https:\/\/www.doclisboa.org\/2019\/doclisboa\/doc-alliance\/\" class=\"more-link\">&#8230;<\/a><\/p>\n","protected":false},"author":1,"featured_media":0,"parent":26,"menu_order":4,"comment_status":"closed","ping_status":"closed","template":"page-texto.php","meta":{"_exactmetrics_skip_tracking":false,"_exactmetrics_sitenote_active":false,"_exactmetrics_sitenote_note":"","_exactmetrics_sitenote_category":0,"footnotes":""},"_links":{"self":[{"href":"https:\/\/www.doclisboa.org\/2019\/wp-json\/wp\/v2\/pages\/37"}],"collection":[{"href":"https:\/\/www.doclisboa.org\/2019\/wp-json\/wp\/v2\/pages"}],"about":[{"href":"https:\/\/www.doclisboa.org\/2019\/wp-json\/wp\/v2\/types\/page"}],"author":[{"embeddable":true,"href":"https:\/\/www.doclisboa.org\/2019\/wp-json\/wp\/v2\/users\/1"}],"replies":[{"embeddable":true,"href":"https:\/\/www.doclisboa.org\/2019\/wp-json\/wp\/v2\/comments?post=37"}],"version-history":[{"count":0,"href":"https:\/\/www.doclisboa.org\/2019\/wp-json\/wp\/v2\/pages\/37\/revisions"}],"up":[{"embeddable":true,"href":"https:\/\/www.doclisboa.org\/2019\/wp-json\/wp\/v2\/pages\/26"}],"wp:attachment":[{"href":"https:\/\/www.doclisboa.org\/2019\/wp-json\/wp\/v2\/media?parent=37"}],"curies":[{"name":"wp","href":"https:\/\/api.w.org\/{rel}","templated":true}]}}