{"id":35,"date":"2018-09-13T13:00:37","date_gmt":"2018-09-13T13:00:37","guid":{"rendered":"http:\/\/localhost\/doc1000\/?page_id=35"},"modified":"2019-10-08T10:15:31","modified_gmt":"2019-10-08T10:15:31","slug":"equipa","status":"publish","type":"page","link":"https:\/\/www.doclisboa.org\/2019\/doclisboa\/equipa\/","title":{"rendered":"Equipa"},"content":{"rendered":"<p><strong>Organiza\u00e7\u00e3o<\/strong><br \/>\nApordoc \u2013 Associa\u00e7\u00e3o pelo Document\u00e1rio<\/p>\n<p><strong>Co-Produ\u00e7\u00e3o<\/strong><br \/>\nCinema S\u00e3o Jorge<br \/>\nCulturgest<br \/>\nCinemateca Portuguesa<\/p>\n<p><strong>Direc\u00e7\u00e3o<\/strong><br \/>\nC\u00edntia Gil<\/p>\n<p><strong>Direc\u00e7\u00e3o Executiva<\/strong><br \/>\n<a href=\"mailto:joana.gusmao@apordoc.org\" target=\"_blank\" rel=\"noopener noreferrer\">Joana Gusm\u00e3o<\/a><\/p>\n<p><strong>Programadora Associada<\/strong><br \/>\nAgn\u00e8s Wildenstein<\/p>\n<p><strong>Coordena\u00e7\u00e3o de Programa\u00e7\u00e3o<\/strong><br \/>\nMiguel Ribeiro<br \/>\n<a href=\"mailto:programme@apordoc.org\" target=\"_blank\" rel=\"noopener noreferrer\">Joana Sousa<\/a><br \/>\nMariana Santana (Assist\u00eancia)<\/p>\n<p><strong>Curadoria Retrospectiva Jocelyne Saab<\/strong><br \/>\nDavide Oberto<\/p>\n<p><strong>Curadoria Retrospectiva Ascens\u00e3o e Queda do Muro \u2013 O Cinema da Alemanha de Leste<\/strong><br \/>\nAgn\u00e8s Wildenstein<\/p>\n<p><strong>Assist\u00eancia de Direc\u00e7\u00e3o<\/strong><br \/>\nLuca D\u2019Introno<\/p>\n<p><strong>Programa\u00e7\u00e3o<\/strong><br \/>\nAgn\u00e8s Wildenstein<br \/>\nAna Pereira<br \/>\nAndr\u00e9 Gil Mata<br \/>\nC\u00edntia Gil<br \/>\nDavide Oberto<br \/>\nJoana Gusm\u00e3o<br \/>\nJoana Sousa<br \/>\nJustin Jaeckle<br \/>\nMiguel Ribeiro<br \/>\nTom\u00e1s Baltazar<\/p>\n<p><strong>Curadoria Programa Realizadora Convidada Sofia Bohdanowicz<\/strong><br \/>\nAdam Cook<\/p>\n<p><strong>Arch\u00e9<\/strong><br \/>\nAndr\u00e9s Duque, Karen Akerman, Miquel Mart\u00ed Freixas, Virginia Garc\u00eda del Pino (Tutoria)<br \/>\nAna Pereira (Coordena\u00e7\u00e3o e Produ\u00e7\u00e3o)<br \/>\nAdri\u00e1n Gonz\u00e1lez (Assist\u00eancia)<\/p>\n<p><strong>Comunica\u00e7\u00e3o e Imprensa<\/strong><br \/>\nTeresa Vieira (Coordena\u00e7\u00e3o)<br \/>\nCatarina Cal\u00e7as (Assist\u00eancia)<br \/>\nCentral de Informa\u00e7\u00e3o (Assessoria de Imprensa)<\/p>\n<p><strong>Consultoria Imprensa Internacional<\/strong><br \/>\nGloria Zerbinati<\/p>\n<p><strong>Coordena\u00e7\u00e3o Actividades Paralelas<\/strong><br \/>\nJoana Sousa<\/p>\n<p><strong>Coordena\u00e7\u00e3o Doc Alliance e Extens\u00f5es<\/strong><br \/>\nAna Pereira<\/p>\n<p><strong>Coordena\u00e7\u00e3o Nebulae<\/strong><br \/>\nGlenda Balucani<\/p>\n<p><strong>Produ\u00e7\u00e3o<\/strong><br \/>\nBenedita Blattmann<br \/>\nMaria Jo\u00e3o Malheiro (Assist\u00eancia)<\/p>\n<p><strong>Direc\u00e7\u00e3o T\u00e9cnica<\/strong><br \/>\nC\u00e9sar Pedro<br \/>\nLucas de Lima (Assist\u00eancia)<\/p>\n<p><strong>Gest\u00e3o de C\u00f3pias<\/strong><br \/>\nLaura Lomanto<br \/>\nBeatriz Aur\u00e9lio (Assist\u00eancia)<\/p>\n<p><strong>Hospitalidade<\/strong><br \/>\n<a href=\"mailto:guestoffice@doclisboa.org\" target=\"_blank\" rel=\"noopener noreferrer\">Hannya Melo<\/a><br \/>\nJ\u00falia Pedro (Assist\u00eancia)<\/p>\n<p><strong>Projecto Educativo<\/strong><br \/>\n<a href=\"mailto:projecto.educativo@doclisboa.org\" target=\"_blank\" rel=\"noopener noreferrer\">Sara Marques<\/a> (Coordena\u00e7\u00e3o)<br \/>\nCl\u00e1udia Alves, Tom\u00e1s Baltazar (Docs 4 Kids)<br \/>\nMafalda Deylhot (Assist\u00eancia)<\/p>\n<p><strong>Projeccionistas<\/strong><br \/>\nCarlos Manuel Fernandes<br \/>\nFranco Bosco<\/p>\n<p><strong>Publica\u00e7\u00f5es<\/strong><br \/>\nNuno Ventura Barbosa (Coordena\u00e7\u00e3o e Edi\u00e7\u00e3o)<\/p>\n<p><strong>Tradu\u00e7\u00f5es<\/strong><br \/>\nNuno Ventura Barbosa<\/p>\n<p><strong>Design Gr\u00e1fico<\/strong><br \/>\nPedro Nora<\/p>\n<p><strong>Designer Assistente<\/strong><br \/>\nClaudia Lancaster<\/p>\n<p><strong>Website<\/strong><br \/>\nSara Orsi<\/p>\n<p><strong>Assist\u00eancia Inform\u00e1tica<\/strong><br \/>\nNelson Lopes \u2013 naoarranca.com<\/p>\n<p><strong>Cobertura Audiovisual<\/strong><br \/>\nEscola de Tecnologias Inova\u00e7\u00e3o e Criatividade \u2013 ETIC<br \/>\nEscola Art\u00edstica Ant\u00f3nio Arroio<\/p>\n<p><strong>Spot V\u00eddeo<\/strong><br \/>\nEquipa Doclisboa<br \/>\nPaulo Menezes (direc\u00e7\u00e3o de fotografia)<br \/>\nAround Meridian (apoio)<\/p>\n<p><strong>Fotografia<\/strong><br \/>\nAl\u00edpio Padilha<br \/>\nGon\u00e7alo Castelo Soares<\/p>\n<p><strong>Tradu\u00e7\u00e3o e Legendagem<\/strong><br \/>\nAlexandre Baptista<br \/>\nBerta Ehrlich<br \/>\nCl\u00e1udia Pinto<br \/>\nGuilherme Monteiro<br \/>\nJos\u00e9 Manuel Dias<br \/>\nLeonel Duarte<br \/>\nMadalena Rebelo<br \/>\nPatr\u00edcia Azevedo Silva<br \/>\nPatr\u00edcia Pimentel<br \/>\nPaulo Fonseca<br \/>\nRudolfo Martins<br \/>\nRui Quaresma<br \/>\nRui Teixeira<\/p>\n<p><strong>Localiza\u00e7\u00e3o<\/strong><br \/>\nAlexandre Baptista<br \/>\nCl\u00e1udia Pinto<br \/>\nEduardo da Motta<br \/>\nGuilherme Monteiro<br \/>\nMarta Lisboa<br \/>\nPatr\u00edcia Pimentel<br \/>\nRudolfo Martins<br \/>\nRui Teixeira<\/p>\n<p><strong>Gest\u00e3o de Bilheteiras<\/strong><br \/>\nBruno Sousa<\/p>\n<p><strong>Convites<\/strong><br \/>\nEmanuela Chineli<\/p>\n<p><strong>Respons\u00e1veis de Sala<\/strong><br \/>\nRodrigo Melo (Cinema S\u00e3o Jorge)<br \/>\nM\u00e1rio Ponte (Culturgest)<\/p>\n<p><strong>Coordena\u00e7\u00e3o de Volunt\u00e1rios<\/strong><br \/>\nCarolina Rainho<\/p>\n<p><strong>Motoristas<\/strong><br \/>\nAfonso Martins (Coordena\u00e7\u00e3o)<br \/>\nMiguel Garcia<br \/>\nRaquel Rolim Batista<\/p>\n<p><strong>Tesouraria e Contabilidade<\/strong><br \/>\nAna Flores \u2013 Enumerarte<\/p>\n","protected":false},"excerpt":{"rendered":"<p>Organiza\u00e7\u00e3o Apordoc \u2013 Associa\u00e7\u00e3o pelo Document\u00e1rio Co-Produ\u00e7\u00e3o Cinema S\u00e3o Jorge Culturgest Cinemateca Portuguesa Direc\u00e7\u00e3o C\u00edntia Gil Direc\u00e7\u00e3o Executiva Joana Gusm\u00e3o Programadora Associada Agn\u00e8s Wildenstein Coordena\u00e7\u00e3o de Programa\u00e7\u00e3o Miguel Ribeiro Joana Sousa Mariana Santana (Assist\u00eancia) Curadoria Retrospectiva Jocelyne Saab Davide Oberto Curadoria Retrospectiva Ascens\u00e3o e Queda do Muro \u2013 O Cinema da Alemanha de Leste Agn\u00e8s <a href=\"https:\/\/www.doclisboa.org\/2019\/doclisboa\/equipa\/\" class=\"more-link\">&#8230;<\/a><\/p>\n","protected":false},"author":1,"featured_media":0,"parent":26,"menu_order":3,"comment_status":"closed","ping_status":"closed","template":"page-texto.php","meta":{"_exactmetrics_skip_tracking":false,"_exactmetrics_sitenote_active":false,"_exactmetrics_sitenote_note":"","_exactmetrics_sitenote_category":0,"footnotes":""},"_links":{"self":[{"href":"https:\/\/www.doclisboa.org\/2019\/wp-json\/wp\/v2\/pages\/35"}],"collection":[{"href":"https:\/\/www.doclisboa.org\/2019\/wp-json\/wp\/v2\/pages"}],"about":[{"href":"https:\/\/www.doclisboa.org\/2019\/wp-json\/wp\/v2\/types\/page"}],"author":[{"embeddable":true,"href":"https:\/\/www.doclisboa.org\/2019\/wp-json\/wp\/v2\/users\/1"}],"replies":[{"embeddable":true,"href":"https:\/\/www.doclisboa.org\/2019\/wp-json\/wp\/v2\/comments?post=35"}],"version-history":[{"count":0,"href":"https:\/\/www.doclisboa.org\/2019\/wp-json\/wp\/v2\/pages\/35\/revisions"}],"up":[{"embeddable":true,"href":"https:\/\/www.doclisboa.org\/2019\/wp-json\/wp\/v2\/pages\/26"}],"wp:attachment":[{"href":"https:\/\/www.doclisboa.org\/2019\/wp-json\/wp\/v2\/media?parent=35"}],"curies":[{"name":"wp","href":"https:\/\/api.w.org\/{rel}","templated":true}]}}