{"id":33,"date":"2018-09-13T13:00:19","date_gmt":"2018-09-13T13:00:19","guid":{"rendered":"http:\/\/localhost\/doc1000\/?page_id=33"},"modified":"2019-01-14T15:41:41","modified_gmt":"2019-01-14T15:41:41","slug":"faqs","status":"publish","type":"page","link":"https:\/\/www.doclisboa.org\/2019\/doclisboa\/faqs\/","title":{"rendered":"FAQ&#8217;s"},"content":{"rendered":"<h3>Informa\u00e7\u00e3o Geral<\/h3>\n<p><strong>Quando ter\u00e1 lugar o festival?<\/strong><br \/>\nA 17\u00aa edi\u00e7\u00e3o do Doclisboa \u2013 Festival Internacional de Cinema acontecer\u00e1 entre Quinta-feira, 17 e Domingo, 27 de Outubro de 2019.<\/p>\n<p><strong>Em que data ser\u00e1 anunciado o programa da edi\u00e7\u00e3o de 2019?<\/strong><br \/>\nO programa ser\u00e1 divulgado em Setembro de 2019 na nossa p\u00e1gina. Tenha aten\u00e7\u00e3o \u00e0s not\u00edcias publicadas na p\u00e1gina, no Facebook e Twitter do Doclisboa para novidades.<\/p>\n<p><strong>Sou um realizador. Como posso inscrever o meu filme?<\/strong><br \/>\nSe quer inscrever o seu filme, encontra toda a informa\u00e7\u00e3o necess\u00e1ria na p\u00e1gina das <a href=\"https:\/\/www.filmfestivallife.com\/Doclisboa-International-Film-Festival\" rel=\"noopener\" target=\"_blank\">Inscri\u00e7\u00f5es<\/a>.<\/p>\n<h3>Bilhetes<\/h3>\n<p><strong>Quando come\u00e7a a venda de bilhetes?<\/strong><br \/>\nOs bilhetes est\u00e3o dispon\u00edveis para venda a partir de Outubro na bilheteira central (Culturgest) e na Ticketline.<\/p>\n<h3>Programa<\/h3>\n<p><strong>Os filmes s\u00e3o legendados? Em que l\u00edngua?<\/strong><br \/>\nSalvo raras excep\u00e7\u00f5es, todos os filmes no Doclisboa s\u00e3o legendados tanto em Ingl\u00eas e em Portugu\u00eas quando nenhuma destas l\u00ednguas \u00e9 falada. Caso o filme seja em Ingl\u00eas ou em Portugu\u00eas, ser\u00e1 legendado somente na outra l\u00edngua.<\/p>\n<p><strong>Onde posso encontrar informa\u00e7\u00e3o sobre os filmes?<\/strong><br \/>\nO programa est\u00e1 dispon\u00edvel online a partir de Setembro com toda a informa\u00e7\u00e3o relativamente a sinopse, cr\u00e9ditos e outros detalhes. Poder\u00e1 consultar as datas, horas e locais das sess\u00f5es no nosso Programa na p\u00e1gina, como nos Programas impressos dispon\u00edveis em v\u00e1rios locais por toda a Lisboa.<\/p>\n<p><strong>Sou um realizador. Como posso inscrever o meu filme?<\/strong><br \/>\nSe quer inscrever o seu filme, encontra toda a informa\u00e7\u00e3o necess\u00e1ria na p\u00e1gina das <a href=\"https:\/\/www.filmfestivallife.com\/Doclisboa-International-Film-Festival\" rel=\"noopener\" target=\"_blank\">Inscri\u00e7\u00f5es<\/a>.<\/p>\n<p><strong>O meu filme n\u00e3o est\u00e1 acabado, posso inscrev\u00ea-lo?<\/strong><br \/>\nSim, pode. Quando inscrever, por favor escreva-nos ou deixe uma nota no FilmFestivalLife onde indique que o filme ainda ser\u00e1 trabalhado. Tenha em conta que o filme ter\u00e1 de estar terminado para exibi\u00e7\u00e3o caso seja selecionado. Para mais informa\u00e7\u00f5es, consulte a nossa p\u00e1gina <a href=\"https:\/\/www.filmfestivallife.com\/Doclisboa-International-Film-Festival\" rel=\"noopener\" target=\"_blank\">Inscri\u00e7\u00f5es<\/a>.<\/p>\n","protected":false},"excerpt":{"rendered":"<p>Informa\u00e7\u00e3o Geral Quando ter\u00e1 lugar o festival? A 17\u00aa edi\u00e7\u00e3o do Doclisboa \u2013 Festival Internacional de Cinema acontecer\u00e1 entre Quinta-feira, 17 e Domingo, 27 de Outubro de 2019. Em que data ser\u00e1 anunciado o programa da edi\u00e7\u00e3o de 2019? O programa ser\u00e1 divulgado em Setembro de 2019 na nossa p\u00e1gina. Tenha aten\u00e7\u00e3o \u00e0s not\u00edcias publicadas <a href=\"https:\/\/www.doclisboa.org\/2019\/doclisboa\/faqs\/\" class=\"more-link\">&#8230;<\/a><\/p>\n","protected":false},"author":1,"featured_media":0,"parent":26,"menu_order":2,"comment_status":"closed","ping_status":"closed","template":"page-texto.php","meta":{"_exactmetrics_skip_tracking":false,"_exactmetrics_sitenote_active":false,"_exactmetrics_sitenote_note":"","_exactmetrics_sitenote_category":0,"footnotes":""},"_links":{"self":[{"href":"https:\/\/www.doclisboa.org\/2019\/wp-json\/wp\/v2\/pages\/33"}],"collection":[{"href":"https:\/\/www.doclisboa.org\/2019\/wp-json\/wp\/v2\/pages"}],"about":[{"href":"https:\/\/www.doclisboa.org\/2019\/wp-json\/wp\/v2\/types\/page"}],"author":[{"embeddable":true,"href":"https:\/\/www.doclisboa.org\/2019\/wp-json\/wp\/v2\/users\/1"}],"replies":[{"embeddable":true,"href":"https:\/\/www.doclisboa.org\/2019\/wp-json\/wp\/v2\/comments?post=33"}],"version-history":[{"count":0,"href":"https:\/\/www.doclisboa.org\/2019\/wp-json\/wp\/v2\/pages\/33\/revisions"}],"up":[{"embeddable":true,"href":"https:\/\/www.doclisboa.org\/2019\/wp-json\/wp\/v2\/pages\/26"}],"wp:attachment":[{"href":"https:\/\/www.doclisboa.org\/2019\/wp-json\/wp\/v2\/media?parent=33"}],"curies":[{"name":"wp","href":"https:\/\/api.w.org\/{rel}","templated":true}]}}