{"id":323,"date":"2018-09-18T15:24:52","date_gmt":"2018-09-18T15:24:52","guid":{"rendered":"http:\/\/localhost\/doc1000\/?page_id=323"},"modified":"2019-10-01T23:38:16","modified_gmt":"2019-10-01T23:38:16","slug":"heart-beat","status":"publish","type":"page","link":"https:\/\/www.doclisboa.org\/2019\/edicao-actual\/seccoes\/heart-beat\/","title":{"rendered":"Heart Beat"},"content":{"rendered":"<p>Quem s\u00e3o os <em>rockers<\/em> Z\u00e9 Pedro e Daniel Darc? Por que \u00e9 o baixista dos Rolling Stones o arquivista do grupo? Qual a hist\u00f3ria do Cavern Club, onde os Beatles come\u00e7aram? Quem \u00e9 o projeccionista amigo de Abel Ferrara? O que escreveu a cr\u00edtica de cinema Pauline Kael? Que esp\u00e9cie de activismo feminista cinematogr\u00e1fico inventaram Carole Roussopoulos e Delphine Seyrig? Descobrir o retrato de Marie Losier do m\u00fasico Felix Kubin. Conhecer Lemebel, activista queer e artista visual. Recordar Lil Peep, pr\u00edncipe da cena <em>emo trap<\/em>. Como se tornou Milo\u0161 Forman um reconhecido realizador de Hollywood? Escutar o documentarista Eduardo Coutinho, a hist\u00f3ria de um dos instigadores da Bossa Nova, Dorival Caymmi, e as palavras da poetisa Sophia de Mello Breyner. Mexer o corpo com os core\u00f3grafos Anne Teresa De Keersmaeker e J\u00e9r\u00f4me Bel.<\/p>\n","protected":false},"excerpt":{"rendered":"<p>Quem s\u00e3o os rockers Z\u00e9 Pedro e Daniel Darc? Por que \u00e9 o baixista dos Rolling Stones o arquivista do grupo? Qual a hist\u00f3ria do Cavern Club, onde os Beatles come\u00e7aram? Quem \u00e9 o projeccionista amigo de Abel Ferrara? O que escreveu a cr\u00edtica de cinema Pauline Kael? Que esp\u00e9cie de activismo feminista cinematogr\u00e1fico inventaram <a href=\"https:\/\/www.doclisboa.org\/2019\/edicao-actual\/seccoes\/heart-beat\/\" class=\"more-link\">&#8230;<\/a><\/p>\n","protected":false},"author":1,"featured_media":502058,"parent":122,"menu_order":9,"comment_status":"closed","ping_status":"closed","template":"page-seccao-sessoes.php","meta":{"_exactmetrics_skip_tracking":false,"_exactmetrics_sitenote_active":false,"_exactmetrics_sitenote_note":"","_exactmetrics_sitenote_category":0,"footnotes":""},"_links":{"self":[{"href":"https:\/\/www.doclisboa.org\/2019\/wp-json\/wp\/v2\/pages\/323"}],"collection":[{"href":"https:\/\/www.doclisboa.org\/2019\/wp-json\/wp\/v2\/pages"}],"about":[{"href":"https:\/\/www.doclisboa.org\/2019\/wp-json\/wp\/v2\/types\/page"}],"author":[{"embeddable":true,"href":"https:\/\/www.doclisboa.org\/2019\/wp-json\/wp\/v2\/users\/1"}],"replies":[{"embeddable":true,"href":"https:\/\/www.doclisboa.org\/2019\/wp-json\/wp\/v2\/comments?post=323"}],"version-history":[{"count":0,"href":"https:\/\/www.doclisboa.org\/2019\/wp-json\/wp\/v2\/pages\/323\/revisions"}],"up":[{"embeddable":true,"href":"https:\/\/www.doclisboa.org\/2019\/wp-json\/wp\/v2\/pages\/122"}],"wp:featuredmedia":[{"embeddable":true,"href":"https:\/\/www.doclisboa.org\/2019\/wp-json\/wp\/v2\/media\/502058"}],"wp:attachment":[{"href":"https:\/\/www.doclisboa.org\/2019\/wp-json\/wp\/v2\/media?parent=323"}],"curies":[{"name":"wp","href":"https:\/\/api.w.org\/{rel}","templated":true}]}}