{"id":315,"date":"2018-09-18T15:22:18","date_gmt":"2018-09-18T15:22:18","guid":{"rendered":"http:\/\/localhost\/doc1000\/?page_id=315"},"modified":"2019-10-02T09:31:40","modified_gmt":"2019-10-02T09:31:40","slug":"doc-alliance","status":"publish","type":"page","link":"https:\/\/www.doclisboa.org\/2019\/edicao-actual\/seccoes\/doc-alliance\/","title":{"rendered":"Doc Alliance"},"content":{"rendered":"<p>Sec\u00e7\u00e3o transversal a todos os festivais membros do projecto Doc Alliance que apresenta um programa de filmes nomeados \u00e0 selec\u00e7\u00e3o Doc Alliance, incluindo o vencedor do pr\u00e9mio Doc Alliance atribuido por um j\u00fari de cr\u00edticos internacionais.<\/p>\n","protected":false},"excerpt":{"rendered":"<p>Sec\u00e7\u00e3o transversal a todos os festivais membros do projecto Doc Alliance que apresenta um programa de filmes nomeados \u00e0 selec\u00e7\u00e3o Doc Alliance, incluindo o vencedor do pr\u00e9mio Doc Alliance atribuido por um j\u00fari de cr\u00edticos internacionais.<\/p>\n","protected":false},"author":1,"featured_media":502082,"parent":122,"menu_order":13,"comment_status":"closed","ping_status":"closed","template":"page-seccao-sessoes.php","meta":{"_exactmetrics_skip_tracking":false,"_exactmetrics_sitenote_active":false,"_exactmetrics_sitenote_note":"","_exactmetrics_sitenote_category":0,"footnotes":""},"_links":{"self":[{"href":"https:\/\/www.doclisboa.org\/2019\/wp-json\/wp\/v2\/pages\/315"}],"collection":[{"href":"https:\/\/www.doclisboa.org\/2019\/wp-json\/wp\/v2\/pages"}],"about":[{"href":"https:\/\/www.doclisboa.org\/2019\/wp-json\/wp\/v2\/types\/page"}],"author":[{"embeddable":true,"href":"https:\/\/www.doclisboa.org\/2019\/wp-json\/wp\/v2\/users\/1"}],"replies":[{"embeddable":true,"href":"https:\/\/www.doclisboa.org\/2019\/wp-json\/wp\/v2\/comments?post=315"}],"version-history":[{"count":0,"href":"https:\/\/www.doclisboa.org\/2019\/wp-json\/wp\/v2\/pages\/315\/revisions"}],"up":[{"embeddable":true,"href":"https:\/\/www.doclisboa.org\/2019\/wp-json\/wp\/v2\/pages\/122"}],"wp:featuredmedia":[{"embeddable":true,"href":"https:\/\/www.doclisboa.org\/2019\/wp-json\/wp\/v2\/media\/502082"}],"wp:attachment":[{"href":"https:\/\/www.doclisboa.org\/2019\/wp-json\/wp\/v2\/media?parent=315"}],"curies":[{"name":"wp","href":"https:\/\/api.w.org\/{rel}","templated":true}]}}