{"id":311,"date":"2018-09-18T15:21:03","date_gmt":"2018-09-18T15:21:03","guid":{"rendered":"http:\/\/localhost\/doc1000\/?page_id=311"},"modified":"2019-10-01T23:51:22","modified_gmt":"2019-10-01T23:51:22","slug":"verdes-anos","status":"publish","type":"page","link":"https:\/\/www.doclisboa.org\/2019\/edicao-actual\/seccoes\/verdes-anos\/","title":{"rendered":"Verdes Anos"},"content":{"rendered":"<p>Este ano, a sec\u00e7\u00e3o Verdes Anos abre com <em>Thirty<\/em>, de Simona Kostova, uma produ\u00e7\u00e3o da Academia Alem\u00e3 de Cinema e Televis\u00e3o de Berlim (DFFB). Esta escola \u00e9 tamb\u00e9m a institui\u00e7\u00e3o convidada da sec\u00e7\u00e3o, onde ser\u00e3o exibidos filmes que tra\u00e7am um caminho pelos seus 50 anos de exist\u00eancia. Novidade nesta edi\u00e7\u00e3o, a parte competitiva dos Verdes Anos abre-se a produ\u00e7\u00f5es europeias, mostrando os olhares dos novos realizadores do continente.<\/p>\n","protected":false},"excerpt":{"rendered":"<p>Este ano, a sec\u00e7\u00e3o Verdes Anos abre com Thirty, de Simona Kostova, uma produ\u00e7\u00e3o da Academia Alem\u00e3 de Cinema e Televis\u00e3o de Berlim (DFFB). Esta escola \u00e9 tamb\u00e9m a institui\u00e7\u00e3o convidada da sec\u00e7\u00e3o, onde ser\u00e3o exibidos filmes que tra\u00e7am um caminho pelos seus 50 anos de exist\u00eancia. Novidade nesta edi\u00e7\u00e3o, a parte competitiva dos Verdes <a href=\"https:\/\/www.doclisboa.org\/2019\/edicao-actual\/seccoes\/verdes-anos\/\" class=\"more-link\">&#8230;<\/a><\/p>\n","protected":false},"author":1,"featured_media":502417,"parent":122,"menu_order":11,"comment_status":"closed","ping_status":"closed","template":"page-verdes-anos.php","meta":{"_exactmetrics_skip_tracking":false,"_exactmetrics_sitenote_active":false,"_exactmetrics_sitenote_note":"","_exactmetrics_sitenote_category":0,"footnotes":""},"_links":{"self":[{"href":"https:\/\/www.doclisboa.org\/2019\/wp-json\/wp\/v2\/pages\/311"}],"collection":[{"href":"https:\/\/www.doclisboa.org\/2019\/wp-json\/wp\/v2\/pages"}],"about":[{"href":"https:\/\/www.doclisboa.org\/2019\/wp-json\/wp\/v2\/types\/page"}],"author":[{"embeddable":true,"href":"https:\/\/www.doclisboa.org\/2019\/wp-json\/wp\/v2\/users\/1"}],"replies":[{"embeddable":true,"href":"https:\/\/www.doclisboa.org\/2019\/wp-json\/wp\/v2\/comments?post=311"}],"version-history":[{"count":0,"href":"https:\/\/www.doclisboa.org\/2019\/wp-json\/wp\/v2\/pages\/311\/revisions"}],"up":[{"embeddable":true,"href":"https:\/\/www.doclisboa.org\/2019\/wp-json\/wp\/v2\/pages\/122"}],"wp:featuredmedia":[{"embeddable":true,"href":"https:\/\/www.doclisboa.org\/2019\/wp-json\/wp\/v2\/media\/502417"}],"wp:attachment":[{"href":"https:\/\/www.doclisboa.org\/2019\/wp-json\/wp\/v2\/media?parent=311"}],"curies":[{"name":"wp","href":"https:\/\/api.w.org\/{rel}","templated":true}]}}