{"id":31,"date":"2018-09-13T13:00:06","date_gmt":"2018-09-13T13:00:06","guid":{"rendered":"http:\/\/localhost\/doc1000\/?page_id=31"},"modified":"2019-05-16T16:27:29","modified_gmt":"2019-05-16T16:27:29","slug":"regulamento","status":"publish","type":"page","link":"https:\/\/www.doclisboa.org\/2019\/doclisboa\/regulamento\/","title":{"rendered":"Regulamento"},"content":{"rendered":"<h3>1. Informa\u00e7\u00e3o Geral<\/h3>\n<p><strong>1.1<\/strong> O Doclisboa procura conceber a realidade atrav\u00e9s de novas formas cinematogr\u00e1ficas de percep\u00e7\u00e3o, reflex\u00e3o e ac\u00e7\u00e3o, colocando o cinema em di\u00e1logo com a sua hist\u00f3ria, de modo a questionar o seu momento actual.<br \/>\nO Doclisboa interessa-se por filmes exigentes quanto \u00e0s suas repercuss\u00f5es conceptuais e formais; filmes que testam as possibilidades art\u00edsticas e pol\u00edticas do cinema e recusam categoriza\u00e7\u00f5es; filmes que se relacionam com e espelham a complexidade do mundo.<br \/>\nO Doclisboa proporciona uma base para examinar o cinema e a contemporaneidade enquanto actos de conviv\u00eancia no e com o tempo.<\/p>\n<p><strong>1.2<\/strong> O Doclisboa\u201919 \u2013 17\u00ba Festival Internacional de Cinema \u2013 ter\u00e1 lugar de 17 a 27 de Outubro de 2019.<\/p>\n<p><strong>1.3<\/strong> Os convidados do Doclisboa n\u00e3o est\u00e3o cobertos pelo seguro do Festival.<\/p>\n<p><strong>1.4<\/strong> A inscri\u00e7\u00e3o de um filme no Doclisboa pressup\u00f5e o conhecimento e a aceita\u00e7\u00e3o do presente regulamento.<\/p>\n<p><strong>1.5<\/strong> Para informa\u00e7\u00f5es para participa\u00e7\u00e3o no Laborat\u00f3rio Arch\u00e9, dever-se-\u00e1 consultar o regulamento pr\u00f3prio, <a href=\"https:\/\/www.doclisboa.org\/2019\/arche-pt\/regulamento\/\" target=\"_blank\" rel=\"noopener\">aqui<\/a>.<\/p>\n<h3>2. Elegibilidade<\/h3>\n<p><strong>2.1<\/strong> O comit\u00e9 de selec\u00e7\u00e3o procura filmes com qualidade de escrita cinematogr\u00e1fica que manifestem, no seu todo, o ponto de vista do autor.<\/p>\n<p><strong>2.2<\/strong> S\u00f3 os filmes terminados ap\u00f3s 1 de Setembro de 2018 e nunca exibidos em Portugal s\u00e3o eleg\u00edveis para as sec\u00e7\u00f5es competitivas. D\u00e1-se prioridade a estreias Mundiais e Internacionais.<\/p>\n<p><strong>2.3<\/strong> Filme inscritos em edi\u00e7\u00f5es anteriores do festival e que n\u00e3o foram seleccionados e filmes que n\u00e3o cumpram o disposto no ponto 2.2, n\u00e3o ser\u00e3o considerados para a edi\u00e7\u00e3o de 2019.<\/p>\n<p><strong>2.4<\/strong> Podem concorrer filmes de qualquer dura\u00e7\u00e3o com os seguintes formatos de projec\u00e7\u00e3o: 35mm, 16mm, Beta SP Pal, Beta SP NTSC, Beta Digital Pal, Beta Digital NTSC, HDCAM, DVCAM, DCP.<\/p>\n<h3>3. Sec\u00e7\u00f5es Competitivas, J\u00faris e Pr\u00e9mios<\/h3>\n<h3>3.1 Sec\u00e7\u00f5es Competitivas<\/h3>\n<p>Competi\u00e7\u00e3o Internacional \u2013 aberta a filmes com qualquer dura\u00e7\u00e3o.<\/p>\n<p>Competi\u00e7\u00e3o Portuguesa \u2013 aberta a filmes com qualquer dura\u00e7\u00e3o, de produ\u00e7\u00e3o e\/ou realiza\u00e7\u00e3o portuguesa.<\/p>\n<p>Verdes Anos \u2013 aberta a filmes de produ\u00e7\u00e3o europeia de qualquer dura\u00e7\u00e3o. Dedicada especialmente a estudantes ou autores que se iniciem na realiza\u00e7\u00e3o cinematogr\u00e1fica. S\u00f3 poder\u00e3o ser submetidas obras com Estreia Mundial ou Internacional dispon\u00edvel.<\/p>\n<h3>3.2 J\u00faris<\/h3>\n<p>Os j\u00faris das competi\u00e7\u00f5es s\u00e3o constitu\u00eddos por personalidades do meio cultural e art\u00edstico de reconhecido m\u00e9rito nacional e internacional.<\/p>\n<h3>3.3 Pr\u00e9mios<\/h3>\n<p><strong>3.3.1<\/strong> Os pr\u00e9mios do Doclisboa s\u00e3o constitu\u00eddos por um trof\u00e9u e um valor monet\u00e1rio e\/ou servi\u00e7os t\u00e9cnicos. Os seguintes pr\u00e9mios s\u00e3o atribu\u00eddos ao(s) realizador(es) do filme:<\/p>\n<p><strong>Competi\u00e7\u00e3o Internacional<\/strong><br \/>\nPr\u00e9mio para Melhor Filme<br \/>\nPr\u00e9mio Especial do J\u00fari<\/p>\n<p><strong>Competi\u00e7\u00e3o Portuguesa<\/strong><br \/>\nPr\u00e9mio para Melhor Filme<br \/>\nPr\u00e9mio Especial do J\u00fari<br \/>\nPr\u00e9mio Escolas para Melhor Filme<\/p>\n<p><strong>Competi\u00e7\u00e3o Verdes Anos<\/strong><br \/>\nPr\u00e9mio para Melhor Filme<br \/>\nPr\u00e9mio Especial do J\u00fari<br \/>\nPr\u00e9mio de Melhor Realiza\u00e7\u00e3o<\/p>\n<p><strong>Pr\u00e9mios Transversais<\/strong><br \/>\nPr\u00e9mio para a melhor primeira longa-metragem (mais de 60\u2019) de uma selec\u00e7\u00e3o transversal a todas as sec\u00e7\u00f5es, excepto retrospectivas e Cinema de Urg\u00eancia<br \/>\nPr\u00e9mio para melhor curta-metragem (at\u00e9 40\u2032) de uma selec\u00e7\u00e3o transversal a todas as sec\u00e7\u00f5es, excepto retrospectivas e Cinema de Urg\u00eancia (o vencedor deste pr\u00e9mio ser\u00e1 automaticamente pr\u00e9-nomeado ao \u00d3scar\u00a9 de Melhor Document\u00e1rio de curta-metragem)<br \/>\nPr\u00e9mio do p\u00fablico para melhor filmes portugu\u00eas transversal a competi\u00e7\u00f5es, Riscos, Heart Beat e Da Terra \u00e0 Lua<\/p>\n<p><strong>3.3.2<\/strong> As decis\u00f5es dos j\u00faris s\u00e3o finais.<\/p>\n<p><strong>3.3.3<\/strong> O produtor de um filme premiado no Doclisboa dever\u00e1 comprometer-se a mencionar esse mesmo pr\u00e9mio em todos os materiais promocionais do filme e no gen\u00e9rico das c\u00f3pias tiradas posteriormente ao festival.<\/p>\n<h3>4. Inscri\u00e7\u00e3o<\/h3>\n<p>Independentemente da data de inscri\u00e7\u00e3o em qualquer categoria, os filmes poder\u00e3o ser enviados at\u00e9 dia 30 de Junho de 2019.<\/p>\n<h3>4.1 Prazos e custos de inscri\u00e7\u00e3o<\/h3>\n<p><strong>Filmes Internacionais<\/strong><br \/>\nData limite de inscri\u00e7\u00e3o: 31 de Maio de 2019.<br \/>\nCustos de inscri\u00e7\u00e3o:<\/p>\n<ul>\n<li>inscri\u00e7\u00f5es efetuadas e pagas at\u00e9 31 de Mar\u00e7o 2019 \u2013 10,00 euros (o filme pode ser enviado at\u00e9 30 de Junho de 20 19);<\/li>\n<li>inscri\u00e7\u00f5es efetuadas e pagas de 1 a 30 de Abril de 2019 \u2013 15,00 euros (o filme pode ser enviado at\u00e9 30 de Junho de 2019);<\/li>\n<li>inscri\u00e7\u00f5es efetuadas e pagas de 1 a 31 de Maio de 2019 \u2013 20,00 euros (o filme pode ser enviado at\u00e9 30 de Junho de 2019).<\/li>\n<\/ul>\n<p><strong>Filmes Portugueses \u2014 filmes de produ\u00e7\u00e3o e\/ou realiza\u00e7\u00e3o portuguesa<\/strong><br \/>\nData limite de inscri\u00e7\u00e3o: 31 de Maio de 2019.<br \/>\nCustos de inscri\u00e7\u00e3o:<\/p>\n<ul>\n<li>inscri\u00e7\u00f5es efetuadas e pagas at\u00e9 31 de Mar\u00e7o 2019 \u2013 Gratuito (o filme pode ser enviado at\u00e9 30 de Junho de 2019);<\/li>\n<li>inscri\u00e7\u00f5es efetuadas e pagas de 1 a 30 de Abril de 2019 \u2013 5,00 euros (o filme pode ser enviado at\u00e9 30 de Junho de 2019);<\/li>\n<li>inscri\u00e7\u00f5es efetuadas e pagas de 1 a 31 de Maio de 2019 \u2013 10,00 euros (o filme pode ser enviado at\u00e9 30 de Junho de 2019).<\/li>\n<\/ul>\n<p>Verdes Anos &#8211; filmes de produ\u00e7\u00e3o portuguesa<br \/>\nData limite de inscri\u00e7\u00e3o: 30 de Junho de 2019.<br \/>\nInscri\u00e7\u00e3o gratuita.<\/p>\n<p>Verdes Anos &#8211; filmes de produ\u00e7\u00e3o internacional<br \/>\nData limite de inscri\u00e7\u00e3o: 31 de Maio de 2019.<br \/>\nCustos de inscri\u00e7\u00e3o:<\/p>\n<ul>\n<li>inscri\u00e7\u00f5es efetuadas e pagas at\u00e9 31 de Mar\u00e7o 2019 \u2013 5,00 euros (o filme pode ser enviado at\u00e9 30 de Junho de 2019);<\/li>\n<li>inscri\u00e7\u00f5es efetuadas e pagas de 1 a 30 de Abril de 2019 \u2013 10,00 euros (o filme pode ser enviado at\u00e9 30 de Junho de 2019);<\/li>\n<li>inscri\u00e7\u00f5es efetuadas e pagas de 1 a 31 de Maio de 2019 \u2013 15,00 euros (o filme pode ser enviado at\u00e9 30 de Junho de 2019).<\/li>\n<\/ul>\n<p>O festival n\u00e3o garante o visionamento e aprecia\u00e7\u00e3o de filmes recebidos ap\u00f3s o dia 30 de Junho de 2019.<\/p>\n<h3>4.2 M\u00e9todo de inscri\u00e7\u00e3o e materiais<\/h3>\n<p>A inscri\u00e7\u00e3o dever\u00e1 ser feita on-line em http:\/\/www.filmfestivallife.com\/Doclisboa-International-Film-Festival<\/p>\n<p>O uso da plataforma FilmFestivalLife \u00e9 gratuito, excepto o upload de um ficheiro de pr\u00e9-visualiza\u00e7\u00e3o do filme (n\u00e3o obrigat\u00f3rio \u2013 o filme pode ser enviado de outras maneiras, por favor, ver abaixo).<\/p>\n<p>Aquando da inscri\u00e7\u00e3o, o Doclisboa dever\u00e1 receber:<br \/>\na) candidatura devidamente preenchida atrav\u00e9s do site FilmFestivalLife.<br \/>\nb) filme com legendas em ingl\u00eas, \u00e0 excep\u00e7\u00e3o dos filmes de l\u00edngua portuguesa ou inglesa.<br \/>\nc) o filme poder\u00e1 ser enviado atrav\u00e9s dos seguintes m\u00e9todos:<br \/>\nupload a partir da plataforma FilmFestivalLife, com a possibilidade de download activada (sistema com custo associado, cobrado pela plataforma). Se utilizar este m\u00e9todo, por favor fa\u00e7a upload de uma c\u00f3pia de trabalho ou teaser at\u00e9 ao dia 31 de Maio de 2019 para que este ficheiro possa ser actualizado sem custos acrescidos (30 de Junho no caso dos filmes inscritos para a sec\u00e7\u00e3o Verdes Anos).<br \/>\nap\u00f3s preenchimento da ficha de inscri\u00e7\u00e3o no FilmFestivalLife, pode ser enviado um link de visionamento privado do filme para: programme@doclisboa.org<br \/>\nap\u00f3s preenchimento da ficha de inscri\u00e7\u00e3o no FilmFestivalLife, pode ser enviado um DVD de visionamento (qualquer regi\u00e3o) para o seguinte endere\u00e7o:<\/p>\n<p>A\/C Joana Sousa<br \/>\nDoclisboa \u2013 Festival Internacional de Cinema<br \/>\nCasa do Cinema<br \/>\nRua da Rosa, n\u00ba 277, 2\u00ba<br \/>\n1200-385 Lisboa<br \/>\nPortugal<\/p>\n<p>Dever\u00e1 constar, no envelope de envio, a indica\u00e7\u00e3o \u201csem valor comercial\u201d.<br \/>\nTodas as despesas de envio do DVD para a selec\u00e7\u00e3o s\u00e3o da responsabilidade das entidades que inscrevem os filmes.<\/p>\n<p>Em caso de d\u00favidas no processo de inscri\u00e7\u00e3o, contactar: Joana Sousa: +351 213 470 816 \u2013 programme@doclisboa.org<\/p>\n<h3>5. Selec\u00e7\u00e3o<\/h3>\n<p><strong>5.1<\/strong> No caso de o filme ser seleccionado, o Doclisboa informar\u00e1 o participante at\u00e9 um m\u00eas antes do in\u00edcio do festival. O Doclisboa informar\u00e1 tamb\u00e9m at\u00e9 um m\u00eas antes do in\u00edcio do festival da n\u00e3o selec\u00e7\u00e3o de um filme.<\/p>\n<p><strong>5.2<\/strong> Imediatamente ap\u00f3s a comunica\u00e7\u00e3o da selec\u00e7\u00e3o dever\u00e3o ser enviados por correio electr\u00f3nico:<\/p>\n<ul>\n<li>lista de di\u00e1logos do filme (em portugu\u00eas e\/ou ingl\u00eas) para efeitos de legendagem;<\/li>\n<li>Tr\u00eas fotografias do filme (resolu\u00e7\u00e3o m\u00ednima: 300 dpi \u2013 10x10cm) em formato digital;<\/li>\n<li>Uma fotografia do realizador em formato digital;<\/li>\n<li>Filmografia do realizador;<\/li>\n<li>Trailer do filme;<\/li>\n<li>Sinopse final para o programa (150 caracteres) e para o cat\u00e1logo (400 caracteres);<\/li>\n<li>Lista de festivais onde o filme esteve presente e pr\u00e9mios que recebeu.<\/li>\n<\/ul>\n<p><strong>5.3<\/strong> Caso o estatuto de estreia indicado na inscri\u00e7\u00e3o se altere, o Doclisboa dever\u00e1 ser informado.<\/p>\n<p><strong>5.4<\/strong> O comit\u00e9 de selec\u00e7\u00e3o decide em que sec\u00e7\u00e3o o filme inscrito ser\u00e1 apresentado. \u00c9 da responsabilidade do festival a selec\u00e7\u00e3o de todos os filmes que participam na programa\u00e7\u00e3o.<\/p>\n<p><strong>5.5<\/strong> Qualquer filme seleccionado poder\u00e1 integrar sess\u00f5es especiais dedicadas ao p\u00fablico escolar, durante o festival.<\/p>\n<p><strong>5.6<\/strong> Ap\u00f3s a selec\u00e7\u00e3o, o festival poder\u00e1 utilizar tr\u00eas minutos do filme para promo\u00e7\u00e3o do festival via TV, r\u00e1dio, internet, bem como o material de divulga\u00e7\u00e3o do filme (dossier de imprensa, cartazes, postais, etc.), para promo\u00e7\u00e3o do festival.<\/p>\n<h3>6. C\u00f3pias de Projec\u00e7\u00e3o, Transportes e Outras Disposi\u00e7\u00f5es Importantes<\/h3>\n<p><strong>6.1<\/strong> As c\u00f3pias de projec\u00e7\u00e3o dos filmes seleccionados, excepto dos de l\u00edngua inglesa, devem ser enviadas com legendas em ingl\u00eas.<\/p>\n<p><strong>6.2<\/strong> A c\u00f3pia do filme seleccionado no formato de exibi\u00e7\u00e3o, cartazes, postais e materiais promocionais do filme dever\u00e3o ser enviados at\u00e9 15 de Setembro para:<\/p>\n<p><strong>A\/C Print Traffic<\/strong><br \/>\nDoclisboa \/ Culturgest<br \/>\nEdif\u00edcio Sede da Caixa Geral de Dep\u00f3sitos<br \/>\nRua Arco do Cego, Piso 1<br \/>\n1000-300 Lisboa<br \/>\nPortugal<\/p>\n<p><strong>6.3<\/strong> No caso de filmes provenientes de pa\u00edses extra-comunit\u00e1rios, a c\u00f3pia dever\u00e1 ser acompanhada por uma factura pro-forma com o nome do remetente, o t\u00edtulo do filme, peso, medidas e n\u00famero de bobines.<\/p>\n<p><strong>6.4<\/strong> Os custos de envio para Portugal s\u00e3o da responsabilidade do participante. O custo do levantamento dos filmes na alf\u00e2ndega \u00e9 da responsabilidade do festival, bem como os custos de devolu\u00e7\u00e3o dos filmes para o pa\u00eds de origem. Neste \u00faltimo caso, as despesas de alf\u00e2ndega ser\u00e3o da responsabilidade dos participantes.<\/p>\n<p><strong>6.5<\/strong> Os seguros de transporte das c\u00f3pias s\u00e3o da responsabilidade do festival quando este proceder ao seu transporte. Ap\u00f3s a recep\u00e7\u00e3o das c\u00f3pias, o Doclisboa \u00e9 respons\u00e1vel por estas at\u00e9 ao momento do seu reenvio. O seguro das c\u00f3pias n\u00e3o se aplica a negativos, positivos ou masters.<\/p>\n<p><strong>6.6<\/strong> Todos os filmes a exibir nas sec\u00e7\u00f5es competitivas dever\u00e3o permanecer no festival at\u00e9 ao seu fim, s\u00f3 se procedendo \u00e0 sua devolu\u00e7\u00e3o ap\u00f3s o encerramento do mesmo.<\/p>\n<p><strong>6.7<\/strong> O Doclisboa n\u00e3o efectuar\u00e1 qualquer pagamento de aluguer de c\u00f3pia relativo \u00e0 exibi\u00e7\u00e3o de filmes a concurso.<\/p>\n<h3>7. Videoteca<\/h3>\n<p><strong>7.1<\/strong> Todos os filmes seleccionados poder\u00e3o ser consultados por profissionais acreditados na videoteca digital do Doclisboa durante as datas do festival.<\/p>\n<p><strong>7.2<\/strong> Para este fim, ser\u00e1 pedido a todos os participantes um ficheiro Quicktime H.264 ou DVD do filme seleccionado para inclus\u00e3o na videoteca digital.<\/p>\n<p><strong>7.3<\/strong> Todos os filmes enviados para considera\u00e7\u00e3o do festival ser\u00e3o inclu\u00eddos no arquivo da videoteca da Apordoc \u2013 Associa\u00e7\u00e3o Pelo Document\u00e1rio (entidade organizadora do festival), onde podem ser consultados pelos associados. Para visionamentos p\u00fablicos, ser\u00e1 sempre pedida autoriza\u00e7\u00e3o aos detentores dos direitos.<\/p>\n<h3>8. Excep\u00e7\u00f5es e Situa\u00e7\u00f5es n\u00e3o Previstas<\/h3>\n<p>A direc\u00e7\u00e3o do festival decidir\u00e1 sobre todas as mat\u00e9rias n\u00e3o constantes do presente regulamento, de acordo com as regras internacionais de festivais de cinema.<\/p>\n","protected":false},"excerpt":{"rendered":"<p>1. Informa\u00e7\u00e3o Geral 1.1 O Doclisboa procura conceber a realidade atrav\u00e9s de novas formas cinematogr\u00e1ficas de percep\u00e7\u00e3o, reflex\u00e3o e ac\u00e7\u00e3o, colocando o cinema em di\u00e1logo com a sua hist\u00f3ria, de modo a questionar o seu momento actual. O Doclisboa interessa-se por filmes exigentes quanto \u00e0s suas repercuss\u00f5es conceptuais e formais; filmes que testam as possibilidades <a href=\"https:\/\/www.doclisboa.org\/2019\/doclisboa\/regulamento\/\" class=\"more-link\">&#8230;<\/a><\/p>\n","protected":false},"author":1,"featured_media":0,"parent":26,"menu_order":1,"comment_status":"closed","ping_status":"closed","template":"page-texto.php","meta":{"_exactmetrics_skip_tracking":false,"_exactmetrics_sitenote_active":false,"_exactmetrics_sitenote_note":"","_exactmetrics_sitenote_category":0,"footnotes":""},"_links":{"self":[{"href":"https:\/\/www.doclisboa.org\/2019\/wp-json\/wp\/v2\/pages\/31"}],"collection":[{"href":"https:\/\/www.doclisboa.org\/2019\/wp-json\/wp\/v2\/pages"}],"about":[{"href":"https:\/\/www.doclisboa.org\/2019\/wp-json\/wp\/v2\/types\/page"}],"author":[{"embeddable":true,"href":"https:\/\/www.doclisboa.org\/2019\/wp-json\/wp\/v2\/users\/1"}],"replies":[{"embeddable":true,"href":"https:\/\/www.doclisboa.org\/2019\/wp-json\/wp\/v2\/comments?post=31"}],"version-history":[{"count":0,"href":"https:\/\/www.doclisboa.org\/2019\/wp-json\/wp\/v2\/pages\/31\/revisions"}],"up":[{"embeddable":true,"href":"https:\/\/www.doclisboa.org\/2019\/wp-json\/wp\/v2\/pages\/26"}],"wp:attachment":[{"href":"https:\/\/www.doclisboa.org\/2019\/wp-json\/wp\/v2\/media?parent=31"}],"curies":[{"name":"wp","href":"https:\/\/api.w.org\/{rel}","templated":true}]}}