{"id":309009,"date":"2019-09-27T16:24:32","date_gmt":"2019-09-27T16:24:32","guid":{"rendered":"https:\/\/www.doclisboa.org\/2019\/?page_id=309009"},"modified":"2019-09-29T10:56:21","modified_gmt":"2019-09-29T10:56:21","slug":"verdes-anos-academia-alema-de-cinema-e-televisao-de-berlim","status":"publish","type":"page","link":"https:\/\/www.doclisboa.org\/2019\/edicao-actual\/seccoes\/verdes-anos\/verdes-anos-academia-alema-de-cinema-e-televisao-de-berlim\/","title":{"rendered":"Verdes Anos \u2013 Academia Alem\u00e3 de Cinema e Televis\u00e3o de Berlim"},"content":{"rendered":"<p>Verdes Anos convida a Academia Alem\u00e3 de Cinema e Televis\u00e3o de Berlim [DFFB] a tra\u00e7ar um caminho pela sua produ\u00e7\u00e3o, desde os anos 1960 at\u00e9 \u00e0 actualidade. Esta foi a primeira escola de cinema da Alemanha Ocidental e tornou\u2011 se um dos ber\u00e7os mais importantes e fervilhantes do cinema alem\u00e3o. Poderemos ver os primeiros trabalhos de realizadores como Helke Sander, Angela Schanelec ou Gerd Conradt, assim como os filmes de talentos emergentes dos \u00faltimos anos.<\/p>\n","protected":false},"excerpt":{"rendered":"<p>Verdes Anos convida a Academia Alem\u00e3 de Cinema e Televis\u00e3o de Berlim [DFFB] a tra\u00e7ar um caminho pela sua produ\u00e7\u00e3o, desde os anos 1960 at\u00e9 \u00e0 actualidade. Esta foi a primeira escola de cinema da Alemanha Ocidental e tornou\u2011 se um dos ber\u00e7os mais importantes e fervilhantes do cinema alem\u00e3o. Poderemos ver os primeiros trabalhos <a href=\"https:\/\/www.doclisboa.org\/2019\/edicao-actual\/seccoes\/verdes-anos\/verdes-anos-academia-alema-de-cinema-e-televisao-de-berlim\/\" class=\"more-link\">&#8230;<\/a><\/p>\n","protected":false},"author":1,"featured_media":0,"parent":311,"menu_order":3,"comment_status":"closed","ping_status":"closed","template":"page-seccao-sessoes.php","meta":{"_exactmetrics_skip_tracking":false,"_exactmetrics_sitenote_active":false,"_exactmetrics_sitenote_note":"","_exactmetrics_sitenote_category":0,"footnotes":""},"_links":{"self":[{"href":"https:\/\/www.doclisboa.org\/2019\/wp-json\/wp\/v2\/pages\/309009"}],"collection":[{"href":"https:\/\/www.doclisboa.org\/2019\/wp-json\/wp\/v2\/pages"}],"about":[{"href":"https:\/\/www.doclisboa.org\/2019\/wp-json\/wp\/v2\/types\/page"}],"author":[{"embeddable":true,"href":"https:\/\/www.doclisboa.org\/2019\/wp-json\/wp\/v2\/users\/1"}],"replies":[{"embeddable":true,"href":"https:\/\/www.doclisboa.org\/2019\/wp-json\/wp\/v2\/comments?post=309009"}],"version-history":[{"count":0,"href":"https:\/\/www.doclisboa.org\/2019\/wp-json\/wp\/v2\/pages\/309009\/revisions"}],"up":[{"embeddable":true,"href":"https:\/\/www.doclisboa.org\/2019\/wp-json\/wp\/v2\/pages\/311"}],"wp:attachment":[{"href":"https:\/\/www.doclisboa.org\/2019\/wp-json\/wp\/v2\/media?parent=309009"}],"curies":[{"name":"wp","href":"https:\/\/api.w.org\/{rel}","templated":true}]}}