{"id":20292,"date":"2019-09-24T15:12:18","date_gmt":"2019-09-24T15:12:18","guid":{"rendered":"https:\/\/www.doclisboa.org\/2019\/?page_id=20292"},"modified":"2019-10-02T17:58:02","modified_gmt":"2019-10-02T17:58:02","slug":"realizador-convidado-sofia-bohdanowicz","status":"publish","type":"page","link":"https:\/\/www.doclisboa.org\/2019\/edicao-actual\/seccoes\/riscos\/realizador-convidado-sofia-bohdanowicz\/","title":{"rendered":"Realizador Convidado Sofia Bohdanowicz"},"content":{"rendered":"<p>Trabalhando em document\u00e1rio, fic\u00e7\u00e3o e no espa\u00e7o amb\u00edguo entre os dois, a prol\u00edfera cineasta canadiana Sofia Bohdanowicz j\u00e1 acumulou uma quantidade assinal\u00e1vel de obras no in\u00edcio de carreira. Servindo-se de v\u00e1rios formatos de pel\u00edcula e v\u00eddeo, grava\u00e7\u00f5es reais e encena\u00e7\u00f5es dram\u00e1ticas da realidade, o cinema de Bohdanowicz aclara os processos de negocia\u00e7\u00e3o entre hist\u00f3rias pessoais e partilhadas, o nosso passado e presente e o material e imaterial.<\/p>\n<p><strong>Programado por: Adam Cook<\/strong><\/p>\n","protected":false},"excerpt":{"rendered":"<p>Trabalhando em document\u00e1rio, fic\u00e7\u00e3o e no espa\u00e7o amb\u00edguo entre os dois, a prol\u00edfera cineasta canadiana Sofia Bohdanowicz j\u00e1 acumulou uma quantidade assinal\u00e1vel de obras no in\u00edcio de carreira. Servindo-se de v\u00e1rios formatos de pel\u00edcula e v\u00eddeo, grava\u00e7\u00f5es reais e encena\u00e7\u00f5es dram\u00e1ticas da realidade, o cinema de Bohdanowicz aclara os processos de negocia\u00e7\u00e3o entre hist\u00f3rias pessoais <a href=\"https:\/\/www.doclisboa.org\/2019\/edicao-actual\/seccoes\/riscos\/realizador-convidado-sofia-bohdanowicz\/\" class=\"more-link\">&#8230;<\/a><\/p>\n","protected":false},"author":1,"featured_media":0,"parent":143,"menu_order":3,"comment_status":"closed","ping_status":"closed","template":"page-seccao-sessoes.php","meta":{"_exactmetrics_skip_tracking":false,"_exactmetrics_sitenote_active":false,"_exactmetrics_sitenote_note":"","_exactmetrics_sitenote_category":0,"footnotes":""},"_links":{"self":[{"href":"https:\/\/www.doclisboa.org\/2019\/wp-json\/wp\/v2\/pages\/20292"}],"collection":[{"href":"https:\/\/www.doclisboa.org\/2019\/wp-json\/wp\/v2\/pages"}],"about":[{"href":"https:\/\/www.doclisboa.org\/2019\/wp-json\/wp\/v2\/types\/page"}],"author":[{"embeddable":true,"href":"https:\/\/www.doclisboa.org\/2019\/wp-json\/wp\/v2\/users\/1"}],"replies":[{"embeddable":true,"href":"https:\/\/www.doclisboa.org\/2019\/wp-json\/wp\/v2\/comments?post=20292"}],"version-history":[{"count":0,"href":"https:\/\/www.doclisboa.org\/2019\/wp-json\/wp\/v2\/pages\/20292\/revisions"}],"up":[{"embeddable":true,"href":"https:\/\/www.doclisboa.org\/2019\/wp-json\/wp\/v2\/pages\/143"}],"wp:attachment":[{"href":"https:\/\/www.doclisboa.org\/2019\/wp-json\/wp\/v2\/media?parent=20292"}],"curies":[{"name":"wp","href":"https:\/\/api.w.org\/{rel}","templated":true}]}}