{"id":20114,"date":"2019-09-24T09:42:12","date_gmt":"2019-09-24T09:42:12","guid":{"rendered":"https:\/\/www.doclisboa.org\/2019\/?page_id=20114"},"modified":"2019-09-28T12:16:51","modified_gmt":"2019-09-28T12:16:51","slug":"realizador-convidado-ghassan-salhab","status":"publish","type":"page","link":"https:\/\/www.doclisboa.org\/2019\/edicao-actual\/seccoes\/riscos\/realizador-convidado-ghassan-salhab\/","title":{"rendered":"Realizador Convidado Ghassan Salhab"},"content":{"rendered":"<p>Marcado pela guerra e o ex\u00edlio, Ghassan Salhab inventou um cinema que procura as formas da experi\u00eancia, imaginando a<br \/>\npossibilidade de uma comunidade de transmiss\u00e3o e partilha. Mostramos dois dos seus \u00faltimos filmes: a hist\u00f3ria recente do L\u00edbano convoca companheiros espirituais, os gestos da revolu\u00e7\u00e3o e a sua fragilidade. \u201cPara mim, a revolu\u00e7\u00e3o \u00e9 uma<br \/>\npossibilidade de viver o mundo de forma diferente.\u201d O realizador acrescentou ao programa Tango of Yearning, de Mohamed Soueid.<\/p>\n","protected":false},"excerpt":{"rendered":"<p>Marcado pela guerra e o ex\u00edlio, Ghassan Salhab inventou um cinema que procura as formas da experi\u00eancia, imaginando a possibilidade de uma comunidade de transmiss\u00e3o e partilha. Mostramos dois dos seus \u00faltimos filmes: a hist\u00f3ria recente do L\u00edbano convoca companheiros espirituais, os gestos da revolu\u00e7\u00e3o e a sua fragilidade. \u201cPara mim, a revolu\u00e7\u00e3o \u00e9 uma <a href=\"https:\/\/www.doclisboa.org\/2019\/edicao-actual\/seccoes\/riscos\/realizador-convidado-ghassan-salhab\/\" class=\"more-link\">&#8230;<\/a><\/p>\n","protected":false},"author":1,"featured_media":0,"parent":143,"menu_order":2,"comment_status":"closed","ping_status":"closed","template":"page-seccao-sessoes.php","meta":{"_exactmetrics_skip_tracking":false,"_exactmetrics_sitenote_active":false,"_exactmetrics_sitenote_note":"","_exactmetrics_sitenote_category":0,"footnotes":""},"_links":{"self":[{"href":"https:\/\/www.doclisboa.org\/2019\/wp-json\/wp\/v2\/pages\/20114"}],"collection":[{"href":"https:\/\/www.doclisboa.org\/2019\/wp-json\/wp\/v2\/pages"}],"about":[{"href":"https:\/\/www.doclisboa.org\/2019\/wp-json\/wp\/v2\/types\/page"}],"author":[{"embeddable":true,"href":"https:\/\/www.doclisboa.org\/2019\/wp-json\/wp\/v2\/users\/1"}],"replies":[{"embeddable":true,"href":"https:\/\/www.doclisboa.org\/2019\/wp-json\/wp\/v2\/comments?post=20114"}],"version-history":[{"count":0,"href":"https:\/\/www.doclisboa.org\/2019\/wp-json\/wp\/v2\/pages\/20114\/revisions"}],"up":[{"embeddable":true,"href":"https:\/\/www.doclisboa.org\/2019\/wp-json\/wp\/v2\/pages\/143"}],"wp:attachment":[{"href":"https:\/\/www.doclisboa.org\/2019\/wp-json\/wp\/v2\/media?parent=20114"}],"curies":[{"name":"wp","href":"https:\/\/api.w.org\/{rel}","templated":true}]}}