{"id":20112,"date":"2019-09-24T09:41:46","date_gmt":"2019-09-24T09:41:46","guid":{"rendered":"https:\/\/www.doclisboa.org\/2019\/?page_id=20112"},"modified":"2019-09-25T12:48:54","modified_gmt":"2019-09-25T12:48:54","slug":"homenagem-a-barbara-hammer","status":"publish","type":"page","link":"https:\/\/www.doclisboa.org\/2019\/edicao-actual\/seccoes\/riscos\/homenagem-a-barbara-hammer\/","title":{"rendered":"Homenagem a Barbara Hammer"},"content":{"rendered":"<p>Barbara Hammer faleceu em Maio deste ano, deixando\u2011nos alguns dos filmes mais arriscados e livres da hist\u00f3ria do cinema. O seu cinema desafiou normas, questionou no\u00e7\u00f5es de g\u00e9nero e reposicionou a representa\u00e7\u00e3o do feminino na tela.<br \/>\nUm cinema que prop\u00f5e imagens de beleza rara, onde corpos e natureza convivem de modos profundamente inspiradores.<\/p>\n","protected":false},"excerpt":{"rendered":"<p>Barbara Hammer faleceu em Maio deste ano, deixando\u2011nos alguns dos filmes mais arriscados e livres da hist\u00f3ria do cinema. O seu cinema desafiou normas, questionou no\u00e7\u00f5es de g\u00e9nero e reposicionou a representa\u00e7\u00e3o do feminino na tela. Um cinema que prop\u00f5e imagens de beleza rara, onde corpos e natureza convivem de modos profundamente inspiradores.<\/p>\n","protected":false},"author":1,"featured_media":0,"parent":143,"menu_order":1,"comment_status":"closed","ping_status":"closed","template":"page-seccao-sessoes.php","meta":{"_exactmetrics_skip_tracking":false,"_exactmetrics_sitenote_active":false,"_exactmetrics_sitenote_note":"","_exactmetrics_sitenote_category":0,"footnotes":""},"_links":{"self":[{"href":"https:\/\/www.doclisboa.org\/2019\/wp-json\/wp\/v2\/pages\/20112"}],"collection":[{"href":"https:\/\/www.doclisboa.org\/2019\/wp-json\/wp\/v2\/pages"}],"about":[{"href":"https:\/\/www.doclisboa.org\/2019\/wp-json\/wp\/v2\/types\/page"}],"author":[{"embeddable":true,"href":"https:\/\/www.doclisboa.org\/2019\/wp-json\/wp\/v2\/users\/1"}],"replies":[{"embeddable":true,"href":"https:\/\/www.doclisboa.org\/2019\/wp-json\/wp\/v2\/comments?post=20112"}],"version-history":[{"count":0,"href":"https:\/\/www.doclisboa.org\/2019\/wp-json\/wp\/v2\/pages\/20112\/revisions"}],"up":[{"embeddable":true,"href":"https:\/\/www.doclisboa.org\/2019\/wp-json\/wp\/v2\/pages\/143"}],"wp:attachment":[{"href":"https:\/\/www.doclisboa.org\/2019\/wp-json\/wp\/v2\/media?parent=20112"}],"curies":[{"name":"wp","href":"https:\/\/api.w.org\/{rel}","templated":true}]}}