{"id":200759,"date":"2019-09-26T10:02:54","date_gmt":"2019-09-26T10:02:54","guid":{"rendered":"https:\/\/www.doclisboa.org\/2019\/?page_id=200759"},"modified":"2019-09-30T17:10:20","modified_gmt":"2019-09-30T17:10:20","slug":"six-portraits-xl","status":"publish","type":"page","link":"https:\/\/www.doclisboa.org\/2019\/edicao-actual\/seccoes\/riscos\/six-portraits-xl\/","title":{"rendered":"Six Portraits XL"},"content":{"rendered":"<p>S\u00e9rie de seis filmes independentes, cada um retratando um personagem: Jacqueline Pouliquen (amiga de longa data do realizador em f\u00e9rias), Daniel Isoppo (autor e actor de teatro e cinema), Guillaume Delcourt (padeiro e pasteleiro \u00e0 procura de um espa\u00e7o maior), Philippe Labrot (jornalista, escritor e cineasta a preparar entrevistas), Bernard Crombey (actor, filmado ao longo de 11 anos) e L\u00e9on Maghazadjan (sapateiro no mesmo bairro h\u00e1 47 anos).<\/p>\n","protected":false},"excerpt":{"rendered":"<p>S\u00e9rie de seis filmes independentes, cada um retratando um personagem: Jacqueline Pouliquen (amiga de longa data do realizador em f\u00e9rias), Daniel Isoppo (autor e actor de teatro e cinema), Guillaume Delcourt (padeiro e pasteleiro \u00e0 procura de um espa\u00e7o maior), Philippe Labrot (jornalista, escritor e cineasta a preparar entrevistas), Bernard Crombey (actor, filmado ao longo <a href=\"https:\/\/www.doclisboa.org\/2019\/edicao-actual\/seccoes\/riscos\/six-portraits-xl\/\" class=\"more-link\">&#8230;<\/a><\/p>\n","protected":false},"author":1,"featured_media":0,"parent":143,"menu_order":9,"comment_status":"closed","ping_status":"closed","template":"page-seccao-sessoes.php","meta":{"_exactmetrics_skip_tracking":false,"_exactmetrics_sitenote_active":false,"_exactmetrics_sitenote_note":"","_exactmetrics_sitenote_category":0,"footnotes":""},"_links":{"self":[{"href":"https:\/\/www.doclisboa.org\/2019\/wp-json\/wp\/v2\/pages\/200759"}],"collection":[{"href":"https:\/\/www.doclisboa.org\/2019\/wp-json\/wp\/v2\/pages"}],"about":[{"href":"https:\/\/www.doclisboa.org\/2019\/wp-json\/wp\/v2\/types\/page"}],"author":[{"embeddable":true,"href":"https:\/\/www.doclisboa.org\/2019\/wp-json\/wp\/v2\/users\/1"}],"replies":[{"embeddable":true,"href":"https:\/\/www.doclisboa.org\/2019\/wp-json\/wp\/v2\/comments?post=200759"}],"version-history":[{"count":0,"href":"https:\/\/www.doclisboa.org\/2019\/wp-json\/wp\/v2\/pages\/200759\/revisions"}],"up":[{"embeddable":true,"href":"https:\/\/www.doclisboa.org\/2019\/wp-json\/wp\/v2\/pages\/143"}],"wp:attachment":[{"href":"https:\/\/www.doclisboa.org\/2019\/wp-json\/wp\/v2\/media?parent=200759"}],"curies":[{"name":"wp","href":"https:\/\/api.w.org\/{rel}","templated":true}]}}