{"id":200747,"date":"2019-09-26T09:59:19","date_gmt":"2019-09-26T09:59:19","guid":{"rendered":"https:\/\/www.doclisboa.org\/2019\/?page_id=200747"},"modified":"2019-09-30T16:44:05","modified_gmt":"2019-09-30T16:44:05","slug":"corpo-futuro","status":"publish","type":"page","link":"https:\/\/www.doclisboa.org\/2019\/edicao-actual\/seccoes\/riscos\/corpo-futuro\/","title":{"rendered":"Corpo Futuro"},"content":{"rendered":"<p>O futuro talvez seja a categoria mais amb\u00edgua, simultaneamente abstracta e absolutamente corporizada em vis\u00f5es, esperan\u00e7as, gestos, desejos e medos. Este programa opera a partir de filmes que, seja enfrentando directamente essa ideia, seja buscando no passado e no presente a sua mat\u00e9ria, nos oferecem intui\u00e7\u00f5es, pequenas aberturas que nos trazem a jogo nesta rela\u00e7\u00e3o com essa absoluta alteridade gerada por todos n\u00f3s, essa estranha comunidade \u00e0 qual pertencemos j\u00e1, por afecto e apropria\u00e7\u00e3o.<\/p>\n","protected":false},"excerpt":{"rendered":"<p>O futuro talvez seja a categoria mais amb\u00edgua, simultaneamente abstracta e absolutamente corporizada em vis\u00f5es, esperan\u00e7as, gestos, desejos e medos. Este programa opera a partir de filmes que, seja enfrentando directamente essa ideia, seja buscando no passado e no presente a sua mat\u00e9ria, nos oferecem intui\u00e7\u00f5es, pequenas aberturas que nos trazem a jogo nesta rela\u00e7\u00e3o <a href=\"https:\/\/www.doclisboa.org\/2019\/edicao-actual\/seccoes\/riscos\/corpo-futuro\/\" class=\"more-link\">&#8230;<\/a><\/p>\n","protected":false},"author":1,"featured_media":0,"parent":143,"menu_order":6,"comment_status":"closed","ping_status":"closed","template":"page-seccao-sessoes.php","meta":{"_exactmetrics_skip_tracking":false,"_exactmetrics_sitenote_active":false,"_exactmetrics_sitenote_note":"","_exactmetrics_sitenote_category":0,"footnotes":""},"_links":{"self":[{"href":"https:\/\/www.doclisboa.org\/2019\/wp-json\/wp\/v2\/pages\/200747"}],"collection":[{"href":"https:\/\/www.doclisboa.org\/2019\/wp-json\/wp\/v2\/pages"}],"about":[{"href":"https:\/\/www.doclisboa.org\/2019\/wp-json\/wp\/v2\/types\/page"}],"author":[{"embeddable":true,"href":"https:\/\/www.doclisboa.org\/2019\/wp-json\/wp\/v2\/users\/1"}],"replies":[{"embeddable":true,"href":"https:\/\/www.doclisboa.org\/2019\/wp-json\/wp\/v2\/comments?post=200747"}],"version-history":[{"count":0,"href":"https:\/\/www.doclisboa.org\/2019\/wp-json\/wp\/v2\/pages\/200747\/revisions"}],"up":[{"embeddable":true,"href":"https:\/\/www.doclisboa.org\/2019\/wp-json\/wp\/v2\/pages\/143"}],"wp:attachment":[{"href":"https:\/\/www.doclisboa.org\/2019\/wp-json\/wp\/v2\/media?parent=200747"}],"curies":[{"name":"wp","href":"https:\/\/api.w.org\/{rel}","templated":true}]}}