{"id":200743,"date":"2019-09-26T09:57:57","date_gmt":"2019-09-26T09:57:57","guid":{"rendered":"https:\/\/www.doclisboa.org\/2019\/?page_id=200743"},"modified":"2019-09-28T12:44:40","modified_gmt":"2019-09-28T12:44:40","slug":"retratos-da-dor-o-desejo-sem-lei","status":"publish","type":"page","link":"https:\/\/www.doclisboa.org\/2019\/edicao-actual\/seccoes\/riscos\/retratos-da-dor-o-desejo-sem-lei\/","title":{"rendered":"Retratos da Dor: O Desejo Sem Lei"},"content":{"rendered":"<p>\u201cN\u00e3o h\u00e1 nada de mais in\u00fatil do que um \u00f3rg\u00e3o\u201d, disse Artaud, apelando \u00e0 liberta\u00e7\u00e3o de todos os automatismos, para que seja finalmente poss\u00edvel \u201cdan\u00e7ar do avesso\u201d. Um desejo sem lei, sem psicologia, uma er\u00f3tica potencialmente revolucion\u00e1ria. O filme de Teresa Villaverde atravessa e inspira as sess\u00f5es. A sexualidade, o prazer, a maternidade, a conjugalidade, a amizade e a viol\u00eancia libertos dos simbolismos, recusando ser temas, existindo em pleno diante de n\u00f3s.<\/p>\n","protected":false},"excerpt":{"rendered":"<p>\u201cN\u00e3o h\u00e1 nada de mais in\u00fatil do que um \u00f3rg\u00e3o\u201d, disse Artaud, apelando \u00e0 liberta\u00e7\u00e3o de todos os automatismos, para que seja finalmente poss\u00edvel \u201cdan\u00e7ar do avesso\u201d. Um desejo sem lei, sem psicologia, uma er\u00f3tica potencialmente revolucion\u00e1ria. O filme de Teresa Villaverde atravessa e inspira as sess\u00f5es. A sexualidade, o prazer, a maternidade, a conjugalidade, <a href=\"https:\/\/www.doclisboa.org\/2019\/edicao-actual\/seccoes\/riscos\/retratos-da-dor-o-desejo-sem-lei\/\" class=\"more-link\">&#8230;<\/a><\/p>\n","protected":false},"author":1,"featured_media":0,"parent":143,"menu_order":5,"comment_status":"closed","ping_status":"closed","template":"page-seccao-sessoes.php","meta":{"_exactmetrics_skip_tracking":false,"_exactmetrics_sitenote_active":false,"_exactmetrics_sitenote_note":"","_exactmetrics_sitenote_category":0,"footnotes":""},"_links":{"self":[{"href":"https:\/\/www.doclisboa.org\/2019\/wp-json\/wp\/v2\/pages\/200743"}],"collection":[{"href":"https:\/\/www.doclisboa.org\/2019\/wp-json\/wp\/v2\/pages"}],"about":[{"href":"https:\/\/www.doclisboa.org\/2019\/wp-json\/wp\/v2\/types\/page"}],"author":[{"embeddable":true,"href":"https:\/\/www.doclisboa.org\/2019\/wp-json\/wp\/v2\/users\/1"}],"replies":[{"embeddable":true,"href":"https:\/\/www.doclisboa.org\/2019\/wp-json\/wp\/v2\/comments?post=200743"}],"version-history":[{"count":0,"href":"https:\/\/www.doclisboa.org\/2019\/wp-json\/wp\/v2\/pages\/200743\/revisions"}],"up":[{"embeddable":true,"href":"https:\/\/www.doclisboa.org\/2019\/wp-json\/wp\/v2\/pages\/143"}],"wp:attachment":[{"href":"https:\/\/www.doclisboa.org\/2019\/wp-json\/wp\/v2\/media?parent=200743"}],"curies":[{"name":"wp","href":"https:\/\/api.w.org\/{rel}","templated":true}]}}