{"id":147,"date":"2018-09-14T00:02:11","date_gmt":"2018-09-14T00:02:11","guid":{"rendered":"http:\/\/localhost\/doc1000\/?page_id=147"},"modified":"2019-10-01T23:36:38","modified_gmt":"2019-10-01T23:36:38","slug":"da-terra-a-lua","status":"publish","type":"page","link":"https:\/\/www.doclisboa.org\/2019\/edicao-actual\/seccoes\/da-terra-a-lua\/","title":{"rendered":"Da Terra \u00e0 Lua"},"content":{"rendered":"<p>V\u00e1rios autores que nos t\u00eam acompanhado regressam com novos filmes: Werner Herzog, Lech Kowalski, Teresa Villaverde, \u00c9ric Baudelaire, S\u00e9bastien Lifschitz. Lu\u00edsa Homem traz-nos o universo de Suzanne Daveau. Thomas Heise apresenta uma investiga\u00e7\u00e3o familiar que se cruza com a hist\u00f3ria recente da Alemanha e da Europa. Camilo de Sousa e Isabel Noronha partilham mem\u00f3rias de Mo\u00e7ambique p\u00f3s-independ\u00eancia important\u00edssimas para pensar a nossa hist\u00f3ria recente. Pierre-Marie Goulet guia-nos nas intersec\u00e7\u00f5es entre a cultura portuguesa e mu\u00e7ulmana. Filmes de tantos territ\u00f3rios que nos trazem passado, presente e futuro.<\/p>\n","protected":false},"excerpt":{"rendered":"<p>V\u00e1rios autores que nos t\u00eam acompanhado regressam com novos filmes: Werner Herzog, Lech Kowalski, Teresa Villaverde, \u00c9ric Baudelaire, S\u00e9bastien Lifschitz. Lu\u00edsa Homem traz-nos o universo de Suzanne Daveau. Thomas Heise apresenta uma investiga\u00e7\u00e3o familiar que se cruza com a hist\u00f3ria recente da Alemanha e da Europa. Camilo de Sousa e Isabel Noronha partilham mem\u00f3rias de <a href=\"https:\/\/www.doclisboa.org\/2019\/edicao-actual\/seccoes\/da-terra-a-lua\/\" class=\"more-link\">&#8230;<\/a><\/p>\n","protected":false},"author":1,"featured_media":501848,"parent":122,"menu_order":8,"comment_status":"closed","ping_status":"closed","template":"page-seccao-sessoes.php","meta":{"_exactmetrics_skip_tracking":false,"_exactmetrics_sitenote_active":false,"_exactmetrics_sitenote_note":"","_exactmetrics_sitenote_category":0,"footnotes":""},"_links":{"self":[{"href":"https:\/\/www.doclisboa.org\/2019\/wp-json\/wp\/v2\/pages\/147"}],"collection":[{"href":"https:\/\/www.doclisboa.org\/2019\/wp-json\/wp\/v2\/pages"}],"about":[{"href":"https:\/\/www.doclisboa.org\/2019\/wp-json\/wp\/v2\/types\/page"}],"author":[{"embeddable":true,"href":"https:\/\/www.doclisboa.org\/2019\/wp-json\/wp\/v2\/users\/1"}],"replies":[{"embeddable":true,"href":"https:\/\/www.doclisboa.org\/2019\/wp-json\/wp\/v2\/comments?post=147"}],"version-history":[{"count":0,"href":"https:\/\/www.doclisboa.org\/2019\/wp-json\/wp\/v2\/pages\/147\/revisions"}],"up":[{"embeddable":true,"href":"https:\/\/www.doclisboa.org\/2019\/wp-json\/wp\/v2\/pages\/122"}],"wp:featuredmedia":[{"embeddable":true,"href":"https:\/\/www.doclisboa.org\/2019\/wp-json\/wp\/v2\/media\/501848"}],"wp:attachment":[{"href":"https:\/\/www.doclisboa.org\/2019\/wp-json\/wp\/v2\/media?parent=147"}],"curies":[{"name":"wp","href":"https:\/\/api.w.org\/{rel}","templated":true}]}}