{"id":143,"date":"2018-09-14T00:00:31","date_gmt":"2018-09-14T00:00:31","guid":{"rendered":"http:\/\/localhost\/doc1000\/?page_id=143"},"modified":"2019-10-01T23:35:15","modified_gmt":"2019-10-01T23:35:15","slug":"riscos","status":"publish","type":"page","link":"https:\/\/www.doclisboa.org\/2019\/edicao-actual\/seccoes\/riscos\/","title":{"rendered":"Riscos"},"content":{"rendered":"<p>Propomos discutir fronteiras e limites com filmes de diferentes \u00e9pocas que interrogam a contemporaneidade do cinema. Ghassan Salhab e Sofia Bohdanowicz s\u00e3o os realizadores convidados. Apresentamos uma homenagem a Barbara Hammer por alguns dos seus amigos mais pr\u00f3ximos e os \u00faltimos filmes de Alain Cavalier e James Benning. Para al\u00e9m de programas tem\u00e1ticos, trazemos filmes singulares de jovens realizadores: <em>Demons<\/em> de Daniel Hui, <em>This Film Is About Me<\/em>, de Alexis Delgado B\u00fardalo, ou o bel\u00edssimo <em>When the Persimmons Grew<\/em>, de Hilal Baydarov. Rita Azevedo Gomes e Pierre L\u00e9on trazem-nos <em>Danses macabres, squelettes et autres fantaisies<\/em>. Convocamos ainda a voz de Antonin Artaud na sua <em>performance<\/em> radiof\u00f3nica em 1947.<\/p>\n","protected":false},"excerpt":{"rendered":"<p>Propomos discutir fronteiras e limites com filmes de diferentes \u00e9pocas que interrogam a contemporaneidade do cinema. Ghassan Salhab e Sofia Bohdanowicz s\u00e3o os realizadores convidados. Apresentamos uma homenagem a Barbara Hammer por alguns dos seus amigos mais pr\u00f3ximos e os \u00faltimos filmes de Alain Cavalier e James Benning. Para al\u00e9m de programas tem\u00e1ticos, trazemos filmes <a href=\"https:\/\/www.doclisboa.org\/2019\/edicao-actual\/seccoes\/riscos\/\" class=\"more-link\">&#8230;<\/a><\/p>\n","protected":false},"author":1,"featured_media":502141,"parent":122,"menu_order":5,"comment_status":"closed","ping_status":"closed","template":"page-riscos.php","meta":{"_exactmetrics_skip_tracking":false,"_exactmetrics_sitenote_active":false,"_exactmetrics_sitenote_note":"","_exactmetrics_sitenote_category":0,"footnotes":""},"_links":{"self":[{"href":"https:\/\/www.doclisboa.org\/2019\/wp-json\/wp\/v2\/pages\/143"}],"collection":[{"href":"https:\/\/www.doclisboa.org\/2019\/wp-json\/wp\/v2\/pages"}],"about":[{"href":"https:\/\/www.doclisboa.org\/2019\/wp-json\/wp\/v2\/types\/page"}],"author":[{"embeddable":true,"href":"https:\/\/www.doclisboa.org\/2019\/wp-json\/wp\/v2\/users\/1"}],"replies":[{"embeddable":true,"href":"https:\/\/www.doclisboa.org\/2019\/wp-json\/wp\/v2\/comments?post=143"}],"version-history":[{"count":0,"href":"https:\/\/www.doclisboa.org\/2019\/wp-json\/wp\/v2\/pages\/143\/revisions"}],"up":[{"embeddable":true,"href":"https:\/\/www.doclisboa.org\/2019\/wp-json\/wp\/v2\/pages\/122"}],"wp:featuredmedia":[{"embeddable":true,"href":"https:\/\/www.doclisboa.org\/2019\/wp-json\/wp\/v2\/media\/502141"}],"wp:attachment":[{"href":"https:\/\/www.doclisboa.org\/2019\/wp-json\/wp\/v2\/media?parent=143"}],"curies":[{"name":"wp","href":"https:\/\/api.w.org\/{rel}","templated":true}]}}