{"id":84,"date":"2018-09-13T13:13:14","date_gmt":"2018-09-13T13:13:14","guid":{"rendered":"http:\/\/localhost\/doc1000\/?page_id=84"},"modified":"2019-10-11T19:33:27","modified_gmt":"2019-10-11T18:33:27","slug":"jury","status":"publish","type":"page","link":"https:\/\/www.doclisboa.org\/2019\/en\/current-edition\/jury\/","title":{"rendered":"Jury"},"content":{"rendered":"<h3>International Competition<\/h3>\n<p><img decoding=\"async\" loading=\"lazy\" src=\"https:\/\/www.doclisboa.org\/2019\/wp-content\/uploads\/\/sIMG_1823_2bw-450x450.jpg\" alt=\"\" width=\"450\" height=\"450\" class=\"alignnone size-thumbnail wp-image-502578\" srcset=\"https:\/\/www.doclisboa.org\/2019\/wp-content\/uploads\/sIMG_1823_2bw-450x450.jpg 450w, https:\/\/www.doclisboa.org\/2019\/wp-content\/uploads\/sIMG_1823_2bw.jpg 547w\" sizes=\"(max-width: 450px) 100vw, 450px\" \/><br \/>\n<strong>Billy Woodberry<\/strong><br \/>\nWoodberry is one of the founders of the L.A. Rebellion film movement. His first feature film, Bless Their Little Hearts (1983), is a pioneer and essential work of this movement, influenced by Italian neo-realism and the work of Third Cinema filmmakers. His work has been screened at Cannes and Berlin Film Festivals, the Museum of Modern Art (MoMA), Harvard Film Archive, Human Rights Watch Film Festival, Tate Modern and Centre Pompidou.<\/p>\n<p><img decoding=\"async\" loading=\"lazy\" src=\"https:\/\/www.doclisboa.org\/2019\/wp-content\/uploads\/\/Foto-Carlos-Almeida-450x450.jpg\" alt=\"\" width=\"450\" height=\"450\" class=\"alignnone size-thumbnail wp-image-502576\" srcset=\"https:\/\/www.doclisboa.org\/2019\/wp-content\/uploads\/Foto-Carlos-Almeida-450x450.jpg 450w, https:\/\/www.doclisboa.org\/2019\/wp-content\/uploads\/Foto-Carlos-Almeida.jpg 736w\" sizes=\"(max-width: 450px) 100vw, 450px\" \/><br \/>\n<strong>Carlos Almeida<\/strong><br \/>\nCo-founder of the special effects company Irm\u00e3 L\u00facia and visiting assistant professor at the School of Communication, Architecture, Arts and Information Technologies of the Lus\u00f3fona University. Worked with directors Pedro Costa, Jo\u00e3o Pedro Rodrigues, Gabriel Abrantes, Joaquim Sapinho and S\u00e9rgio Tr\u00e9faut. Directed the digital restoration of The Green Years and The Island of Love, by Paulo Rocha, and Abraham\u2019s Valley and Francisca, by Manoel de Oliveira, among many others.<\/p>\n<p><img decoding=\"async\" loading=\"lazy\" src=\"https:\/\/www.doclisboa.org\/2019\/wp-content\/uploads\/\/jerome_bel_2_HD-1-450x450.jpg\" alt=\"\" width=\"450\" height=\"450\" class=\"alignnone size-thumbnail wp-image-502572\" \/><br \/>\n<strong>J\u00e9r\u00f4me Bel<\/strong><br \/>\nJ\u00e9r\u00f4me Bel is an experimental choreographer who provokes his audiences with presentations that often break down the traditional barrier between performer and audience, and that pose questions about virtuosity and the nature of dance. He has been invited to contemporary art biennials and museums (Tate Modern, MoMA, Documenta 13, Louvre), is regularly invited to give lectures at universities, and received several prizes, including the Bessie Award.<\/p>\n<p><img decoding=\"async\" loading=\"lazy\" src=\"https:\/\/www.doclisboa.org\/2019\/wp-content\/uploads\/\/fotominibio2019julianogomes-450x450.jpg\" alt=\"\" width=\"450\" height=\"450\" class=\"alignnone size-thumbnail wp-image-502574\" srcset=\"https:\/\/www.doclisboa.org\/2019\/wp-content\/uploads\/fotominibio2019julianogomes-450x450.jpg 450w, https:\/\/www.doclisboa.org\/2019\/wp-content\/uploads\/fotominibio2019julianogomes.jpg 1722w\" sizes=\"(max-width: 450px) 100vw, 450px\" \/><br \/>\n<strong>Juliano Gomes<\/strong><br \/>\nJuliano Gomes has a degree in film and a master\u2019s degree in aesthetic technologies from the Federal University of Rio de Janeiro where he studied the work of Jonas Mekas. He is a film (Cin\u00e9tica Magazine) and theatre critic. He teaches film and criticism history. He directed several short films, and he completed the feature film Aterro in 2019 together with L\u00e9o Bittencourt.<\/p>\n<p><img decoding=\"async\" loading=\"lazy\" src=\"https:\/\/www.doclisboa.org\/2019\/wp-content\/uploads\/\/DSC_613519-450x450.jpg\" alt=\"\" width=\"450\" height=\"450\" class=\"alignnone size-thumbnail wp-image-502582\" \/><br \/>\n<strong>Leonor Silveira<\/strong><br \/>\nShe has a degree in international relations and a postgraduate degree in culture law and cultural heritage. She joined the Institute of Cinema and Audiovisual in 2000, and is currently an advisor to the board. As an actress, she regularly featured in the films by Manoel Oliveira, and she also worked with Lu\u00eds Galv\u00e3o Telles, Jo\u00e3o Botelho and Paulo Rocha. She was a juror in national and international film festivals, and she received several awards.<\/p>\n<p><img decoding=\"async\" loading=\"lazy\" src=\"https:\/\/www.doclisboa.org\/2019\/wp-content\/uploads\/\/Portrait_Mania_Akbari-450x450.jpg\" alt=\"\" width=\"450\" height=\"450\" class=\"alignnone size-thumbnail wp-image-502580\" srcset=\"https:\/\/www.doclisboa.org\/2019\/wp-content\/uploads\/Portrait_Mania_Akbari-450x450.jpg 450w, https:\/\/www.doclisboa.org\/2019\/wp-content\/uploads\/Portrait_Mania_Akbari.jpg 472w\" sizes=\"(max-width: 450px) 100vw, 450px\" \/><br \/>\n<strong>Mania Akbari<\/strong><br \/>\nMania Akbari (Tehran, 1974) is an internationally acclaimed artist and filmmaker. Her provocative, revolutionary and radical films were recently the subject of retrospectives at the BFI (London, 2013), the DFI (Denmark, 2014), Oldenburg International Film Festival (Germany, 2014), Cyprus Film Festival (2014) and Nottingham Contemporary (UK, 2018). Akbari was exiled from Iran and currently lives and works in London.<\/p>\n<hr>\n<\/hr>\n<h3>Portuguese Competition and Short Film Award<\/h3>\n<p><img decoding=\"async\" loading=\"lazy\" src=\"https:\/\/www.doclisboa.org\/2019\/wp-content\/uploads\/\/Hui_Daniel-450x450.jpg\" alt=\"\" width=\"450\" height=\"450\" class=\"alignnone size-thumbnail wp-image-502592\" srcset=\"https:\/\/www.doclisboa.org\/2019\/wp-content\/uploads\/Hui_Daniel-450x450.jpg 450w, https:\/\/www.doclisboa.org\/2019\/wp-content\/uploads\/Hui_Daniel.jpg 893w\" sizes=\"(max-width: 450px) 100vw, 450px\" \/><br \/>\n<strong>Daniel Hui<\/strong><br \/>\nDaniel Hui is a filmmaker and writer, a graduate of the film programme in the California Institute of the Arts, and one of the founding members of 13 Little Pictures, an independent film collective in Singapore. He has made three feature-length films: Eclipses (New Talent Award at Doclisboa\u201913), Snakeskin (Special Jury Award at the Torino Film Festival 2014), and Demons (shown at the Busan Film Festival 2018 and the Forum section of the 2019 Berlinale).<\/p>\n<p><img decoding=\"async\" loading=\"lazy\" src=\"https:\/\/www.doclisboa.org\/2019\/wp-content\/uploads\/\/ghassam-salab-450x450.jpg\" alt=\"\" width=\"450\" height=\"450\" class=\"alignnone size-thumbnail wp-image-502590\" srcset=\"https:\/\/www.doclisboa.org\/2019\/wp-content\/uploads\/ghassam-salab-450x450.jpg 450w, https:\/\/www.doclisboa.org\/2019\/wp-content\/uploads\/ghassam-salab.jpg 698w\" sizes=\"(max-width: 450px) 100vw, 450px\" \/><br \/>\n<strong>Ghassan Salhab<\/strong><br \/>\nHe has directed seven feature films\u2014Ashbah Beyrouth, Terra Incognita, Atlal, 1958, Al Jabal, Al-Wadi and Une rose ouverte\/Warda\u2014all selected in various international film festivals, in addition to numerous \u201cessays\u201d, and different \u201cvideo works\u201d, including Heber Sini, and Aala Kad Al Shawk (with Mohamed Soueid). He collaborates on various scenarios, teaches film in Lebanon, and published texts, articles and a book, Fragments du livre du naufrage.<\/p>\n<p><img decoding=\"async\" loading=\"lazy\" src=\"https:\/\/www.doclisboa.org\/2019\/wp-content\/uploads\/\/Golgona-450x450.jpg\" alt=\"\" width=\"450\" height=\"450\" class=\"alignnone size-thumbnail wp-image-502588\" srcset=\"https:\/\/www.doclisboa.org\/2019\/wp-content\/uploads\/Golgona-450x450.jpg 450w, https:\/\/www.doclisboa.org\/2019\/wp-content\/uploads\/Golgona.jpg 787w\" sizes=\"(max-width: 450px) 100vw, 450px\" \/><br \/>\n<strong>Golgona Anghel<\/strong><br \/>\nGolgona Anghel has a doctorate in contemporary Portuguese literature from the Faculty of Letters, University of Lisbon. She currently teaches and does research at the Faculty of Social and Human Sciences, Nova University of Lisbon, where she has been studying the relation between literature and cinema. She published a few essays, and put together a diplomatic edition of Diaries, by poet Al Berto. On her spare time, she also writes poetry.<\/p>\n<hr>\n<\/hr>\n<h3>New Talent Award<\/h3>\n<p><img decoding=\"async\" loading=\"lazy\" src=\"https:\/\/www.doclisboa.org\/2019\/wp-content\/uploads\/Aya-Montpellier001-2.jpg\" alt=\"\" width=\"362\" height=\"362\" class=\"alignnone size-full wp-image-502696\" \/><br \/>\n<strong>Aya Koretzky<\/strong><br \/>\nHas a degree in painting and a master\u2019s degree in cinema. Worked in the production of feature films by directors such as Manoel de Oliveira and Flora Gomes. Collaborates with several fiction and documentary directors since 2006. Took part in the Berlinale Talents in 2014. Directed Yama no Anata (2011), which won the best feature-length film award at Doclisboa, among others, and A Volta ao Mundo quando tinhas 30 Anos (2018), also awarded. Jury member in several film festivals.<\/p>\n<p><img decoding=\"async\" loading=\"lazy\" src=\"https:\/\/www.doclisboa.org\/2019\/wp-content\/uploads\/\/BOHDANOWICZ_Sofia-9136-web-650x425.jpg\" alt=\"\" width=\"650\" height=\"425\" class=\"alignnone size-thumbnail wp-image-502605\" \/><br \/>\n<strong>Sofia Bohdanowicz<\/strong><br \/>\nSofia Bohdanowicz is a Toronto-based filmmaker. In 2018, she was named by Reverse Shot Magazine as one of 15 international filmmakers on the rise. In 2017, her second feature, Maison du bonheu\u201d, was nominated for Best Canadian Film by the Toronto Film Critics Association and was a New York Times Critics Pick. Her third feature film, MS Slavic 7, premiered at the Berlinale in 2019 and will be screening at the Harvard Film Archive.<\/p>\n<p><img decoding=\"async\" loading=\"lazy\" src=\"https:\/\/www.doclisboa.org\/2019\/wp-content\/uploads\/\/Veton-portrait-2-650x434.jpg\" alt=\"\" width=\"650\" height=\"434\" class=\"alignnone size-thumbnail wp-image-502607\" \/><br \/>\n<strong>Veton Nurkollari<\/strong><br \/>\nArtistic Director of DokuFest, Kosovo\u2019s largest documentary and short film festival, which he co-founded in 2002. Member of the advisory board of the Balkan Documentary Center and one of the founding members of The Albanian Cinema Project. Regularly curates film programmes for various film festivals. Mentor of several young filmmakers from Kosovo in the scope of the Heritage Space project. Member of the European Cultural Parliament and the European Film Academy.<\/p>\n<hr>\n<\/hr>\n<h3>Fernando Lopes Award<\/h3>\n<p><img decoding=\"async\" loading=\"lazy\" src=\"https:\/\/www.doclisboa.org\/2019\/wp-content\/uploads\/AM-1.jpg\" alt=\"\" width=\"204\" height=\"204\" class=\"alignnone size-full wp-image-502684\" \/><br \/>\n<strong>Alice Milheiro<\/strong><br \/>\nHas a degree in social communication from FCSH-UNL. Joined RTP in 1991, under the direction of filmmaker Fernando Lopes. Spent time in the International Co-Productions, Information and Programmes departments. In 2003, was part of the Canal Sociedade (future 2:) setting-up committee, running its Programme Production Service until 2014. Is currently responsible for the Direction of Content Development and the deputy director of RTP1 and RTP Internacional.<\/p>\n<p><img decoding=\"async\" loading=\"lazy\" src=\"https:\/\/www.doclisboa.org\/2019\/wp-content\/uploads\/Margarida-Cardoso-1.jpg\" alt=\"\" width=\"419\" height=\"419\" class=\"alignnone size-full wp-image-502601\" \/><br \/>\n<strong>Margarida Cardoso<\/strong><br \/>\nStudied image and audiovisual communication in Lisbon. From 1982 to 1995, worked in Portugal and France as assistant director, script supervisor and stage photographer. In 1995, started writing and directing her own films. Documentary films Natal 71 and Kuxa Kanema \u2013 O Nascimento do Cinema, and fiction films A Costa dos Murm\u00farios and Yvone Kane are among her best-known ones, screened and awarded at festivals such as Rotterdam, Venice and Locarno.<\/p>\n<p><img decoding=\"async\" loading=\"lazy\" src=\"https:\/\/www.doclisboa.org\/2019\/wp-content\/uploads\/\/SofiaM-1-450x450.jpg\" alt=\"\" width=\"450\" height=\"450\" class=\"alignnone size-thumbnail wp-image-502603\" \/><br \/>\n<strong>Sofia Lopes Machaqueiro<\/strong><br \/>\nLisbon, 1980. Degree in modern and contemporary history from ISCTE. Has worked as project manager in the fields of communication, public relations, events production\/management, press office and marketing. The oldest granddaughter of Fernando Lopes, has always had the passion for film in her DNA. Founder of the Alvalade FilmClub.<\/p>\n<hr>\n<\/hr>\n<h3>Inatel Award<\/h3>\n<p><img decoding=\"async\" loading=\"lazy\" src=\"https:\/\/www.doclisboa.org\/2019\/wp-content\/uploads\/\/claudia-450x450.jpg\" alt=\"\" width=\"450\" height=\"450\" class=\"alignnone size-thumbnail wp-image-502613\" \/><br \/>\n<strong>Cl\u00e1udia Marques Santos<\/strong><br \/>\nHas a degree in communication sciences and a master\u2019s degree in contemporary culture and new technologies from the Nova University of Lisbon. Cultural journalist with pieces published in Vis\u00e3o, Di\u00e1rio de Not\u00edcias, P\u00fablico, Expresso and LER, among others. Author of TV cultural magazines and documentary films at Subfilmes. Has a personal slow journalism project, If You Walk the Galaxies (.com), which gathers interviews.<\/p>\n<p><img decoding=\"async\" loading=\"lazy\" src=\"https:\/\/www.doclisboa.org\/2019\/wp-content\/uploads\/\/F\u00edlipe-Reis_0003-2-1-450x450.jpg\" alt=\"\" width=\"450\" height=\"450\" class=\"alignnone size-thumbnail wp-image-502611\" srcset=\"https:\/\/www.doclisboa.org\/2019\/wp-content\/uploads\/F\u00edlipe-Reis_0003-2-1-450x450.jpg 450w, https:\/\/www.doclisboa.org\/2019\/wp-content\/uploads\/F\u00edlipe-Reis_0003-2-1.jpg 1515w\" sizes=\"(max-width: 450px) 100vw, 450px\" \/><br \/>\n<strong>Filipe Reis<\/strong><br \/>\nAnthropologist, professor at ISCTE and full member of the Centre for Research in Anthropology. Works and does research in the field of anthropology of media and technology, focussing on sound technologies and on the questioning of the notion of sound landscape. Has developed and coordinated projects involving the making and trying out of new ways of communicating anthropology by resorting to sound and visual arts.<\/p>\n<p><img decoding=\"async\" loading=\"lazy\" src=\"https:\/\/www.doclisboa.org\/2019\/wp-content\/uploads\/\/Rossana-450x450.jpg\" alt=\"\" width=\"450\" height=\"450\" class=\"alignnone size-thumbnail wp-image-502615\" srcset=\"https:\/\/www.doclisboa.org\/2019\/wp-content\/uploads\/Rossana-450x450.jpg 450w, https:\/\/www.doclisboa.org\/2019\/wp-content\/uploads\/Rossana.jpg 494w\" sizes=\"(max-width: 450px) 100vw, 450px\" \/><br \/>\n<strong>Rossana Torres<\/strong><br \/>\nBorn in Romania when her parents were political exiles, and raised by her grandparents in the Beira Baixa region. Studies visual arts and cinema in Lisbon, and then works as editor. Mentors film workshops for children and youngsters and training events for teachers in the scope of European educational programmes of teaching with cinema. Settles in the Baixo Alentejo region and co-directs three films, the last of which, Terra, was awarded at Doclisboa\u201918.<\/p>\n<hr>\n<\/hr>\n<h3>ARCH\u00c9<\/h3>\n<p><img decoding=\"async\" loading=\"lazy\" src=\"https:\/\/www.doclisboa.org\/2019\/wp-content\/uploads\/\/Chi-hui-Yang-450x450.jpg\" alt=\"\" width=\"450\" height=\"450\" class=\"alignnone size-thumbnail wp-image-502617\" \/><br \/>\n<strong>Chi-hui Yang<\/strong><br \/>\nHe has presented programmes such as MoMA\u2019s Documentary Fortnight, \u201cLines and Nodes: Media, Infrastructure, and Aesthetics\u201d (2014, Anthology Film Archives) and \u201cThe Age of Migration\u201d (2008, Flaherty Film Seminar). From 2000-2010 he was director of the San Francisco International Asian American Film Festival. He has a master\u2019s degree in film studies from San Francisco State University and a bachelor\u2019s degree in political science from Stanford University.<\/p>\n<p><img decoding=\"async\" loading=\"lazy\" src=\"https:\/\/www.doclisboa.org\/2019\/wp-content\/uploads\/\/2243_foto-Bianca-Aun_A-Cidade-Onde-Envelhe\u00e7o_set2014_A-450x450.jpg\" alt=\"\" width=\"450\" height=\"450\" class=\"alignnone size-thumbnail wp-image-502619\" \/><br \/>\n<strong>Luana Melga\u00e7o<\/strong><br \/>\nBrazilian Luana Melga\u00e7o is a partner at Anavilhana. She worked as a producer or executive producer on more than 20 short and feature-length films, notably Swirl (2010), Breath (2012), Where I Grow Old (2016), While We Are Here (2019) and Brief Story from the Green Planet (2019). Her films have been screened and awarded at the main film festivals in Brazil and abroad, and commercially released in several countries.<\/p>\n<p><img decoding=\"async\" loading=\"lazy\" src=\"https:\/\/www.doclisboa.org\/2019\/wp-content\/uploads\/\/17EFM_Matthijs-450x450.jpg\" alt=\"\" width=\"450\" height=\"450\" class=\"alignnone size-thumbnail wp-image-502621\" srcset=\"https:\/\/www.doclisboa.org\/2019\/wp-content\/uploads\/17EFM_Matthijs-450x450.jpg 450w, https:\/\/www.doclisboa.org\/2019\/wp-content\/uploads\/17EFM_Matthijs.jpg 646w\" sizes=\"(max-width: 450px) 100vw, 450px\" \/><br \/>\n<strong>Matthijs Wouter Knol<\/strong><br \/>\nMatthijs is the director of the European Film Market since 2014. He worked as creative producer on numerous documentary films and produced film installations, conferences and publications. He ran the IDFAcademy training programme and initiated its Summer School. He headed the Berlinale Talents (2008-2014) and co-founded the Berlinale Residency programme. He is a regular speaker and moderator at conferences and festivals and has been part of international juries.<\/p>\n<hr>\n<\/hr>\n<h3>Green Years<\/h3>\n<p><img decoding=\"async\" loading=\"lazy\" src=\"https:\/\/www.doclisboa.org\/2019\/wp-content\/uploads\/\/IMG_4936-450x450.jpg\" alt=\"\" width=\"450\" height=\"450\" class=\"alignnone size-thumbnail wp-image-502625\" srcset=\"https:\/\/www.doclisboa.org\/2019\/wp-content\/uploads\/IMG_4936-450x450.jpg 450w, https:\/\/www.doclisboa.org\/2019\/wp-content\/uploads\/IMG_4936.jpg 1117w\" sizes=\"(max-width: 450px) 100vw, 450px\" \/><br \/>\n<strong>Alexandra Dias Fortes<\/strong><br \/>\nAlexandra Dias Fortes is a postdoc researcher with the FCT project \u201cFragmentation and Reconfiguration: Experiencing the city between art and philosophy\u201d, coordinated by Maria Filomena Molder and N\u00e9lio Concei\u00e7\u00e3o. She is a full member of IFILNova, and a member of the CultureLab \u2013 Art, Critique and Aesthetic Experience Group. She works mainly in aesthetics, philosophy of language, Wittgenstein, philosophy of the city, and urban aesthetics.<\/p>\n<p><img decoding=\"async\" loading=\"lazy\" src=\"https:\/\/www.doclisboa.org\/2019\/wp-content\/uploads\/\/Katharina-Treboke-450x450.jpg\" alt=\"\" width=\"450\" height=\"450\" class=\"alignnone size-thumbnail wp-image-502629\" \/><br \/>\n<strong>Katharina Tebroke<\/strong><br \/>\nStudied German and English Literature at the Free University of Berlin and received a scholarship to pursue Film Studies at the University of Exeter (UK) before working as a production assistant, project manager and junior producer in various renowned German film companies. Joined the German Film and Television Academy Berlin in 2011 as head of studies and is responsible for student productions from script development to postproduction.<\/p>\n<p><img decoding=\"async\" loading=\"lazy\" src=\"https:\/\/www.doclisboa.org\/2019\/wp-content\/uploads\/\/11146278_10206554741296322_6085266810629051814_n-3-450x450.jpg\" alt=\"\" width=\"450\" height=\"450\" class=\"alignnone size-thumbnail wp-image-502627\" srcset=\"https:\/\/www.doclisboa.org\/2019\/wp-content\/uploads\/11146278_10206554741296322_6085266810629051814_n-3-450x450.jpg 450w, https:\/\/www.doclisboa.org\/2019\/wp-content\/uploads\/11146278_10206554741296322_6085266810629051814_n-3.jpg 960w\" sizes=\"(max-width: 450px) 100vw, 450px\" \/><br \/>\n<strong>S\u00e9lina Boye<\/strong><br \/>\nHas a degree in arts management. After living in Brazil and in the US, she settled in Paris and started her career at The Festival Agency (TFA) in 2016. Manages festivals in Benelux, Scandinavia, Portugal, France, Switzerland, Italy, Bulgaria and Israel. Builds festivals strategy on behalf of big studios and independent producers and directors. TFA has offices in Paris, Los Angeles, Barcelona and recently Portugal, since S\u00e9lina has moved to Lisbon.<\/p>\n<p><img decoding=\"async\" loading=\"lazy\" src=\"https:\/\/www.doclisboa.org\/2019\/wp-content\/uploads\/\/Foto-450x450.jpg\" alt=\"\" width=\"450\" height=\"450\" class=\"alignnone size-thumbnail wp-image-502631\" srcset=\"https:\/\/www.doclisboa.org\/2019\/wp-content\/uploads\/Foto-450x450.jpg 450w, https:\/\/www.doclisboa.org\/2019\/wp-content\/uploads\/Foto.jpg 992w\" sizes=\"(max-width: 450px) 100vw, 450px\" \/><br \/>\n<strong>Silas Tiny<\/strong><br \/>\nWas born in S\u00e3o Tom\u00e9 and Pr\u00edncipe, and emigrated with his family to Portugal at the age of 5. Studied at the Lisbon Theatre and Film School. In 2012, directed his first feature-length documentary film, Bafat\u00e1 Filme Clube. In 2017, directed a second documentary film, O Canto do Ossob\u00f3, released and premiered at Doclisboa. Currently works on the post-production of his next film, and researches new projects for future development.<\/p>\n<hr>\n<\/hr>\n<h3>Schools Jury<\/h3>\n<p><strong>ETIC \u2013 Technology, Innovation and Creation School<\/strong><br \/>\nAndr\u00e9 Amaral (Film and Television)<br \/>\nDaniel Vilela (Film and Television)<br \/>\nFrederica Costa (Film and Television)<br \/>\n\u00cdris D\u00f3rdio (Communication Design and Multimedia)<br \/>\nJoana Carvalho (Communication Design and Multimedia)<\/p>\n","protected":false},"excerpt":{"rendered":"<p>International Competition Billy Woodberry Woodberry is one of the founders of the L.A. Rebellion film movement. His first feature film, Bless Their Little Hearts (1983), is a pioneer and essential work of this movement, influenced by Italian neo-realism and the work of Third Cinema filmmakers. His work has been screened at Cannes and Berlin Film <a href=\"https:\/\/www.doclisboa.org\/2019\/en\/current-edition\/jury\/\" class=\"more-link\">&#8230;<\/a><\/p>\n","protected":false},"author":1,"featured_media":0,"parent":66,"menu_order":5,"comment_status":"closed","ping_status":"closed","template":"page-juri.php","meta":{"_exactmetrics_skip_tracking":false,"_exactmetrics_sitenote_active":false,"_exactmetrics_sitenote_note":"","_exactmetrics_sitenote_category":0,"footnotes":""},"_links":{"self":[{"href":"https:\/\/www.doclisboa.org\/2019\/en\/wp-json\/wp\/v2\/pages\/84"}],"collection":[{"href":"https:\/\/www.doclisboa.org\/2019\/en\/wp-json\/wp\/v2\/pages"}],"about":[{"href":"https:\/\/www.doclisboa.org\/2019\/en\/wp-json\/wp\/v2\/types\/page"}],"author":[{"embeddable":true,"href":"https:\/\/www.doclisboa.org\/2019\/en\/wp-json\/wp\/v2\/users\/1"}],"replies":[{"embeddable":true,"href":"https:\/\/www.doclisboa.org\/2019\/en\/wp-json\/wp\/v2\/comments?post=84"}],"version-history":[{"count":0,"href":"https:\/\/www.doclisboa.org\/2019\/en\/wp-json\/wp\/v2\/pages\/84\/revisions"}],"up":[{"embeddable":true,"href":"https:\/\/www.doclisboa.org\/2019\/en\/wp-json\/wp\/v2\/pages\/66"}],"wp:attachment":[{"href":"https:\/\/www.doclisboa.org\/2019\/en\/wp-json\/wp\/v2\/media?parent=84"}],"curies":[{"name":"wp","href":"https:\/\/api.w.org\/{rel}","templated":true}]}}