{"id":45,"date":"2018-09-13T13:04:03","date_gmt":"2018-09-13T13:04:03","guid":{"rendered":"http:\/\/localhost\/doc1000\/?page_id=45"},"modified":"2019-10-08T10:16:02","modified_gmt":"2019-10-08T10:16:02","slug":"team","status":"publish","type":"page","link":"https:\/\/www.doclisboa.org\/2019\/en\/doclisboa\/team\/","title":{"rendered":"Team"},"content":{"rendered":"<p><strong>Organisation<\/strong><br \/>\nApordoc \u2013 Portuguese Documentary Association<\/p>\n<p><strong>Co-Production<\/strong><br \/>\nCinema S\u00e3o Jorge<br \/>\nCulturgest<br \/>\nCinemateca Portuguesa<\/p>\n<p><strong>Direction<\/strong><br \/>\nC\u00edntia Gil<\/p>\n<p><strong>Executive Director<\/strong><br \/>\n<a href=\"mailto:joana.gusmao@apordoc.org\" target=\"_blank\" rel=\"noopener noreferrer\">Joana Gusm\u00e3o<\/a><\/p>\n<p><strong>Associate Programmer<\/strong><br \/>\nAgn\u00e8s Wildenstein<\/p>\n<p><strong>Programme Coordinators<\/strong><br \/>\nMiguel Ribeiro<br \/>\n<a href=\"mailto:programme@apordoc.org\" target=\"_blank\" rel=\"noopener noreferrer\">Joana Sousa<\/a><br \/>\nMariana Santana (Assistant)<\/p>\n<p><strong>Jocelyne Saab Retrospective Curator<\/strong><br \/>\nDavide Oberto<\/p>\n<p><strong>Rise and Fall of the Wall \u2013 The Cinema of East Germany Retrospective Curator<\/strong><br \/>\nAgn\u00e8s Wildenstein<\/p>\n<p><strong>Direction Assistant<\/strong><br \/>\nLuca D\u2019Introno<\/p>\n<p><strong>Programme<\/strong><br \/>\nAgn\u00e8s Wildenstein<br \/>\nAna Pereira<br \/>\nAndr\u00e9 Gil Mata<br \/>\nC\u00edntia Gil<br \/>\nDavide Oberto<br \/>\nJoana Gusm\u00e3o<br \/>\nJoana Sousa<br \/>\nJustin Jaeckle<br \/>\nMiguel Ribeiro<br \/>\nTom\u00e1s Baltazar<\/p>\n<p><strong>Curator &#8211; Invited director Sofia Bohdanowicz<\/strong><br \/>\nAdam Cook<\/p>\n<p><strong>Arch\u00e9<\/strong><br \/>\nAndr\u00e9s Duque, Karen Akerman, Miquel Mart\u00ed Freixas, Virginia Garc\u00eda del Pino (Tutors)<br \/>\nAna Pereira (Coordinator and Producer)<br \/>\nAdri\u00e1n Gonz\u00e1lez (Assistant)<\/p>\n<p><strong>Communication and Press<\/strong><br \/>\nTeresa Vieira (Coordinator)<br \/>\nCatarina Cal\u00e7as (Assistant)<br \/>\nCentral de Informa\u00e7\u00e3o (Press Consultancy)<\/p>\n<p><strong>International Press Consultant<\/strong><br \/>\nGloria Zerbinati<\/p>\n<p><strong>Parallel Activities Coordinator<\/strong><br \/>\nJoana Sousa<\/p>\n<p><strong>Doc Alliance and Extensions Coordinators<\/strong><br \/>\nAna Pereira<\/p>\n<p><strong>Nebulae Coordinator<\/strong><br \/>\nGlenda Balucani<\/p>\n<p><strong>Production<\/strong><br \/>\nBenedita Blattmann<br \/>\nMaria Jo\u00e3o Malheiro (Assistant)<\/p>\n<p><strong>Technical Director<\/strong><br \/>\nC\u00e9sar Pedro<br \/>\nLucas de Lima (Assistant)<\/p>\n<p><strong>Print Traffic<\/strong><br \/>\nLaura Lomanto<br \/>\nBeatriz Aur\u00e9lio (Assistant)<\/p>\n<p><strong>Guest Office<\/strong><br \/>\n<a href=\"mailto:guestoffice@doclisboa.org\" target=\"_blank\" rel=\"noopener noreferrer\">Hannya Melo<\/a><br \/>\nJ\u00falia Pedro (Assistant)<\/p>\n<p><strong>Educational Project<\/strong><br \/>\n<a href=\"mailto:projecto.educativo@doclisboa.org\" target=\"_blank\" rel=\"noopener noreferrer\">Sara Marques<\/a> (Coordinator)<br \/>\nCl\u00e1udia Alves, Tom\u00e1s Baltazar (Docs 4 Kids)<br \/>\nMafalda Deylhot (Assistant)<\/p>\n<p><strong>Projectionists<\/strong><br \/>\nCarlos Manuel Fernandes<br \/>\nFranco Bosco<\/p>\n<p><strong>Publications<\/strong><br \/>\nNuno Ventura Barbosa (Coordena\u00e7\u00e3o e Edi\u00e7\u00e3o \/ Coordinator and Editor)<\/p>\n<p><strong>Translations<\/strong><br \/>\nNuno Ventura Barbosa<\/p>\n<p><strong>Graphic Design<\/strong><br \/>\nPedro Nora<\/p>\n<p><strong>Assistant Designer<\/strong><br \/>\nClaudia Lancaster<\/p>\n<p><strong>Website<\/strong><br \/>\nSara Orsi<\/p>\n<p><strong>IT Support<\/strong><br \/>\nNelson Lopes \u2013 naoarranca.com<\/p>\n<p><strong>Audiovisual Coverage<\/strong><br \/>\nEscola de Tecnologias Inova\u00e7\u00e3o e Criatividade \u2013 ETIC<br \/>\nEscola Art\u00edstica Ant\u00f3nio Arroio<\/p>\n<p><strong>Video Spot<\/strong><br \/>\nEquipa Doclisboa<br \/>\nPaulo Menezes (cinematography)<br \/>\nAround Meridian (support)<\/p>\n<p><strong>Photography<\/strong><br \/>\nAl\u00edpio Padilha<br \/>\nGon\u00e7alo Castelo Soares<\/p>\n<p><strong>Translation and Subtitling<\/strong><br \/>\nAlexandre Baptista<br \/>\nBerta Ehrlich<br \/>\nCl\u00e1udia Pinto<br \/>\nGuilherme Monteiro<br \/>\nJos\u00e9 Manuel Dias<br \/>\nLeonel Duarte<br \/>\nMadalena Rebelo<br \/>\nPatr\u00edcia Azevedo Silva<br \/>\nPatr\u00edcia Pimentel<br \/>\nPaulo Fonseca<br \/>\nRudolfo Martins<br \/>\nRui Quaresma<br \/>\nRui Teixeira<\/p>\n<p><strong>Live Captioning<\/strong><br \/>\nAlexandre Baptista<br \/>\nCl\u00e1udia Pinto<br \/>\nEduardo da Motta<br \/>\nGuilherme Monteiro<br \/>\nMarta Lisboa<br \/>\nPatr\u00edcia Pimentel<br \/>\nRudolfo Martins<br \/>\nRui Teixeira<\/p>\n<p><strong>Ticket Office Management<\/strong><br \/>\nBruno Sousa<\/p>\n<p><strong>Invitations<\/strong><br \/>\nEmanuela Chineli<\/p>\n<p><strong>Cinema Supervisors<\/strong><br \/>\nRodrigo Melo (Cinema S\u00e3o Jorge)<br \/>\nM\u00e1rio Ponte (Culturgest)<\/p>\n<p><strong>Volunteers Coordinator<\/strong><br \/>\nCarolina Rainho<\/p>\n<p><strong>Drivers<\/strong><br \/>\nAfonso Martins (Coordinator)<br \/>\nMiguel Garcia<br \/>\nRaquel Rolim Batista<\/p>\n<p><strong>Treasurer and Accounting<\/strong><br \/>\nAna Flores \u2013 Enumerarte<\/p>\n","protected":false},"excerpt":{"rendered":"<p>Organisation Apordoc \u2013 Portuguese Documentary Association Co-Production Cinema S\u00e3o Jorge Culturgest Cinemateca Portuguesa Direction C\u00edntia Gil Executive Director Joana Gusm\u00e3o Associate Programmer Agn\u00e8s Wildenstein Programme Coordinators Miguel Ribeiro Joana Sousa Mariana Santana (Assistant) Jocelyne Saab Retrospective Curator Davide Oberto Rise and Fall of the Wall \u2013 The Cinema of East Germany Retrospective Curator Agn\u00e8s Wildenstein <a href=\"https:\/\/www.doclisboa.org\/2019\/en\/doclisboa\/team\/\" class=\"more-link\">&#8230;<\/a><\/p>\n","protected":false},"author":1,"featured_media":0,"parent":28,"menu_order":3,"comment_status":"closed","ping_status":"closed","template":"page-texto.php","meta":{"_exactmetrics_skip_tracking":false,"_exactmetrics_sitenote_active":false,"_exactmetrics_sitenote_note":"","_exactmetrics_sitenote_category":0,"footnotes":""},"_links":{"self":[{"href":"https:\/\/www.doclisboa.org\/2019\/en\/wp-json\/wp\/v2\/pages\/45"}],"collection":[{"href":"https:\/\/www.doclisboa.org\/2019\/en\/wp-json\/wp\/v2\/pages"}],"about":[{"href":"https:\/\/www.doclisboa.org\/2019\/en\/wp-json\/wp\/v2\/types\/page"}],"author":[{"embeddable":true,"href":"https:\/\/www.doclisboa.org\/2019\/en\/wp-json\/wp\/v2\/users\/1"}],"replies":[{"embeddable":true,"href":"https:\/\/www.doclisboa.org\/2019\/en\/wp-json\/wp\/v2\/comments?post=45"}],"version-history":[{"count":0,"href":"https:\/\/www.doclisboa.org\/2019\/en\/wp-json\/wp\/v2\/pages\/45\/revisions"}],"up":[{"embeddable":true,"href":"https:\/\/www.doclisboa.org\/2019\/en\/wp-json\/wp\/v2\/pages\/28"}],"wp:attachment":[{"href":"https:\/\/www.doclisboa.org\/2019\/en\/wp-json\/wp\/v2\/media?parent=45"}],"curies":[{"name":"wp","href":"https:\/\/api.w.org\/{rel}","templated":true}]}}