{"id":2693,"date":"2018-10-01T08:58:33","date_gmt":"2018-10-01T08:58:33","guid":{"rendered":"http:\/\/localhost\/doc1000\/?page_id=2693"},"modified":"2019-10-09T13:12:40","modified_gmt":"2019-10-09T13:12:40","slug":"tickets","status":"publish","type":"page","link":"https:\/\/www.doclisboa.org\/2019\/en\/informations\/tickets\/","title":{"rendered":"Tickets"},"content":{"rendered":"<p>Tickets on sale from October 2 at the central ticket office at Culturgest and Ticketline.<\/p>\n<p>The central ticket offices at Culturgest and Cinema S\u00e3o Jorge sell tickets for all Doclisboa sessions. In the case of Cinemateca Portuguesa, Cinemateca J\u00fanior and Cinema Ideal, only until the day prior to the session (on the day of the session the ticket must be bought at each venue\u2019s ticket office).<\/p>\n<p>The Doclisboa book of tickets can be bought at Culturgest or Cinema S\u00e3o Jorge, and can be used for all sessions. The exchange for tickets for the sessions at Cinemateca Portuguesa, Cinemateca J\u00fanior and Cinema Ideal can only be made at the central ticket offices and until the day prior to the session. The exchange for tickets is not limited to one per session.<\/p>\n<h3>Ticketline<\/h3>\n<p>Tickets on sale at www.ticketline.sapo.pt, A.B.E.P., Ag\u00eancias Abreu, ASK ME Lisboa, C. C. Dolce Vita Tejo, Cascais Visitor Center, Casino Lisboa, Centro Cultural de Bel\u00e9m, E. Leclerc Guimar\u00e3es and Famalic\u00e3o, El Corte Ingl\u00e9s, Fnac, F\u00f3rum Aveiro, Galerias Campo Pequeno, IT-Tabacarias Amadora and Estoril, MMM Ticket, Mundicenter, Pavilh\u00e3o Multiusos de Guimar\u00e3es, Shopping Cidade do Porto, SuperCor \u2013 Supermercados, Teatro Tivoli BBVA, Time Out Mercado da Ribeira, U-Ticketline and Worten.<br \/>\nInformation and bookings: dial +351 1820 (24h) | From outside the country dial +351 217 941 400<\/p>\n<p><a href=\"https:\/\/ticketline.sapo.pt\/pesquisa?query=doclisboa&#038;district=&#038;venue=&#038;category=&#038;from=&#038;to=\" target=\"_blank\"><strong>BUY TICKETS IN TICKELINE<\/strong><br \/>\n<\/a><\/p>\n<h3>Ticket prices<\/h3>\n<p><strong>No discount tickets<\/strong><br \/>\n\u2022 Normal ticket \u2013 \u20ac4.50<br \/>\n\u2022 Normal ticket Cinemateca Portuguesa and Cinemateca J\u00fanior \u2013 \u20ac3.20<\/p>\n<p><strong>Discount tickets<\/strong><br \/>\n\u2022 Under 30, over 65 and unemployed upon presentation of any supporting document (with the exception of Cinemateca Portuguesa and Cinemateca J\u00fanior) \u2013 \u20ac3.50<br \/>\n\u2022 Students, holders of the Cart\u00e3o Jovem card, retired, and pensioners (only at Cinemateca Portuguesa and Cinemateca J\u00fanior) \u2013 \u20ac2.15<br \/>\n\u2022 Cinemateca Portuguesa members and film students (only at Cinemateca Portuguesa and Cinemateca J\u00fanior) \u2013 \u20ac1.35<br \/>\n\u2022 Under 16 (only at Cinemateca J\u00fanior) \u2013 \u20ac1.10<br \/>\n\u2022 Apordoc members upon presentation of the Apordoc Member card and some other identification card (only at Culturgest and Cinema S\u00e3o Jorge) \u2013 \u20ac2<br \/>\n\u2022 C.M.L. workers (only at Cinema S\u00e3o Jorge) \u2013 \u20ac3,50<br \/>\n\u2022 School groups (at least 10 people) at Cinemateca Portuguesa and Cinemateca J\u00fanior \u2013 \u20ac1.35. Bookings must be made beforehand at projecto.educativo@doclisboa.org<br \/>\n\u2022 School groups (at least 10 people) at Culturgest and Cinema S\u00e3o Jorge \u2013 \u20ac1. With the exception of the opening and closing sessions. Bookings must be made beforehand at projecto.educativo@doclisboa.org<\/p>\n<p><strong>Vouchers<\/strong><br \/>\n\u2022 Book of 5 tickets \u2013 \u20ac16<br \/>\n\u2022 Book of 10 tickets \u2013 \u20ac30<br \/>\n\u2022 Book of 20 tickets \u2013 \u20ac55<\/p>\n<p><strong>Accreditations<\/strong><br \/>\nAvailable at doclisboa.org\/2019\/acreditacoes<br \/>\n\u2022 Film industry professionals \u2013 \u20ac65<br \/>\n\u2022 Students \u2013 \u20ac40<\/p>\n<p><strong>Docs 4 Kids workshops for families<\/strong><br \/>\n\u2022 Normal ticket \u2013 \u20ac4.50<br \/>\n\u2022 Inatel Foundation members \u2013 \u20ac3.50<br \/>\nSold at Cinema S\u00e3o Jorge. Bookings must be made beforehand.<br \/>\nBookings: projecto.educativo@doclisboa.org<\/p>\n<p><strong>Docs 4 Kids workshops for schools<\/strong><br \/>\n\u2022 \u20ac1 per child (at least ten students). Bookings must be made beforehand.<br \/>\nBookings: projecto.educativo@doclisboa.org<\/p>\n<p>All films are subtitled in Portuguese and English with the exception of the Portraits XL series, screened in French without subtitles.<\/p>\n<h3>Festival films rating<\/h3>\n<p>All films rated PG-12 except:<br \/>\nA Boy Needs a Friend, Multiple Orgasm, Santikhiri Sonata and That Which Does Not Kill \u2013 R-16.<\/p>\n<p><strong>Programme may be subject to changes<\/strong><\/p>\n","protected":false},"excerpt":{"rendered":"<p>Tickets on sale from October 2 at the central ticket office at Culturgest and Ticketline. The central ticket offices at Culturgest and Cinema S\u00e3o Jorge sell tickets for all Doclisboa sessions. In the case of Cinemateca Portuguesa, Cinemateca J\u00fanior and Cinema Ideal, only until the day prior to the session (on the day of the <a href=\"https:\/\/www.doclisboa.org\/2019\/en\/informations\/tickets\/\" class=\"more-link\">&#8230;<\/a><\/p>\n","protected":false},"author":1,"featured_media":0,"parent":427,"menu_order":0,"comment_status":"closed","ping_status":"closed","template":"page-texto.php","meta":{"_exactmetrics_skip_tracking":false,"_exactmetrics_sitenote_active":false,"_exactmetrics_sitenote_note":"","_exactmetrics_sitenote_category":0,"footnotes":""},"_links":{"self":[{"href":"https:\/\/www.doclisboa.org\/2019\/en\/wp-json\/wp\/v2\/pages\/2693"}],"collection":[{"href":"https:\/\/www.doclisboa.org\/2019\/en\/wp-json\/wp\/v2\/pages"}],"about":[{"href":"https:\/\/www.doclisboa.org\/2019\/en\/wp-json\/wp\/v2\/types\/page"}],"author":[{"embeddable":true,"href":"https:\/\/www.doclisboa.org\/2019\/en\/wp-json\/wp\/v2\/users\/1"}],"replies":[{"embeddable":true,"href":"https:\/\/www.doclisboa.org\/2019\/en\/wp-json\/wp\/v2\/comments?post=2693"}],"version-history":[{"count":0,"href":"https:\/\/www.doclisboa.org\/2019\/en\/wp-json\/wp\/v2\/pages\/2693\/revisions"}],"up":[{"embeddable":true,"href":"https:\/\/www.doclisboa.org\/2019\/en\/wp-json\/wp\/v2\/pages\/427"}],"wp:attachment":[{"href":"https:\/\/www.doclisboa.org\/2019\/en\/wp-json\/wp\/v2\/media?parent=2693"}],"curies":[{"name":"wp","href":"https:\/\/api.w.org\/{rel}","templated":true}]}}