{"id":149,"date":"2018-09-14T00:02:28","date_gmt":"2018-09-14T00:02:28","guid":{"rendered":"http:\/\/localhost\/doc1000\/?page_id=149"},"modified":"2019-10-01T23:37:04","modified_gmt":"2019-10-01T23:37:04","slug":"from-the-earth-to-the-moon","status":"publish","type":"page","link":"https:\/\/www.doclisboa.org\/2019\/en\/current-edition\/sections\/from-the-earth-to-the-moon\/","title":{"rendered":"From the Earth to the Moon"},"content":{"rendered":"<p>Several authors who have been with us return with new films: Werner Herzog, Lech Kowalski, Teresa Villaverde, \u00c9ric Baudelaire, S\u00e9bastien Lifschitz. Lu\u00edsa Homem introduces us to the universe of Suzanne Daveau. Thomas Heise presents a family investigation intersecting the recent history of Germany and Europe. Camilo de Sousa and Isabel Noronha share memories from post-independence Mozambique that are paramount to think about our recent history. Pierre-Marie Goulet guides us through the crossovers between Portuguese and Muslim cultures. Films from so many territories that present us with past, present and future.<\/p>\n","protected":false},"excerpt":{"rendered":"<p>Several authors who have been with us return with new films: Werner Herzog, Lech Kowalski, Teresa Villaverde, \u00c9ric Baudelaire, S\u00e9bastien Lifschitz. Lu\u00edsa Homem introduces us to the universe of Suzanne Daveau. Thomas Heise presents a family investigation intersecting the recent history of Germany and Europe. Camilo de Sousa and Isabel Noronha share memories from post-independence <a href=\"https:\/\/www.doclisboa.org\/2019\/en\/current-edition\/sections\/from-the-earth-to-the-moon\/\" class=\"more-link\">&#8230;<\/a><\/p>\n","protected":false},"author":1,"featured_media":501849,"parent":133,"menu_order":8,"comment_status":"closed","ping_status":"closed","template":"page-seccao-sessoes.php","meta":{"_exactmetrics_skip_tracking":false,"_exactmetrics_sitenote_active":false,"_exactmetrics_sitenote_note":"","_exactmetrics_sitenote_category":0,"footnotes":""},"_links":{"self":[{"href":"https:\/\/www.doclisboa.org\/2019\/en\/wp-json\/wp\/v2\/pages\/149"}],"collection":[{"href":"https:\/\/www.doclisboa.org\/2019\/en\/wp-json\/wp\/v2\/pages"}],"about":[{"href":"https:\/\/www.doclisboa.org\/2019\/en\/wp-json\/wp\/v2\/types\/page"}],"author":[{"embeddable":true,"href":"https:\/\/www.doclisboa.org\/2019\/en\/wp-json\/wp\/v2\/users\/1"}],"replies":[{"embeddable":true,"href":"https:\/\/www.doclisboa.org\/2019\/en\/wp-json\/wp\/v2\/comments?post=149"}],"version-history":[{"count":0,"href":"https:\/\/www.doclisboa.org\/2019\/en\/wp-json\/wp\/v2\/pages\/149\/revisions"}],"up":[{"embeddable":true,"href":"https:\/\/www.doclisboa.org\/2019\/en\/wp-json\/wp\/v2\/pages\/133"}],"wp:featuredmedia":[{"embeddable":true,"href":"https:\/\/www.doclisboa.org\/2019\/en\/wp-json\/wp\/v2\/media\/501849"}],"wp:attachment":[{"href":"https:\/\/www.doclisboa.org\/2019\/en\/wp-json\/wp\/v2\/media?parent=149"}],"curies":[{"name":"wp","href":"https:\/\/api.w.org\/{rel}","templated":true}]}}