{"id":321,"date":"2017-09-16T14:35:34","date_gmt":"2017-09-16T14:35:34","guid":{"rendered":"http:\/\/www.doclisboa.org\/2017\/?page_id=321"},"modified":"2017-09-25T22:02:40","modified_gmt":"2017-09-25T22:02:40","slug":"bilhetes","status":"publish","type":"page","link":"http:\/\/www.doclisboa.org\/2017\/informacoes\/bilhetes\/","title":{"rendered":"Bilhetes"},"content":{"rendered":"<p>Bilhetes \u00e0 venda a partir de 22 de Setembro na bilheteira central (Culturgest) e Ticketline.<\/p>\n<p>&nbsp;<\/p>\n<p>Na Culturgest, a bilheteira central vende entradas para qualquer sess\u00e3o do Doclisboa. No caso da Cinemateca Portuguesa, Cinema Ideal e Museu do Oriente, apenas at\u00e9 ao dia anterior \u00e0 sess\u00e3o (no pr\u00f3prio dia, o bilhete dever\u00e1 ser adquirido na respectiva bilheteira).<\/p>\n<p>&nbsp;<\/p>\n<p>O <em>voucher<\/em> Doclisboa pode ser comprado na bilheteira central do Festival (Culturgest) ou no Cinema S\u00e3o Jorge e \u00e9 v\u00e1lido para todas as sess\u00f5es (\u00e0 excep\u00e7\u00e3o das sess\u00f5es de abertura e encerramento). A troca do <em>voucher<\/em> por bilhetes para a Cinemateca Portuguesa, Cinema Ideal e Museu do Oriente s\u00f3 pode ser feita na bilheteira central e at\u00e9 ao dia anterior \u00e0 sess\u00e3o. O <em>voucher<\/em> permite levantar mais do que um bilhete para cada sess\u00e3o.<\/p>\n<p>&nbsp;<\/p>\n<p><strong>Ticketline<\/strong><br \/>\nBilhetes \u00e0 venda em www.ticketline.sapo.pt, Fnac, Worten, El Corte Ingl\u00e9s , C. C. Dolce Vita, Casino de Lisboa, Galerias Campo Pequeno, Ag\u00eancias Abreu, A.B.E.P., MMM Ticket, C. C. Mundicenter, U-Ticketline, C.C.B e Shopping Cidade do Porto.<br \/>\nReservas\/informa\u00e7\u00f5es: ligue 1820 (24h) | Do estrangeiro, ligue +351 217 941 400<\/p>\n<p>&nbsp;<\/p>\n<p><strong>Pre\u00e7os dos bilhetes<\/strong><\/p>\n<p>&nbsp;<\/p>\n<p><strong>Bilhetes sem desconto<\/strong><br \/>\nBilhete normal avulso (\u00e0 excep\u00e7\u00e3o da Cinemateca Portuguesa) \u2013 4 Euros<br \/>\nBilhete normal Cinemateca Portuguesa \u2013 3,20 Euros<\/p>\n<p>&nbsp;<\/p>\n<p><strong>Bilhetes com desconto<\/strong><br \/>\nBilhete com desconto para jovens at\u00e9 aos 30 anos, maiores de 65 anos e desempregados mediante a apresenta\u00e7\u00e3o de cart\u00e3o do IEFP (\u00e0 excep\u00e7\u00e3o da Cinemateca Portuguesa) \u2013 3,50 Euros<br \/>\nBilhete com desconto para estudantes, Cart\u00e3o Jovem, reformados e pensionistas (apenas na Cinemateca Portuguesa) \u2013 2,15 Euros<br \/>\nBilhete com desconto para amigos da Cinemateca e estudantes de cinema (apenas na Cinemateca Portuguesa) \u2013 1,35 Euros<br \/>\nBilhete com desconto para s\u00f3cios Apordoc mediante a apresenta\u00e7\u00e3o do Cart\u00e3o de S\u00f3cio Apordoc e de um outro documento identificativo de identidade (\u00e0 excep\u00e7\u00e3o da Cinemateca Portuguesa e Cinema Ideal) \u2013 2 Euros<br \/>\nBilhete com desconto para funcion\u00e1rios da C.M.L. (apenas no Cinema S\u00e3o Jorge) \u2013 3,50 Euros<br \/>\nGrupos Escolares (m\u00ednimo 10 pessoas) \u2013 1 Euro (apenas Culturgest, Cinema S\u00e3o Jorge e Museu do Oriente), \u00e0 excep\u00e7\u00e3o das sess\u00f5es de abertura e encerramento e mediante inscri\u00e7\u00e3o pr\u00e9via em projecto.educativo@doclisboa.org<\/p>\n<p>&nbsp;<\/p>\n<p><strong>Vouchers<\/strong><br \/>\n<em>Voucher<\/em> de 5 bilhetes \u2013 16 Euros<br \/>\n<em>Voucher<\/em> de 10 bilhetes \u2013 30 Euros<br \/>\n<em>Voucher<\/em> de 20 bilhetes \u2013 55 Euros<br \/>\nNa compra de um <em>voucher<\/em> de 20 bilhetes, a Filmin oferece um m\u00eas de subscri\u00e7\u00e3o gratuita<\/p>\n<p>&nbsp;<\/p>\n<p><strong>Passagens<\/strong><br \/>\nDomingo a sexta \u2013 5 Euros<br \/>\nBilhetes \u00e0 venda no Museu Cole\u00e7\u00e3o Berardo<br \/>\nS\u00e1bados \u2013 entrada gratuita<\/p>\n<p>&nbsp;<\/p>\n<p><strong>Ateliers Docs 4 Kids para fam\u00edlias<\/strong><br \/>\nBilhete normal \u2013 4 Euros<br \/>\nBilhete com desconto para s\u00f3cios da Funda\u00e7\u00e3o Inatel \u2013 3,5 Euros<br \/>\n\u00c0 venda no Cinema S\u00e3o Jorge ou Museu do Oriente mediante inscri\u00e7\u00e3o pr\u00e9via<br \/>\nInscri\u00e7\u00f5es: projecto.educativo@doclisboa.org<\/p>\n<p>&nbsp;<\/p>\n<p><strong>Ateliers Docs 4 Kids para escolas<\/strong><br \/>\n1\u20ac por crian\u00e7a (m\u00ednimo 10 alunos) mediante inscri\u00e7\u00e3o pr\u00e9via<br \/>\nInscri\u00e7\u00f5es: projecto.educativo@doclisboa.org<\/p>\n<p>&nbsp;<\/p>\n<p><strong>Todos os filmes s\u00e3o legendados em portugu\u00eas e ingl\u00eas, excepto aqueles cujos realizadores expressamente indicaram que n\u00e3o fossem.<\/strong><\/p>\n<p>&nbsp;<\/p>\n<p><strong>Classifica\u00e7\u00e3o et\u00e1ria do Festival<\/strong><br \/>\nMaiores de 12 anos \u00e0 excep\u00e7\u00e3o de:<br \/>\n<em>Balagan, Borderhole, Gummo, Monkey, Ostrich and Grave, Tainted Horseplay, Tell Me when You die, Those who make Revolution Halfway only dig Their Own Graves e Traps<\/em> \u2013 Maiores de 16 anos.<\/p>\n<p>&nbsp;<\/p>\n<p><strong>Programa sujeito a altera\u00e7\u00f5es<\/strong><\/p>\n","protected":false},"excerpt":{"rendered":"<p>Bilhetes \u00e0 venda a partir de 22 de Setembro na bilheteira central (Culturgest) e Ticketline. &nbsp; Na Culturgest, a bilheteira central vende entradas para qualquer sess\u00e3o do Doclisboa. No caso da Cinemateca Portuguesa, Cinema Ideal e Museu do Oriente, apenas at\u00e9 ao dia anterior \u00e0 sess\u00e3o (no pr\u00f3prio dia, o bilhete dever\u00e1 ser adquirido na [&hellip;]<\/p>\n","protected":false},"author":1,"featured_media":0,"parent":313,"menu_order":0,"comment_status":"closed","ping_status":"closed","template":"","meta":{"_exactmetrics_skip_tracking":false,"_exactmetrics_sitenote_active":false,"_exactmetrics_sitenote_note":"","_exactmetrics_sitenote_category":0,"footnotes":""},"class_list":["post-321","page","type-page","status-publish","hentry"],"acf":[],"yoast_head":"<!-- This site is optimized with the Yoast SEO plugin v21.4 - https:\/\/yoast.com\/wordpress\/plugins\/seo\/ -->\n<title>Bilhetes - Doclisboa 2017<\/title>\n<meta name=\"robots\" content=\"index, follow, max-snippet:-1, max-image-preview:large, max-video-preview:-1\" \/>\n<link rel=\"canonical\" href=\"http:\/\/www.doclisboa.org\/2017\/informacoes\/bilhetes\/\" \/>\n<meta property=\"og:locale\" content=\"en_US\" \/>\n<meta property=\"og:type\" content=\"article\" \/>\n<meta property=\"og:title\" content=\"Bilhetes - Doclisboa 2017\" \/>\n<meta property=\"og:description\" content=\"Bilhetes \u00e0 venda a partir de 22 de Setembro na bilheteira central (Culturgest) e Ticketline. &nbsp; Na Culturgest, a bilheteira central vende entradas para qualquer sess\u00e3o do Doclisboa. No caso da Cinemateca Portuguesa, Cinema Ideal e Museu do Oriente, apenas at\u00e9 ao dia anterior \u00e0 sess\u00e3o (no pr\u00f3prio dia, o bilhete dever\u00e1 ser adquirido na [&hellip;]\" \/>\n<meta property=\"og:url\" content=\"http:\/\/www.doclisboa.org\/2017\/informacoes\/bilhetes\/\" \/>\n<meta property=\"og:site_name\" content=\"Doclisboa 2017\" \/>\n<meta property=\"article:modified_time\" content=\"2017-09-25T22:02:40+00:00\" \/>\n<meta property=\"og:image\" content=\"http:\/\/www.doclisboa.org\/2017\/imagem_defeito\/default_image_doclisboa.jpg\" \/>\n<meta name=\"twitter:card\" content=\"summary_large_image\" \/>\n<meta name=\"twitter:label1\" content=\"Est. reading time\" \/>\n\t<meta name=\"twitter:data1\" content=\"3 minutes\" \/>\n<script type=\"application\/ld+json\" class=\"yoast-schema-graph\">{\"@context\":\"https:\/\/schema.org\",\"@graph\":[{\"@type\":\"WebPage\",\"@id\":\"http:\/\/www.doclisboa.org\/2017\/informacoes\/bilhetes\/\",\"url\":\"http:\/\/www.doclisboa.org\/2017\/informacoes\/bilhetes\/\",\"name\":\"Bilhetes - Doclisboa 2017\",\"isPartOf\":{\"@id\":\"http:\/\/www.doclisboa.org\/2017\/#website\"},\"datePublished\":\"2017-09-16T14:35:34+00:00\",\"dateModified\":\"2017-09-25T22:02:40+00:00\",\"breadcrumb\":{\"@id\":\"http:\/\/www.doclisboa.org\/2017\/informacoes\/bilhetes\/#breadcrumb\"},\"inLanguage\":\"en-US\",\"potentialAction\":[{\"@type\":\"ReadAction\",\"target\":[\"http:\/\/www.doclisboa.org\/2017\/informacoes\/bilhetes\/\"]}]},{\"@type\":\"BreadcrumbList\",\"@id\":\"http:\/\/www.doclisboa.org\/2017\/informacoes\/bilhetes\/#breadcrumb\",\"itemListElement\":[{\"@type\":\"ListItem\",\"position\":1,\"name\":\"Home\",\"item\":\"https:\/\/www.doclisboa.org\/2017\/\"},{\"@type\":\"ListItem\",\"position\":2,\"name\":\"Informa\u00e7\u00f5es\",\"item\":\"http:\/\/www.doclisboa.org\/2017\/informacoes\/\"},{\"@type\":\"ListItem\",\"position\":3,\"name\":\"Bilhetes\"}]},{\"@type\":\"WebSite\",\"@id\":\"http:\/\/www.doclisboa.org\/2017\/#website\",\"url\":\"http:\/\/www.doclisboa.org\/2017\/\",\"name\":\"Doclisboa 2017\",\"description\":\"15\u00ba Festival Internacional de Cinema \",\"potentialAction\":[{\"@type\":\"SearchAction\",\"target\":{\"@type\":\"EntryPoint\",\"urlTemplate\":\"http:\/\/www.doclisboa.org\/2017\/?s={search_term_string}\"},\"query-input\":\"required name=search_term_string\"}],\"inLanguage\":\"en-US\"}]}<\/script>\n<!-- \/ Yoast SEO plugin. -->","yoast_head_json":{"title":"Bilhetes - Doclisboa 2017","robots":{"index":"index","follow":"follow","max-snippet":"max-snippet:-1","max-image-preview":"max-image-preview:large","max-video-preview":"max-video-preview:-1"},"canonical":"http:\/\/www.doclisboa.org\/2017\/informacoes\/bilhetes\/","og_locale":"en_US","og_type":"article","og_title":"Bilhetes - Doclisboa 2017","og_description":"Bilhetes \u00e0 venda a partir de 22 de Setembro na bilheteira central (Culturgest) e Ticketline. &nbsp; Na Culturgest, a bilheteira central vende entradas para qualquer sess\u00e3o do Doclisboa. No caso da Cinemateca Portuguesa, Cinema Ideal e Museu do Oriente, apenas at\u00e9 ao dia anterior \u00e0 sess\u00e3o (no pr\u00f3prio dia, o bilhete dever\u00e1 ser adquirido na [&hellip;]","og_url":"http:\/\/www.doclisboa.org\/2017\/informacoes\/bilhetes\/","og_site_name":"Doclisboa 2017","article_modified_time":"2017-09-25T22:02:40+00:00","og_image":[{"url":"http:\/\/www.doclisboa.org\/2017\/imagem_defeito\/default_image_doclisboa.jpg"}],"twitter_card":"summary_large_image","twitter_misc":{"Est. reading time":"3 minutes"},"schema":{"@context":"https:\/\/schema.org","@graph":[{"@type":"WebPage","@id":"http:\/\/www.doclisboa.org\/2017\/informacoes\/bilhetes\/","url":"http:\/\/www.doclisboa.org\/2017\/informacoes\/bilhetes\/","name":"Bilhetes - Doclisboa 2017","isPartOf":{"@id":"http:\/\/www.doclisboa.org\/2017\/#website"},"datePublished":"2017-09-16T14:35:34+00:00","dateModified":"2017-09-25T22:02:40+00:00","breadcrumb":{"@id":"http:\/\/www.doclisboa.org\/2017\/informacoes\/bilhetes\/#breadcrumb"},"inLanguage":"en-US","potentialAction":[{"@type":"ReadAction","target":["http:\/\/www.doclisboa.org\/2017\/informacoes\/bilhetes\/"]}]},{"@type":"BreadcrumbList","@id":"http:\/\/www.doclisboa.org\/2017\/informacoes\/bilhetes\/#breadcrumb","itemListElement":[{"@type":"ListItem","position":1,"name":"Home","item":"https:\/\/www.doclisboa.org\/2017\/"},{"@type":"ListItem","position":2,"name":"Informa\u00e7\u00f5es","item":"http:\/\/www.doclisboa.org\/2017\/informacoes\/"},{"@type":"ListItem","position":3,"name":"Bilhetes"}]},{"@type":"WebSite","@id":"http:\/\/www.doclisboa.org\/2017\/#website","url":"http:\/\/www.doclisboa.org\/2017\/","name":"Doclisboa 2017","description":"15\u00ba Festival Internacional de Cinema ","potentialAction":[{"@type":"SearchAction","target":{"@type":"EntryPoint","urlTemplate":"http:\/\/www.doclisboa.org\/2017\/?s={search_term_string}"},"query-input":"required name=search_term_string"}],"inLanguage":"en-US"}]}},"_links":{"self":[{"href":"http:\/\/www.doclisboa.org\/2017\/wp-json\/wp\/v2\/pages\/321","targetHints":{"allow":["GET"]}}],"collection":[{"href":"http:\/\/www.doclisboa.org\/2017\/wp-json\/wp\/v2\/pages"}],"about":[{"href":"http:\/\/www.doclisboa.org\/2017\/wp-json\/wp\/v2\/types\/page"}],"author":[{"embeddable":true,"href":"http:\/\/www.doclisboa.org\/2017\/wp-json\/wp\/v2\/users\/1"}],"replies":[{"embeddable":true,"href":"http:\/\/www.doclisboa.org\/2017\/wp-json\/wp\/v2\/comments?post=321"}],"version-history":[{"count":11,"href":"http:\/\/www.doclisboa.org\/2017\/wp-json\/wp\/v2\/pages\/321\/revisions"}],"predecessor-version":[{"id":2069,"href":"http:\/\/www.doclisboa.org\/2017\/wp-json\/wp\/v2\/pages\/321\/revisions\/2069"}],"up":[{"embeddable":true,"href":"http:\/\/www.doclisboa.org\/2017\/wp-json\/wp\/v2\/pages\/313"}],"wp:attachment":[{"href":"http:\/\/www.doclisboa.org\/2017\/wp-json\/wp\/v2\/media?parent=321"}],"curies":[{"name":"wp","href":"https:\/\/api.w.org\/{rel}","templated":true}]}}