{"id":279,"date":"2017-09-16T14:29:06","date_gmt":"2017-09-16T14:29:06","guid":{"rendered":"http:\/\/www.doclisboa.org\/2017\/?page_id=279"},"modified":"2017-09-27T13:50:21","modified_gmt":"2017-09-27T13:50:21","slug":"faqs","status":"publish","type":"page","link":"http:\/\/www.doclisboa.org\/2017\/arche-doclisboa\/faqs\/","title":{"rendered":"FAQ\u2019s"},"content":{"rendered":"<p><strong>O que \u00e9?<\/strong><br \/>\nO Arch\u00e9 \u00e9 um conjunto de actividades para profissionais do cinema, que engloba 2 Oficinas e um conjunto de Encontros.<\/p>\n<p>&nbsp;<\/p>\n<p><strong>O que s\u00e3o as Oficinas?<\/strong><br \/>\nAs Oficinas s\u00e3o workshops de desenvolvimento que se focam no processo criativo dos projectos. O Arch\u00e9 apresenta duas oficinas: de Escrita e Desenvolvimento de Projecto (destinada a projectos em fase inicial e de escrita) e de Visionamento e Discuss\u00e3o de Projectos Finais (destina\u200bda\u200b a projectos j\u00e1 filmados e em fase final de montagem e p\u00f3s-produ\u00e7\u00e3o\u200b).<\/p>\n<p>\u200b<br \/>\n<strong>O que s\u00e3o os Encontros?<\/strong><br \/>\nConjunto de sess\u00f5es de apresenta\u00e7\u00e3o, masterclass, debates, em torno de quest\u00f5es profissionais cruciais para o desenvolvimento de um filme na actualidade.<\/p>\n<p>&nbsp;<\/p>\n<p><strong>Quem pode participar?<\/strong><br \/>\nQualquer realizador e\/ou produtor que tenha um projecto\u200b em desenvolvimento\u200b. Na Oficina de Escrita e Desenvolvimento de Projecto pode, ainda, participar o argumentista. Na Oficina de Visionamento e Discuss\u00e3o de Projectos Finais, pode tamb\u00e9m participar o montador. As regras de participa\u00e7\u00e3o no Arch\u00e9 ser\u00e3o definidas a cada edi\u00e7\u00e3o do festival, aquando da abertura de inscri\u00e7\u00f5es. O Arch\u00e9 reserva-se o direito de convidar observadores.<br \/>\nOs Encontros s\u00e3o abertos a qualquer profissional de cinema acreditado no Festival.<\/p>\n<p>&nbsp;<\/p>\n<p><strong>Quando abre o per\u00edodo de inscri\u00e7\u00f5es?\u00a0<\/strong><br \/>\n1 de Julho de\u00a02016<\/p>\n<p>&nbsp;<\/p>\n<p><strong>Existe um n\u00famero m\u00e1ximo de participantes?<\/strong><br \/>\nO n\u00famero m\u00e1ximo de projectos participantes no Arch\u00e9 \u00e9 definido a cada edi\u00e7\u00e3o.<\/p>\n<p>&nbsp;<\/p>\n<p><strong>A participa\u00e7\u00e3o \u00e9 paga?<\/strong><br \/>\nA participa\u00e7\u00e3o no Arch\u00e9 \u00e9 gratuita. Ficam a cargo dos participantes as despesas com desloca\u00e7\u00f5es e estadia em Lisboa. O Festival assegura as refei\u00e7\u00f5es durante os dias das Oficinas.<\/p>\n<p>&nbsp;<\/p>\n<p><strong>Como me posso inscrever?<\/strong><br \/>\nAs inscri\u00e7\u00f5es s\u00e3o feitas mediante a entrega de um dossier do projecto. Todas as informa\u00e7\u00f5es relativas \u00e0 inscri\u00e7\u00e3o de projectos para o corrente ano, ser\u00e3o anunciadas na abertura de inscri\u00e7\u00f5es, a 1 de Julho\u00a0de 2016.<\/p>\n<p>&nbsp;<\/p>\n<p><strong>Quem selecciona os projectos e quando s\u00e3o conhecidos os resultados?<\/strong><br \/>\nA selec\u00e7\u00e3o dos projectos participantes \u00e9 feita pela direc\u00e7\u00e3o do Doclisboa e os resultados comunicados at\u00e9 um m\u00eas antes do inicio do Arch\u00e9.<\/p>\n","protected":false},"excerpt":{"rendered":"<p>O que \u00e9? O Arch\u00e9 \u00e9 um conjunto de actividades para profissionais do cinema, que engloba 2 Oficinas e um conjunto de Encontros. &nbsp; O que s\u00e3o as Oficinas? As Oficinas s\u00e3o workshops de desenvolvimento que se focam no processo criativo dos projectos. O Arch\u00e9 apresenta duas oficinas: de Escrita e Desenvolvimento de Projecto (destinada [&hellip;]<\/p>\n","protected":false},"author":1,"featured_media":0,"parent":2205,"menu_order":0,"comment_status":"closed","ping_status":"closed","template":"","meta":{"_exactmetrics_skip_tracking":false,"_exactmetrics_sitenote_active":false,"_exactmetrics_sitenote_note":"","_exactmetrics_sitenote_category":0,"footnotes":""},"class_list":["post-279","page","type-page","status-publish","hentry"],"acf":[],"yoast_head":"<!-- This site is optimized with the Yoast SEO plugin v21.4 - https:\/\/yoast.com\/wordpress\/plugins\/seo\/ -->\n<title>FAQ\u2019s - Doclisboa 2017<\/title>\n<meta name=\"robots\" content=\"index, follow, max-snippet:-1, max-image-preview:large, max-video-preview:-1\" \/>\n<link rel=\"canonical\" href=\"http:\/\/www.doclisboa.org\/2017\/arche-doclisboa\/faqs\/\" \/>\n<meta property=\"og:locale\" content=\"en_US\" \/>\n<meta property=\"og:type\" content=\"article\" \/>\n<meta property=\"og:title\" content=\"FAQ\u2019s - Doclisboa 2017\" \/>\n<meta property=\"og:description\" content=\"O que \u00e9? O Arch\u00e9 \u00e9 um conjunto de actividades para profissionais do cinema, que engloba 2 Oficinas e um conjunto de Encontros. &nbsp; O que s\u00e3o as Oficinas? As Oficinas s\u00e3o workshops de desenvolvimento que se focam no processo criativo dos projectos. O Arch\u00e9 apresenta duas oficinas: de Escrita e Desenvolvimento de Projecto (destinada [&hellip;]\" \/>\n<meta property=\"og:url\" content=\"http:\/\/www.doclisboa.org\/2017\/arche-doclisboa\/faqs\/\" \/>\n<meta property=\"og:site_name\" content=\"Doclisboa 2017\" \/>\n<meta property=\"article:modified_time\" content=\"2017-09-27T13:50:21+00:00\" \/>\n<meta property=\"og:image\" content=\"http:\/\/www.doclisboa.org\/2017\/imagem_defeito\/default_image_doclisboa.jpg\" \/>\n<meta name=\"twitter:card\" content=\"summary_large_image\" \/>\n<meta name=\"twitter:label1\" content=\"Est. reading time\" \/>\n\t<meta name=\"twitter:data1\" content=\"2 minutes\" \/>\n<script type=\"application\/ld+json\" class=\"yoast-schema-graph\">{\"@context\":\"https:\/\/schema.org\",\"@graph\":[{\"@type\":\"WebPage\",\"@id\":\"http:\/\/www.doclisboa.org\/2017\/arche-doclisboa\/faqs\/\",\"url\":\"http:\/\/www.doclisboa.org\/2017\/arche-doclisboa\/faqs\/\",\"name\":\"FAQ\u2019s - Doclisboa 2017\",\"isPartOf\":{\"@id\":\"http:\/\/www.doclisboa.org\/2017\/#website\"},\"datePublished\":\"2017-09-16T14:29:06+00:00\",\"dateModified\":\"2017-09-27T13:50:21+00:00\",\"breadcrumb\":{\"@id\":\"http:\/\/www.doclisboa.org\/2017\/arche-doclisboa\/faqs\/#breadcrumb\"},\"inLanguage\":\"en-US\",\"potentialAction\":[{\"@type\":\"ReadAction\",\"target\":[\"http:\/\/www.doclisboa.org\/2017\/arche-doclisboa\/faqs\/\"]}]},{\"@type\":\"BreadcrumbList\",\"@id\":\"http:\/\/www.doclisboa.org\/2017\/arche-doclisboa\/faqs\/#breadcrumb\",\"itemListElement\":[{\"@type\":\"ListItem\",\"position\":1,\"name\":\"Home\",\"item\":\"https:\/\/www.doclisboa.org\/2017\/\"},{\"@type\":\"ListItem\",\"position\":2,\"name\":\"Arche\",\"item\":\"https:\/\/www.doclisboa.org\/2017\/arche-doclisboa\/\"},{\"@type\":\"ListItem\",\"position\":3,\"name\":\"FAQ\u2019s\"}]},{\"@type\":\"WebSite\",\"@id\":\"http:\/\/www.doclisboa.org\/2017\/#website\",\"url\":\"http:\/\/www.doclisboa.org\/2017\/\",\"name\":\"Doclisboa 2017\",\"description\":\"15\u00ba Festival Internacional de Cinema \",\"potentialAction\":[{\"@type\":\"SearchAction\",\"target\":{\"@type\":\"EntryPoint\",\"urlTemplate\":\"http:\/\/www.doclisboa.org\/2017\/?s={search_term_string}\"},\"query-input\":\"required name=search_term_string\"}],\"inLanguage\":\"en-US\"}]}<\/script>\n<!-- \/ Yoast SEO plugin. -->","yoast_head_json":{"title":"FAQ\u2019s - Doclisboa 2017","robots":{"index":"index","follow":"follow","max-snippet":"max-snippet:-1","max-image-preview":"max-image-preview:large","max-video-preview":"max-video-preview:-1"},"canonical":"http:\/\/www.doclisboa.org\/2017\/arche-doclisboa\/faqs\/","og_locale":"en_US","og_type":"article","og_title":"FAQ\u2019s - Doclisboa 2017","og_description":"O que \u00e9? O Arch\u00e9 \u00e9 um conjunto de actividades para profissionais do cinema, que engloba 2 Oficinas e um conjunto de Encontros. &nbsp; O que s\u00e3o as Oficinas? As Oficinas s\u00e3o workshops de desenvolvimento que se focam no processo criativo dos projectos. O Arch\u00e9 apresenta duas oficinas: de Escrita e Desenvolvimento de Projecto (destinada [&hellip;]","og_url":"http:\/\/www.doclisboa.org\/2017\/arche-doclisboa\/faqs\/","og_site_name":"Doclisboa 2017","article_modified_time":"2017-09-27T13:50:21+00:00","og_image":[{"url":"http:\/\/www.doclisboa.org\/2017\/imagem_defeito\/default_image_doclisboa.jpg"}],"twitter_card":"summary_large_image","twitter_misc":{"Est. reading time":"2 minutes"},"schema":{"@context":"https:\/\/schema.org","@graph":[{"@type":"WebPage","@id":"http:\/\/www.doclisboa.org\/2017\/arche-doclisboa\/faqs\/","url":"http:\/\/www.doclisboa.org\/2017\/arche-doclisboa\/faqs\/","name":"FAQ\u2019s - Doclisboa 2017","isPartOf":{"@id":"http:\/\/www.doclisboa.org\/2017\/#website"},"datePublished":"2017-09-16T14:29:06+00:00","dateModified":"2017-09-27T13:50:21+00:00","breadcrumb":{"@id":"http:\/\/www.doclisboa.org\/2017\/arche-doclisboa\/faqs\/#breadcrumb"},"inLanguage":"en-US","potentialAction":[{"@type":"ReadAction","target":["http:\/\/www.doclisboa.org\/2017\/arche-doclisboa\/faqs\/"]}]},{"@type":"BreadcrumbList","@id":"http:\/\/www.doclisboa.org\/2017\/arche-doclisboa\/faqs\/#breadcrumb","itemListElement":[{"@type":"ListItem","position":1,"name":"Home","item":"https:\/\/www.doclisboa.org\/2017\/"},{"@type":"ListItem","position":2,"name":"Arche","item":"https:\/\/www.doclisboa.org\/2017\/arche-doclisboa\/"},{"@type":"ListItem","position":3,"name":"FAQ\u2019s"}]},{"@type":"WebSite","@id":"http:\/\/www.doclisboa.org\/2017\/#website","url":"http:\/\/www.doclisboa.org\/2017\/","name":"Doclisboa 2017","description":"15\u00ba Festival Internacional de Cinema ","potentialAction":[{"@type":"SearchAction","target":{"@type":"EntryPoint","urlTemplate":"http:\/\/www.doclisboa.org\/2017\/?s={search_term_string}"},"query-input":"required name=search_term_string"}],"inLanguage":"en-US"}]}},"_links":{"self":[{"href":"http:\/\/www.doclisboa.org\/2017\/wp-json\/wp\/v2\/pages\/279","targetHints":{"allow":["GET"]}}],"collection":[{"href":"http:\/\/www.doclisboa.org\/2017\/wp-json\/wp\/v2\/pages"}],"about":[{"href":"http:\/\/www.doclisboa.org\/2017\/wp-json\/wp\/v2\/types\/page"}],"author":[{"embeddable":true,"href":"http:\/\/www.doclisboa.org\/2017\/wp-json\/wp\/v2\/users\/1"}],"replies":[{"embeddable":true,"href":"http:\/\/www.doclisboa.org\/2017\/wp-json\/wp\/v2\/comments?post=279"}],"version-history":[{"count":4,"href":"http:\/\/www.doclisboa.org\/2017\/wp-json\/wp\/v2\/pages\/279\/revisions"}],"predecessor-version":[{"id":2218,"href":"http:\/\/www.doclisboa.org\/2017\/wp-json\/wp\/v2\/pages\/279\/revisions\/2218"}],"up":[{"embeddable":true,"href":"http:\/\/www.doclisboa.org\/2017\/wp-json\/wp\/v2\/pages\/2205"}],"wp:attachment":[{"href":"http:\/\/www.doclisboa.org\/2017\/wp-json\/wp\/v2\/media?parent=279"}],"curies":[{"name":"wp","href":"https:\/\/api.w.org\/{rel}","templated":true}]}}