{"id":267,"date":"2017-09-16T14:27:10","date_gmt":"2017-09-16T14:27:10","guid":{"rendered":"http:\/\/www.doclisboa.org\/2017\/?page_id=267"},"modified":"2017-10-14T14:34:12","modified_gmt":"2017-10-14T14:34:12","slug":"regulamento","status":"publish","type":"page","link":"http:\/\/www.doclisboa.org\/2017\/arche-doclisboa\/regulamento\/","title":{"rendered":"Regulamento"},"content":{"rendered":"<p>1. O Arch\u00e9 \u00e9 um laborat\u00f3rio de actividades profissionais a ter lugar no contexto do Doclisboa \u2013 Festival Internacional de Cinema.<\/p>\n<p>&nbsp;<\/p>\n<p>2.O Arch\u00e9 \u00e9 um espa\u00e7o privilegiado de reflex\u00e3o e discuss\u00e3o aprofundada de projectos de filmes em variadas fases de produ\u00e7\u00e3o. Est\u00e1 atento aos projectos e aos autores, considerando o processo de produ\u00e7\u00e3o, acima de tudo, como um processo autoral. O Arch\u00e9 \u00e9 livre de objectivos imediatos de car\u00e1cter financeiro ou log\u00edstico. \u00c9 sua inten\u00e7\u00e3o incentivar tamb\u00e9m a cria\u00e7\u00e3o de redes de colabora\u00e7\u00e3o e apoio entre autores e estruturas de produ\u00e7\u00e3o, e tamb\u00e9m promover o contacto com agentes internacionais reconhecidos inseridos num ambiente de trabalho intensivo. Para tal, em cada edi\u00e7\u00e3o o Arch\u00e9 acolher\u00e1 projectos portugueses e de outros pa\u00edses convidados.<\/p>\n<p>&nbsp;<\/p>\n<p>3. O Arch\u00e9 \u00e9 composto por tr\u00eas oficinas e um conjunto de sess\u00f5es (de apresenta\u00e7\u00e3o, masterclass, debate) em torno de quest\u00f5es profissionais cruciais para o desenvolvimento e visibilidade de um filme na actualidade. Na cidade do Porto ser\u00e1 organizada uma oficina dedicada a projectos em fases distintas de desenvolvimento e produ\u00e7\u00e3o. <\/p>\n<p>&nbsp;<\/p>\n<p>4. O Arch\u00e9 \u00e9 um laborat\u00f3rio dedicado a projectos de cinema com forte implica\u00e7\u00e3o no real, de matriz documental, que experimentem as potencialidades e limites desta mesma natureza.<\/p>\n<p>&nbsp;<\/p>\n<p>5. 5. Em 2017, o Arch\u00e9 decorre de 22 a 27 de Outubro em Lisboa, no contexto do Doclisboa &#8211; Festival Internacional de Cinema, e de 29 de Novembro a 2 de Dezembro na cidade do Porto, no contexto do Porto\/Post\/Doc. <\/p>\n<p>&nbsp;<\/p>\n<p>6. O prazo de abertura de candidaturas ser\u00e1 anunciado anualmente no site www.doclisboa.org. A candidatura e a participa\u00e7\u00e3o no laborat\u00f3rio s\u00e3o gratuitas e abertas aos realizadores e produtores dos projectos.<\/p>\n<p>&nbsp;<\/p>\n<p>7. Os pa\u00edses convidados para a edi\u00e7\u00e3o 2017 do Arch\u00e9 s\u00e3o Espanha, pa\u00edses de l\u00edngua oficial portuguesa e pa\u00edses da Am\u00e9rica Latina.<\/p>\n<p>&nbsp;<\/p>\n<p>8. 8. O prazo de envio das candidaturas decorre at\u00e9 4 de Julho de 2017 para as Oficinas em Lisboa, e at\u00e9 20 de Outubro de 2017 para a Oficina no Porto.<\/p>\n<p>&nbsp;<\/p>\n<p>9. A inscri\u00e7\u00e3o no Arch\u00e9 pressup\u00f5e o envio dos materiais definidos em\u00a0<a href=\"http:\/\/www.doclisboa.org\/arche\/inscri%C3%A7%C3%B5es\" target=\"_blank\" rel=\"noopener\">www.doclisboa.org\/arche\/inscri\u00e7\u00f5es<\/a>. As candidaturas que n\u00e3o cumpram os requisitos a\u00ed estabelecidos, n\u00e3o ser\u00e3o consideradas.<\/p>\n<p>&nbsp;<\/p>\n<p>10. A selec\u00e7\u00e3o e escolha dos projectos participantes ser\u00e1 feita pelos coordenadores do Arch\u00e9 e tutores das oficinas, convocando para tal, caso o entendam, profissionais relevantes do sector.<\/p>\n<p>&nbsp;<\/p>\n<p>11. O Doclisboa informar\u00e1 os projectos seleccionados e n\u00e3o seleccionados, por e-mail, at\u00e9 um m\u00eas antes do in\u00edcio do festival. Os projectos seleccionados ser\u00e3o anunciados no site www.docsliboa.org.<\/p>\n<p>&nbsp;<\/p>\n<p>12. A informa\u00e7\u00e3o dos projectos participantes ficar\u00e1 sob embargo at\u00e9 ao seu an\u00fancio oficial, a ser feito pelo Doclisboa.<\/p>\n<p>&nbsp;<\/p>\n<p>13. Os participantes autorizam que as informa\u00e7\u00f5es e materiais enviados sejam publicados no cat\u00e1logo e website oficiais do festival e demais materiais promocionais.<\/p>\n<p>&nbsp;<\/p>\n<p>14. Os directores e produtores dos projectos seleccionados dever\u00e3o comprometer-se a utilizar o logotipo do Arch\u00e9 na ficha t\u00e9cnica do filme e em todos os materiais promocionais. O logotipo dever\u00e1 ser acompanhado da seguinte frase: \u201cProject presented at Arch\u00e9\u201d. Os logotipos podem ser descarregados <a href=\"http:\/\/www.doclisboa.org\/2017\/wp-content\/uploads\/2017\/10\/Logos-Arch\u00e9.rar\">aqui<\/a>.<\/p>\n<p>&nbsp;<\/p>\n<p>15. A inscri\u00e7\u00e3o de um projecto no Arch\u00e9 pressup\u00f5e o conhecimento e a aceita\u00e7\u00e3o do presente regulamento.<\/p>\n<p>&nbsp;<\/p>\n<p>16. A direc\u00e7\u00e3o do festival decidir\u00e1 sobre todas as mat\u00e9rias n\u00e3o constantes do presente regulamento, de acordo com as regras internacionais de festivais de cinema.<\/p>\n","protected":false},"excerpt":{"rendered":"<p>1. O Arch\u00e9 \u00e9 um laborat\u00f3rio de actividades profissionais a ter lugar no contexto do Doclisboa \u2013 Festival Internacional de Cinema. &nbsp; 2.O Arch\u00e9 \u00e9 um espa\u00e7o privilegiado de reflex\u00e3o e discuss\u00e3o aprofundada de projectos de filmes em variadas fases de produ\u00e7\u00e3o. Est\u00e1 atento aos projectos e aos autores, considerando o processo de produ\u00e7\u00e3o, acima [&hellip;]<\/p>\n","protected":false},"author":1,"featured_media":0,"parent":2205,"menu_order":0,"comment_status":"closed","ping_status":"closed","template":"","meta":{"_exactmetrics_skip_tracking":false,"_exactmetrics_sitenote_active":false,"_exactmetrics_sitenote_note":"","_exactmetrics_sitenote_category":0,"footnotes":""},"class_list":["post-267","page","type-page","status-publish","hentry"],"acf":[],"yoast_head":"<!-- This site is optimized with the Yoast SEO plugin v21.4 - https:\/\/yoast.com\/wordpress\/plugins\/seo\/ -->\n<title>Regulamento - Doclisboa 2017<\/title>\n<meta name=\"robots\" content=\"index, follow, max-snippet:-1, max-image-preview:large, max-video-preview:-1\" \/>\n<link rel=\"canonical\" href=\"http:\/\/www.doclisboa.org\/2017\/arche-doclisboa\/regulamento\/\" \/>\n<meta property=\"og:locale\" content=\"en_US\" \/>\n<meta property=\"og:type\" content=\"article\" \/>\n<meta property=\"og:title\" content=\"Regulamento - Doclisboa 2017\" \/>\n<meta property=\"og:description\" content=\"1. O Arch\u00e9 \u00e9 um laborat\u00f3rio de actividades profissionais a ter lugar no contexto do Doclisboa \u2013 Festival Internacional de Cinema. &nbsp; 2.O Arch\u00e9 \u00e9 um espa\u00e7o privilegiado de reflex\u00e3o e discuss\u00e3o aprofundada de projectos de filmes em variadas fases de produ\u00e7\u00e3o. Est\u00e1 atento aos projectos e aos autores, considerando o processo de produ\u00e7\u00e3o, acima [&hellip;]\" \/>\n<meta property=\"og:url\" content=\"http:\/\/www.doclisboa.org\/2017\/arche-doclisboa\/regulamento\/\" \/>\n<meta property=\"og:site_name\" content=\"Doclisboa 2017\" \/>\n<meta property=\"article:modified_time\" content=\"2017-10-14T14:34:12+00:00\" \/>\n<meta property=\"og:image\" content=\"http:\/\/www.doclisboa.org\/2017\/imagem_defeito\/default_image_doclisboa.jpg\" \/>\n<meta name=\"twitter:card\" content=\"summary_large_image\" \/>\n<meta name=\"twitter:label1\" content=\"Est. reading time\" \/>\n\t<meta name=\"twitter:data1\" content=\"3 minutes\" \/>\n<script type=\"application\/ld+json\" class=\"yoast-schema-graph\">{\"@context\":\"https:\/\/schema.org\",\"@graph\":[{\"@type\":\"WebPage\",\"@id\":\"http:\/\/www.doclisboa.org\/2017\/arche-doclisboa\/regulamento\/\",\"url\":\"http:\/\/www.doclisboa.org\/2017\/arche-doclisboa\/regulamento\/\",\"name\":\"Regulamento - Doclisboa 2017\",\"isPartOf\":{\"@id\":\"http:\/\/www.doclisboa.org\/2017\/#website\"},\"datePublished\":\"2017-09-16T14:27:10+00:00\",\"dateModified\":\"2017-10-14T14:34:12+00:00\",\"breadcrumb\":{\"@id\":\"http:\/\/www.doclisboa.org\/2017\/arche-doclisboa\/regulamento\/#breadcrumb\"},\"inLanguage\":\"en-US\",\"potentialAction\":[{\"@type\":\"ReadAction\",\"target\":[\"http:\/\/www.doclisboa.org\/2017\/arche-doclisboa\/regulamento\/\"]}]},{\"@type\":\"BreadcrumbList\",\"@id\":\"http:\/\/www.doclisboa.org\/2017\/arche-doclisboa\/regulamento\/#breadcrumb\",\"itemListElement\":[{\"@type\":\"ListItem\",\"position\":1,\"name\":\"Home\",\"item\":\"https:\/\/www.doclisboa.org\/2017\/\"},{\"@type\":\"ListItem\",\"position\":2,\"name\":\"Arche\",\"item\":\"https:\/\/www.doclisboa.org\/2017\/arche-doclisboa\/\"},{\"@type\":\"ListItem\",\"position\":3,\"name\":\"Regulamento\"}]},{\"@type\":\"WebSite\",\"@id\":\"http:\/\/www.doclisboa.org\/2017\/#website\",\"url\":\"http:\/\/www.doclisboa.org\/2017\/\",\"name\":\"Doclisboa 2017\",\"description\":\"15\u00ba Festival Internacional de Cinema \",\"potentialAction\":[{\"@type\":\"SearchAction\",\"target\":{\"@type\":\"EntryPoint\",\"urlTemplate\":\"http:\/\/www.doclisboa.org\/2017\/?s={search_term_string}\"},\"query-input\":\"required name=search_term_string\"}],\"inLanguage\":\"en-US\"}]}<\/script>\n<!-- \/ Yoast SEO plugin. -->","yoast_head_json":{"title":"Regulamento - Doclisboa 2017","robots":{"index":"index","follow":"follow","max-snippet":"max-snippet:-1","max-image-preview":"max-image-preview:large","max-video-preview":"max-video-preview:-1"},"canonical":"http:\/\/www.doclisboa.org\/2017\/arche-doclisboa\/regulamento\/","og_locale":"en_US","og_type":"article","og_title":"Regulamento - Doclisboa 2017","og_description":"1. O Arch\u00e9 \u00e9 um laborat\u00f3rio de actividades profissionais a ter lugar no contexto do Doclisboa \u2013 Festival Internacional de Cinema. &nbsp; 2.O Arch\u00e9 \u00e9 um espa\u00e7o privilegiado de reflex\u00e3o e discuss\u00e3o aprofundada de projectos de filmes em variadas fases de produ\u00e7\u00e3o. Est\u00e1 atento aos projectos e aos autores, considerando o processo de produ\u00e7\u00e3o, acima [&hellip;]","og_url":"http:\/\/www.doclisboa.org\/2017\/arche-doclisboa\/regulamento\/","og_site_name":"Doclisboa 2017","article_modified_time":"2017-10-14T14:34:12+00:00","og_image":[{"url":"http:\/\/www.doclisboa.org\/2017\/imagem_defeito\/default_image_doclisboa.jpg"}],"twitter_card":"summary_large_image","twitter_misc":{"Est. reading time":"3 minutes"},"schema":{"@context":"https:\/\/schema.org","@graph":[{"@type":"WebPage","@id":"http:\/\/www.doclisboa.org\/2017\/arche-doclisboa\/regulamento\/","url":"http:\/\/www.doclisboa.org\/2017\/arche-doclisboa\/regulamento\/","name":"Regulamento - Doclisboa 2017","isPartOf":{"@id":"http:\/\/www.doclisboa.org\/2017\/#website"},"datePublished":"2017-09-16T14:27:10+00:00","dateModified":"2017-10-14T14:34:12+00:00","breadcrumb":{"@id":"http:\/\/www.doclisboa.org\/2017\/arche-doclisboa\/regulamento\/#breadcrumb"},"inLanguage":"en-US","potentialAction":[{"@type":"ReadAction","target":["http:\/\/www.doclisboa.org\/2017\/arche-doclisboa\/regulamento\/"]}]},{"@type":"BreadcrumbList","@id":"http:\/\/www.doclisboa.org\/2017\/arche-doclisboa\/regulamento\/#breadcrumb","itemListElement":[{"@type":"ListItem","position":1,"name":"Home","item":"https:\/\/www.doclisboa.org\/2017\/"},{"@type":"ListItem","position":2,"name":"Arche","item":"https:\/\/www.doclisboa.org\/2017\/arche-doclisboa\/"},{"@type":"ListItem","position":3,"name":"Regulamento"}]},{"@type":"WebSite","@id":"http:\/\/www.doclisboa.org\/2017\/#website","url":"http:\/\/www.doclisboa.org\/2017\/","name":"Doclisboa 2017","description":"15\u00ba Festival Internacional de Cinema ","potentialAction":[{"@type":"SearchAction","target":{"@type":"EntryPoint","urlTemplate":"http:\/\/www.doclisboa.org\/2017\/?s={search_term_string}"},"query-input":"required name=search_term_string"}],"inLanguage":"en-US"}]}},"_links":{"self":[{"href":"http:\/\/www.doclisboa.org\/2017\/wp-json\/wp\/v2\/pages\/267","targetHints":{"allow":["GET"]}}],"collection":[{"href":"http:\/\/www.doclisboa.org\/2017\/wp-json\/wp\/v2\/pages"}],"about":[{"href":"http:\/\/www.doclisboa.org\/2017\/wp-json\/wp\/v2\/types\/page"}],"author":[{"embeddable":true,"href":"http:\/\/www.doclisboa.org\/2017\/wp-json\/wp\/v2\/users\/1"}],"replies":[{"embeddable":true,"href":"http:\/\/www.doclisboa.org\/2017\/wp-json\/wp\/v2\/comments?post=267"}],"version-history":[{"count":7,"href":"http:\/\/www.doclisboa.org\/2017\/wp-json\/wp\/v2\/pages\/267\/revisions"}],"predecessor-version":[{"id":2796,"href":"http:\/\/www.doclisboa.org\/2017\/wp-json\/wp\/v2\/pages\/267\/revisions\/2796"}],"up":[{"embeddable":true,"href":"http:\/\/www.doclisboa.org\/2017\/wp-json\/wp\/v2\/pages\/2205"}],"wp:attachment":[{"href":"http:\/\/www.doclisboa.org\/2017\/wp-json\/wp\/v2\/media?parent=267"}],"curies":[{"name":"wp","href":"https:\/\/api.w.org\/{rel}","templated":true}]}}