{"id":2605,"date":"2017-10-04T13:17:31","date_gmt":"2017-10-04T13:17:31","guid":{"rendered":"http:\/\/www.doclisboa.org\/2017\/?page_id=2605"},"modified":"2017-11-24T20:53:26","modified_gmt":"2017-11-24T20:53:26","slug":"arche-com-o-portopostdoc","status":"publish","type":"page","link":"http:\/\/www.doclisboa.org\/2017\/arche-doclisboa\/arche-com-o-portopostdoc\/","title":{"rendered":"Arch\u00e9 com o Porto\/Post\/Doc"},"content":{"rendered":"<p>Este ano, e pela primeira vez, o Arch\u00e9, o laborat\u00f3rio de actividades profissionais do Doclisboa, apresenta uma Oficina na cidade do Porto, no contexto do festival Porto\/Post\/Doc.<br \/>\nA Oficina, para projectos em distintas fases de desenvolvimento e produ\u00e7\u00e3o, decorre de 29 de Novembro a 2 de Dezembro, numa parceria entre os dois festivais, e ser\u00e1 tutorada por Irene Gutierrez Torres, realizadora e investigadora cubana sediada em Espanha.<br \/>\nEsta parceria tem como objectivo, por um lado, ampliar e incentivar redes de cria\u00e7\u00e3o, de di\u00e1logo e de colabora\u00e7\u00e3o e, por outro, descentralizar e aproximar o laborat\u00f3rio a contextos fora de Lisboa, especificamente, da cidade do Porto e regi\u00e3o norte do pa\u00eds.<\/p>\n<p>&nbsp;<\/p>\n<p>Dossier dispon\u00edvel <a href=\"http:\/\/www.doclisboa.org\/2017\/wp-content\/uploads\/2017\/11\/Arche\u0301Porto_completo_LR.pdf\" rel=\"noopener\" target=\"_blank\">aqui<\/a>.<\/p>\n","protected":false},"excerpt":{"rendered":"<p>Este ano, e pela primeira vez, o Arch\u00e9, o laborat\u00f3rio de actividades profissionais do Doclisboa, apresenta uma Oficina na cidade do Porto, no contexto do festival Porto\/Post\/Doc. A Oficina, para projectos em distintas fases de desenvolvimento e produ\u00e7\u00e3o, decorre de 29 de Novembro a 2 de Dezembro, numa parceria entre os dois festivais, e ser\u00e1 [&hellip;]<\/p>\n","protected":false},"author":1,"featured_media":1952,"parent":2205,"menu_order":0,"comment_status":"closed","ping_status":"closed","template":"page-arche-pd.php","meta":{"_exactmetrics_skip_tracking":false,"_exactmetrics_sitenote_active":false,"_exactmetrics_sitenote_note":"","_exactmetrics_sitenote_category":0,"footnotes":""},"class_list":["post-2605","page","type-page","status-publish","has-post-thumbnail","hentry"],"acf":[],"yoast_head":"<!-- This site is optimized with the Yoast SEO plugin v21.4 - https:\/\/yoast.com\/wordpress\/plugins\/seo\/ -->\n<title>Arch\u00e9 com o Porto\/Post\/Doc - Doclisboa 2017<\/title>\n<meta name=\"robots\" content=\"index, follow, max-snippet:-1, max-image-preview:large, max-video-preview:-1\" \/>\n<link rel=\"canonical\" href=\"http:\/\/www.doclisboa.org\/2017\/arche-doclisboa\/arche-com-o-portopostdoc\/\" \/>\n<meta property=\"og:locale\" content=\"en_US\" \/>\n<meta property=\"og:type\" content=\"article\" \/>\n<meta property=\"og:title\" content=\"Arch\u00e9 com o Porto\/Post\/Doc - Doclisboa 2017\" \/>\n<meta property=\"og:description\" content=\"Este ano, e pela primeira vez, o Arch\u00e9, o laborat\u00f3rio de actividades profissionais do Doclisboa, apresenta uma Oficina na cidade do Porto, no contexto do festival Porto\/Post\/Doc. A Oficina, para projectos em distintas fases de desenvolvimento e produ\u00e7\u00e3o, decorre de 29 de Novembro a 2 de Dezembro, numa parceria entre os dois festivais, e ser\u00e1 [&hellip;]\" \/>\n<meta property=\"og:url\" content=\"http:\/\/www.doclisboa.org\/2017\/arche-doclisboa\/arche-com-o-portopostdoc\/\" \/>\n<meta property=\"og:site_name\" content=\"Doclisboa 2017\" \/>\n<meta property=\"article:modified_time\" content=\"2017-11-24T20:53:26+00:00\" \/>\n<meta property=\"og:image\" content=\"https:\/\/www.doclisboa.org\/2017\/wp-content\/uploads\/2017\/09\/arch\u00e9-preto-place.jpg\" \/>\n\t<meta property=\"og:image:width\" content=\"1059\" \/>\n\t<meta property=\"og:image:height\" content=\"621\" \/>\n\t<meta property=\"og:image:type\" content=\"image\/jpeg\" \/>\n<meta name=\"twitter:card\" content=\"summary_large_image\" \/>\n<meta name=\"twitter:label1\" content=\"Est. reading time\" \/>\n\t<meta name=\"twitter:data1\" content=\"1 minute\" \/>\n<script type=\"application\/ld+json\" class=\"yoast-schema-graph\">{\"@context\":\"https:\/\/schema.org\",\"@graph\":[{\"@type\":\"WebPage\",\"@id\":\"http:\/\/www.doclisboa.org\/2017\/arche-doclisboa\/arche-com-o-portopostdoc\/\",\"url\":\"http:\/\/www.doclisboa.org\/2017\/arche-doclisboa\/arche-com-o-portopostdoc\/\",\"name\":\"Arch\u00e9 com o Porto\/Post\/Doc - Doclisboa 2017\",\"isPartOf\":{\"@id\":\"http:\/\/www.doclisboa.org\/2017\/#website\"},\"datePublished\":\"2017-10-04T13:17:31+00:00\",\"dateModified\":\"2017-11-24T20:53:26+00:00\",\"breadcrumb\":{\"@id\":\"http:\/\/www.doclisboa.org\/2017\/arche-doclisboa\/arche-com-o-portopostdoc\/#breadcrumb\"},\"inLanguage\":\"en-US\",\"potentialAction\":[{\"@type\":\"ReadAction\",\"target\":[\"http:\/\/www.doclisboa.org\/2017\/arche-doclisboa\/arche-com-o-portopostdoc\/\"]}]},{\"@type\":\"BreadcrumbList\",\"@id\":\"http:\/\/www.doclisboa.org\/2017\/arche-doclisboa\/arche-com-o-portopostdoc\/#breadcrumb\",\"itemListElement\":[{\"@type\":\"ListItem\",\"position\":1,\"name\":\"Home\",\"item\":\"https:\/\/www.doclisboa.org\/2017\/\"},{\"@type\":\"ListItem\",\"position\":2,\"name\":\"Arche\",\"item\":\"https:\/\/www.doclisboa.org\/2017\/arche-doclisboa\/\"},{\"@type\":\"ListItem\",\"position\":3,\"name\":\"Arch\u00e9 com o Porto\/Post\/Doc\"}]},{\"@type\":\"WebSite\",\"@id\":\"http:\/\/www.doclisboa.org\/2017\/#website\",\"url\":\"http:\/\/www.doclisboa.org\/2017\/\",\"name\":\"Doclisboa 2017\",\"description\":\"15\u00ba Festival Internacional de Cinema \",\"potentialAction\":[{\"@type\":\"SearchAction\",\"target\":{\"@type\":\"EntryPoint\",\"urlTemplate\":\"http:\/\/www.doclisboa.org\/2017\/?s={search_term_string}\"},\"query-input\":\"required name=search_term_string\"}],\"inLanguage\":\"en-US\"}]}<\/script>\n<!-- \/ Yoast SEO plugin. -->","yoast_head_json":{"title":"Arch\u00e9 com o Porto\/Post\/Doc - Doclisboa 2017","robots":{"index":"index","follow":"follow","max-snippet":"max-snippet:-1","max-image-preview":"max-image-preview:large","max-video-preview":"max-video-preview:-1"},"canonical":"http:\/\/www.doclisboa.org\/2017\/arche-doclisboa\/arche-com-o-portopostdoc\/","og_locale":"en_US","og_type":"article","og_title":"Arch\u00e9 com o Porto\/Post\/Doc - Doclisboa 2017","og_description":"Este ano, e pela primeira vez, o Arch\u00e9, o laborat\u00f3rio de actividades profissionais do Doclisboa, apresenta uma Oficina na cidade do Porto, no contexto do festival Porto\/Post\/Doc. A Oficina, para projectos em distintas fases de desenvolvimento e produ\u00e7\u00e3o, decorre de 29 de Novembro a 2 de Dezembro, numa parceria entre os dois festivais, e ser\u00e1 [&hellip;]","og_url":"http:\/\/www.doclisboa.org\/2017\/arche-doclisboa\/arche-com-o-portopostdoc\/","og_site_name":"Doclisboa 2017","article_modified_time":"2017-11-24T20:53:26+00:00","og_image":[{"width":1059,"height":621,"url":"https:\/\/www.doclisboa.org\/2017\/wp-content\/uploads\/2017\/09\/arch\u00e9-preto-place.jpg","type":"image\/jpeg"}],"twitter_card":"summary_large_image","twitter_misc":{"Est. reading time":"1 minute"},"schema":{"@context":"https:\/\/schema.org","@graph":[{"@type":"WebPage","@id":"http:\/\/www.doclisboa.org\/2017\/arche-doclisboa\/arche-com-o-portopostdoc\/","url":"http:\/\/www.doclisboa.org\/2017\/arche-doclisboa\/arche-com-o-portopostdoc\/","name":"Arch\u00e9 com o Porto\/Post\/Doc - Doclisboa 2017","isPartOf":{"@id":"http:\/\/www.doclisboa.org\/2017\/#website"},"datePublished":"2017-10-04T13:17:31+00:00","dateModified":"2017-11-24T20:53:26+00:00","breadcrumb":{"@id":"http:\/\/www.doclisboa.org\/2017\/arche-doclisboa\/arche-com-o-portopostdoc\/#breadcrumb"},"inLanguage":"en-US","potentialAction":[{"@type":"ReadAction","target":["http:\/\/www.doclisboa.org\/2017\/arche-doclisboa\/arche-com-o-portopostdoc\/"]}]},{"@type":"BreadcrumbList","@id":"http:\/\/www.doclisboa.org\/2017\/arche-doclisboa\/arche-com-o-portopostdoc\/#breadcrumb","itemListElement":[{"@type":"ListItem","position":1,"name":"Home","item":"https:\/\/www.doclisboa.org\/2017\/"},{"@type":"ListItem","position":2,"name":"Arche","item":"https:\/\/www.doclisboa.org\/2017\/arche-doclisboa\/"},{"@type":"ListItem","position":3,"name":"Arch\u00e9 com o Porto\/Post\/Doc"}]},{"@type":"WebSite","@id":"http:\/\/www.doclisboa.org\/2017\/#website","url":"http:\/\/www.doclisboa.org\/2017\/","name":"Doclisboa 2017","description":"15\u00ba Festival Internacional de Cinema ","potentialAction":[{"@type":"SearchAction","target":{"@type":"EntryPoint","urlTemplate":"http:\/\/www.doclisboa.org\/2017\/?s={search_term_string}"},"query-input":"required name=search_term_string"}],"inLanguage":"en-US"}]}},"_links":{"self":[{"href":"http:\/\/www.doclisboa.org\/2017\/wp-json\/wp\/v2\/pages\/2605","targetHints":{"allow":["GET"]}}],"collection":[{"href":"http:\/\/www.doclisboa.org\/2017\/wp-json\/wp\/v2\/pages"}],"about":[{"href":"http:\/\/www.doclisboa.org\/2017\/wp-json\/wp\/v2\/types\/page"}],"author":[{"embeddable":true,"href":"http:\/\/www.doclisboa.org\/2017\/wp-json\/wp\/v2\/users\/1"}],"replies":[{"embeddable":true,"href":"http:\/\/www.doclisboa.org\/2017\/wp-json\/wp\/v2\/comments?post=2605"}],"version-history":[{"count":6,"href":"http:\/\/www.doclisboa.org\/2017\/wp-json\/wp\/v2\/pages\/2605\/revisions"}],"predecessor-version":[{"id":3002,"href":"http:\/\/www.doclisboa.org\/2017\/wp-json\/wp\/v2\/pages\/2605\/revisions\/3002"}],"up":[{"embeddable":true,"href":"http:\/\/www.doclisboa.org\/2017\/wp-json\/wp\/v2\/pages\/2205"}],"wp:featuredmedia":[{"embeddable":true,"href":"http:\/\/www.doclisboa.org\/2017\/wp-json\/wp\/v2\/media\/1952"}],"wp:attachment":[{"href":"http:\/\/www.doclisboa.org\/2017\/wp-json\/wp\/v2\/media?parent=2605"}],"curies":[{"name":"wp","href":"https:\/\/api.w.org\/{rel}","templated":true}]}}