{"id":239,"date":"2017-09-16T14:12:50","date_gmt":"2017-09-16T14:12:50","guid":{"rendered":"http:\/\/www.doclisboa.org\/2017\/?page_id=239"},"modified":"2017-10-05T18:48:10","modified_gmt":"2017-10-05T18:48:10","slug":"projecto-educativo","status":"publish","type":"page","link":"http:\/\/www.doclisboa.org\/2017\/edicao-actual\/projecto-educativo\/","title":{"rendered":"Projecto Educativo"},"content":{"rendered":"<p>A forma\u00e7\u00e3o de p\u00fablicos \u00e9 um dos objectivos do Doclisboa atrav\u00e9s do investimento na rela\u00e7\u00e3o entre a comunidade escolar e as salas de cinema. Os filmes, os debates e as oficinas procuram complementar e diversificar os conte\u00fados program\u00e1ticos das disciplinas, contribuindo assim para promover o conhecimento curricular e extracurricular, o repert\u00f3rio cultural e cient\u00edfico, bem como a sensibilidade e o interesse pelo cinema documental. O Projecto Educativo do Doclisboa disponibiliza um conjunto de actividades direccionadas especialmente ao p\u00fablico infantil e juvenil em coordena\u00e7\u00e3o, n\u00e3o s\u00f3 com as escolas, mas tamb\u00e9m com as fam\u00edlias, adultos e grupos com necessidades especiais. Para mais informa\u00e7\u00f5es, consulte o <a href=\"http:\/\/www.doclisboa.org\/2017\/wp-content\/uploads\/dossier-projecto-educativo.pdf\">Dossier do Projecto Educativo<\/a>.<br \/>\n<br \/>\n<strong>Contactos:<\/strong><br \/>\nAna Pereira, Sara Marques, projecto.educativo@doclisboa.org, +351 938 701 690<\/p>\n","protected":false},"excerpt":{"rendered":"<p>A forma\u00e7\u00e3o de p\u00fablicos \u00e9 um dos objectivos do Doclisboa atrav\u00e9s do investimento na rela\u00e7\u00e3o entre a comunidade escolar e as salas de cinema. Os filmes, os debates e as oficinas procuram complementar e diversificar os conte\u00fados program\u00e1ticos das disciplinas, contribuindo assim para promover o conhecimento curricular e extracurricular, o repert\u00f3rio cultural e cient\u00edfico, bem [&hellip;]<\/p>\n","protected":false},"author":1,"featured_media":0,"parent":19,"menu_order":0,"comment_status":"closed","ping_status":"closed","template":"page-projecto-educativo.php","meta":{"_exactmetrics_skip_tracking":false,"_exactmetrics_sitenote_active":false,"_exactmetrics_sitenote_note":"","_exactmetrics_sitenote_category":0,"footnotes":""},"class_list":["post-239","page","type-page","status-publish","hentry"],"acf":[],"yoast_head":"<!-- This site is optimized with the Yoast SEO plugin v21.4 - https:\/\/yoast.com\/wordpress\/plugins\/seo\/ -->\n<title>Projecto Educativo - Doclisboa 2017<\/title>\n<meta name=\"robots\" content=\"index, follow, max-snippet:-1, max-image-preview:large, max-video-preview:-1\" \/>\n<link rel=\"canonical\" href=\"http:\/\/www.doclisboa.org\/2017\/edicao-actual\/projecto-educativo\/\" \/>\n<meta property=\"og:locale\" content=\"en_US\" \/>\n<meta property=\"og:type\" content=\"article\" \/>\n<meta property=\"og:title\" content=\"Projecto Educativo - Doclisboa 2017\" \/>\n<meta property=\"og:description\" content=\"A forma\u00e7\u00e3o de p\u00fablicos \u00e9 um dos objectivos do Doclisboa atrav\u00e9s do investimento na rela\u00e7\u00e3o entre a comunidade escolar e as salas de cinema. Os filmes, os debates e as oficinas procuram complementar e diversificar os conte\u00fados program\u00e1ticos das disciplinas, contribuindo assim para promover o conhecimento curricular e extracurricular, o repert\u00f3rio cultural e cient\u00edfico, bem [&hellip;]\" \/>\n<meta property=\"og:url\" content=\"http:\/\/www.doclisboa.org\/2017\/edicao-actual\/projecto-educativo\/\" \/>\n<meta property=\"og:site_name\" content=\"Doclisboa 2017\" \/>\n<meta property=\"article:modified_time\" content=\"2017-10-05T18:48:10+00:00\" \/>\n<meta property=\"og:image\" content=\"http:\/\/www.doclisboa.org\/2017\/imagem_defeito\/default_image_doclisboa.jpg\" \/>\n<meta name=\"twitter:card\" content=\"summary_large_image\" \/>\n<meta name=\"twitter:label1\" content=\"Est. reading time\" \/>\n\t<meta name=\"twitter:data1\" content=\"1 minute\" \/>\n<script type=\"application\/ld+json\" class=\"yoast-schema-graph\">{\"@context\":\"https:\/\/schema.org\",\"@graph\":[{\"@type\":\"WebPage\",\"@id\":\"http:\/\/www.doclisboa.org\/2017\/edicao-actual\/projecto-educativo\/\",\"url\":\"http:\/\/www.doclisboa.org\/2017\/edicao-actual\/projecto-educativo\/\",\"name\":\"Projecto Educativo - Doclisboa 2017\",\"isPartOf\":{\"@id\":\"http:\/\/www.doclisboa.org\/2017\/#website\"},\"datePublished\":\"2017-09-16T14:12:50+00:00\",\"dateModified\":\"2017-10-05T18:48:10+00:00\",\"breadcrumb\":{\"@id\":\"http:\/\/www.doclisboa.org\/2017\/edicao-actual\/projecto-educativo\/#breadcrumb\"},\"inLanguage\":\"en-US\",\"potentialAction\":[{\"@type\":\"ReadAction\",\"target\":[\"http:\/\/www.doclisboa.org\/2017\/edicao-actual\/projecto-educativo\/\"]}]},{\"@type\":\"BreadcrumbList\",\"@id\":\"http:\/\/www.doclisboa.org\/2017\/edicao-actual\/projecto-educativo\/#breadcrumb\",\"itemListElement\":[{\"@type\":\"ListItem\",\"position\":1,\"name\":\"Home\",\"item\":\"https:\/\/www.doclisboa.org\/2017\/\"},{\"@type\":\"ListItem\",\"position\":2,\"name\":\"Edi\u00e7\u00e3o Actual\",\"item\":\"http:\/\/www.doclisboa.org\/2017\/edicao-actual\/\"},{\"@type\":\"ListItem\",\"position\":3,\"name\":\"Projecto Educativo\"}]},{\"@type\":\"WebSite\",\"@id\":\"http:\/\/www.doclisboa.org\/2017\/#website\",\"url\":\"http:\/\/www.doclisboa.org\/2017\/\",\"name\":\"Doclisboa 2017\",\"description\":\"15\u00ba Festival Internacional de Cinema \",\"potentialAction\":[{\"@type\":\"SearchAction\",\"target\":{\"@type\":\"EntryPoint\",\"urlTemplate\":\"http:\/\/www.doclisboa.org\/2017\/?s={search_term_string}\"},\"query-input\":\"required name=search_term_string\"}],\"inLanguage\":\"en-US\"}]}<\/script>\n<!-- \/ Yoast SEO plugin. -->","yoast_head_json":{"title":"Projecto Educativo - Doclisboa 2017","robots":{"index":"index","follow":"follow","max-snippet":"max-snippet:-1","max-image-preview":"max-image-preview:large","max-video-preview":"max-video-preview:-1"},"canonical":"http:\/\/www.doclisboa.org\/2017\/edicao-actual\/projecto-educativo\/","og_locale":"en_US","og_type":"article","og_title":"Projecto Educativo - Doclisboa 2017","og_description":"A forma\u00e7\u00e3o de p\u00fablicos \u00e9 um dos objectivos do Doclisboa atrav\u00e9s do investimento na rela\u00e7\u00e3o entre a comunidade escolar e as salas de cinema. Os filmes, os debates e as oficinas procuram complementar e diversificar os conte\u00fados program\u00e1ticos das disciplinas, contribuindo assim para promover o conhecimento curricular e extracurricular, o repert\u00f3rio cultural e cient\u00edfico, bem [&hellip;]","og_url":"http:\/\/www.doclisboa.org\/2017\/edicao-actual\/projecto-educativo\/","og_site_name":"Doclisboa 2017","article_modified_time":"2017-10-05T18:48:10+00:00","og_image":[{"url":"http:\/\/www.doclisboa.org\/2017\/imagem_defeito\/default_image_doclisboa.jpg"}],"twitter_card":"summary_large_image","twitter_misc":{"Est. reading time":"1 minute"},"schema":{"@context":"https:\/\/schema.org","@graph":[{"@type":"WebPage","@id":"http:\/\/www.doclisboa.org\/2017\/edicao-actual\/projecto-educativo\/","url":"http:\/\/www.doclisboa.org\/2017\/edicao-actual\/projecto-educativo\/","name":"Projecto Educativo - Doclisboa 2017","isPartOf":{"@id":"http:\/\/www.doclisboa.org\/2017\/#website"},"datePublished":"2017-09-16T14:12:50+00:00","dateModified":"2017-10-05T18:48:10+00:00","breadcrumb":{"@id":"http:\/\/www.doclisboa.org\/2017\/edicao-actual\/projecto-educativo\/#breadcrumb"},"inLanguage":"en-US","potentialAction":[{"@type":"ReadAction","target":["http:\/\/www.doclisboa.org\/2017\/edicao-actual\/projecto-educativo\/"]}]},{"@type":"BreadcrumbList","@id":"http:\/\/www.doclisboa.org\/2017\/edicao-actual\/projecto-educativo\/#breadcrumb","itemListElement":[{"@type":"ListItem","position":1,"name":"Home","item":"https:\/\/www.doclisboa.org\/2017\/"},{"@type":"ListItem","position":2,"name":"Edi\u00e7\u00e3o Actual","item":"http:\/\/www.doclisboa.org\/2017\/edicao-actual\/"},{"@type":"ListItem","position":3,"name":"Projecto Educativo"}]},{"@type":"WebSite","@id":"http:\/\/www.doclisboa.org\/2017\/#website","url":"http:\/\/www.doclisboa.org\/2017\/","name":"Doclisboa 2017","description":"15\u00ba Festival Internacional de Cinema ","potentialAction":[{"@type":"SearchAction","target":{"@type":"EntryPoint","urlTemplate":"http:\/\/www.doclisboa.org\/2017\/?s={search_term_string}"},"query-input":"required name=search_term_string"}],"inLanguage":"en-US"}]}},"_links":{"self":[{"href":"http:\/\/www.doclisboa.org\/2017\/wp-json\/wp\/v2\/pages\/239","targetHints":{"allow":["GET"]}}],"collection":[{"href":"http:\/\/www.doclisboa.org\/2017\/wp-json\/wp\/v2\/pages"}],"about":[{"href":"http:\/\/www.doclisboa.org\/2017\/wp-json\/wp\/v2\/types\/page"}],"author":[{"embeddable":true,"href":"http:\/\/www.doclisboa.org\/2017\/wp-json\/wp\/v2\/users\/1"}],"replies":[{"embeddable":true,"href":"http:\/\/www.doclisboa.org\/2017\/wp-json\/wp\/v2\/comments?post=239"}],"version-history":[{"count":5,"href":"http:\/\/www.doclisboa.org\/2017\/wp-json\/wp\/v2\/pages\/239\/revisions"}],"predecessor-version":[{"id":2655,"href":"http:\/\/www.doclisboa.org\/2017\/wp-json\/wp\/v2\/pages\/239\/revisions\/2655"}],"up":[{"embeddable":true,"href":"http:\/\/www.doclisboa.org\/2017\/wp-json\/wp\/v2\/pages\/19"}],"wp:attachment":[{"href":"http:\/\/www.doclisboa.org\/2017\/wp-json\/wp\/v2\/media?parent=239"}],"curies":[{"name":"wp","href":"https:\/\/api.w.org\/{rel}","templated":true}]}}