{"id":2065,"date":"2017-09-25T22:00:37","date_gmt":"2017-09-25T22:00:37","guid":{"rendered":"http:\/\/www.doclisboa.org\/2017\/?page_id=2065"},"modified":"2017-09-27T10:26:22","modified_gmt":"2017-09-27T10:26:22","slug":"acreditacoes","status":"publish","type":"page","link":"http:\/\/www.doclisboa.org\/2017\/informacoes\/acreditacoes\/","title":{"rendered":"Acredita\u00e7\u00f5es"},"content":{"rendered":"<p>Este ano, o Doclisboa vai usar a P\u00e1gina de Visitante como um novo interface para comunicar com os convidados do festival. \u00c9 tamb\u00e9m atrav\u00e9s da P\u00e1gina da Visitante que poder\u00e1 fazer o seu pedido para uma Acredita\u00e7\u00e3o do Festival.<\/p>\n<p>&nbsp;<\/p>\n<p>Por favor, aceda \u00e0 nossa P\u00e1gina de Visitante ao carregar no link abaixo. Ap\u00f3s criar a sua conta, poder\u00e1 submeter o seu pedido para acredita\u00e7\u00e3o.<br \/>\n<a href=\"http:\/\/vp.eventival.eu\/doclisboa\/2017\" target=\"_blank\" rel=\"noopener\">\u200bvp.eventival.eu\/doclisboa\/2017<\/a><\/p>\n<p>&nbsp;<\/p>\n<p>Profissionais de cinema \u2013 60\u20ac<br \/>\nParticipantes Lisbon Docs \u2013 50\u20ac<br \/>\nEstudantes \u2013 35\u20ac<\/p>\n","protected":false},"excerpt":{"rendered":"<p>Este ano, o Doclisboa vai usar a P\u00e1gina de Visitante como um novo interface para comunicar com os convidados do festival. \u00c9 tamb\u00e9m atrav\u00e9s da P\u00e1gina da Visitante que poder\u00e1 fazer o seu pedido para uma Acredita\u00e7\u00e3o do Festival. &nbsp; Por favor, aceda \u00e0 nossa P\u00e1gina de Visitante ao carregar no link abaixo. Ap\u00f3s criar [&hellip;]<\/p>\n","protected":false},"author":5,"featured_media":0,"parent":313,"menu_order":0,"comment_status":"closed","ping_status":"closed","template":"","meta":{"_exactmetrics_skip_tracking":false,"_exactmetrics_sitenote_active":false,"_exactmetrics_sitenote_note":"","_exactmetrics_sitenote_category":0,"footnotes":""},"class_list":["post-2065","page","type-page","status-publish","hentry"],"acf":[],"yoast_head":"<!-- This site is optimized with the Yoast SEO plugin v21.4 - https:\/\/yoast.com\/wordpress\/plugins\/seo\/ -->\n<title>Acredita\u00e7\u00f5es - Doclisboa 2017<\/title>\n<meta name=\"robots\" content=\"index, follow, max-snippet:-1, max-image-preview:large, max-video-preview:-1\" \/>\n<link rel=\"canonical\" href=\"http:\/\/www.doclisboa.org\/2017\/informacoes\/acreditacoes\/\" \/>\n<meta property=\"og:locale\" content=\"en_US\" \/>\n<meta property=\"og:type\" content=\"article\" \/>\n<meta property=\"og:title\" content=\"Acredita\u00e7\u00f5es - Doclisboa 2017\" \/>\n<meta property=\"og:description\" content=\"Este ano, o Doclisboa vai usar a P\u00e1gina de Visitante como um novo interface para comunicar com os convidados do festival. \u00c9 tamb\u00e9m atrav\u00e9s da P\u00e1gina da Visitante que poder\u00e1 fazer o seu pedido para uma Acredita\u00e7\u00e3o do Festival. &nbsp; Por favor, aceda \u00e0 nossa P\u00e1gina de Visitante ao carregar no link abaixo. Ap\u00f3s criar [&hellip;]\" \/>\n<meta property=\"og:url\" content=\"http:\/\/www.doclisboa.org\/2017\/informacoes\/acreditacoes\/\" \/>\n<meta property=\"og:site_name\" content=\"Doclisboa 2017\" \/>\n<meta property=\"article:modified_time\" content=\"2017-09-27T10:26:22+00:00\" \/>\n<meta property=\"og:image\" content=\"http:\/\/www.doclisboa.org\/2017\/imagem_defeito\/default_image_doclisboa.jpg\" \/>\n<meta name=\"twitter:card\" content=\"summary_large_image\" \/>\n<script type=\"application\/ld+json\" class=\"yoast-schema-graph\">{\"@context\":\"https:\/\/schema.org\",\"@graph\":[{\"@type\":\"WebPage\",\"@id\":\"http:\/\/www.doclisboa.org\/2017\/informacoes\/acreditacoes\/\",\"url\":\"http:\/\/www.doclisboa.org\/2017\/informacoes\/acreditacoes\/\",\"name\":\"Acredita\u00e7\u00f5es - Doclisboa 2017\",\"isPartOf\":{\"@id\":\"http:\/\/www.doclisboa.org\/2017\/#website\"},\"datePublished\":\"2017-09-25T22:00:37+00:00\",\"dateModified\":\"2017-09-27T10:26:22+00:00\",\"breadcrumb\":{\"@id\":\"http:\/\/www.doclisboa.org\/2017\/informacoes\/acreditacoes\/#breadcrumb\"},\"inLanguage\":\"en-US\",\"potentialAction\":[{\"@type\":\"ReadAction\",\"target\":[\"http:\/\/www.doclisboa.org\/2017\/informacoes\/acreditacoes\/\"]}]},{\"@type\":\"BreadcrumbList\",\"@id\":\"http:\/\/www.doclisboa.org\/2017\/informacoes\/acreditacoes\/#breadcrumb\",\"itemListElement\":[{\"@type\":\"ListItem\",\"position\":1,\"name\":\"Home\",\"item\":\"https:\/\/www.doclisboa.org\/2017\/\"},{\"@type\":\"ListItem\",\"position\":2,\"name\":\"Informa\u00e7\u00f5es\",\"item\":\"http:\/\/www.doclisboa.org\/2017\/informacoes\/\"},{\"@type\":\"ListItem\",\"position\":3,\"name\":\"Acredita\u00e7\u00f5es\"}]},{\"@type\":\"WebSite\",\"@id\":\"http:\/\/www.doclisboa.org\/2017\/#website\",\"url\":\"http:\/\/www.doclisboa.org\/2017\/\",\"name\":\"Doclisboa 2017\",\"description\":\"15\u00ba Festival Internacional de Cinema \",\"potentialAction\":[{\"@type\":\"SearchAction\",\"target\":{\"@type\":\"EntryPoint\",\"urlTemplate\":\"http:\/\/www.doclisboa.org\/2017\/?s={search_term_string}\"},\"query-input\":\"required name=search_term_string\"}],\"inLanguage\":\"en-US\"}]}<\/script>\n<!-- \/ Yoast SEO plugin. -->","yoast_head_json":{"title":"Acredita\u00e7\u00f5es - Doclisboa 2017","robots":{"index":"index","follow":"follow","max-snippet":"max-snippet:-1","max-image-preview":"max-image-preview:large","max-video-preview":"max-video-preview:-1"},"canonical":"http:\/\/www.doclisboa.org\/2017\/informacoes\/acreditacoes\/","og_locale":"en_US","og_type":"article","og_title":"Acredita\u00e7\u00f5es - Doclisboa 2017","og_description":"Este ano, o Doclisboa vai usar a P\u00e1gina de Visitante como um novo interface para comunicar com os convidados do festival. \u00c9 tamb\u00e9m atrav\u00e9s da P\u00e1gina da Visitante que poder\u00e1 fazer o seu pedido para uma Acredita\u00e7\u00e3o do Festival. &nbsp; Por favor, aceda \u00e0 nossa P\u00e1gina de Visitante ao carregar no link abaixo. Ap\u00f3s criar [&hellip;]","og_url":"http:\/\/www.doclisboa.org\/2017\/informacoes\/acreditacoes\/","og_site_name":"Doclisboa 2017","article_modified_time":"2017-09-27T10:26:22+00:00","og_image":[{"url":"http:\/\/www.doclisboa.org\/2017\/imagem_defeito\/default_image_doclisboa.jpg"}],"twitter_card":"summary_large_image","schema":{"@context":"https:\/\/schema.org","@graph":[{"@type":"WebPage","@id":"http:\/\/www.doclisboa.org\/2017\/informacoes\/acreditacoes\/","url":"http:\/\/www.doclisboa.org\/2017\/informacoes\/acreditacoes\/","name":"Acredita\u00e7\u00f5es - Doclisboa 2017","isPartOf":{"@id":"http:\/\/www.doclisboa.org\/2017\/#website"},"datePublished":"2017-09-25T22:00:37+00:00","dateModified":"2017-09-27T10:26:22+00:00","breadcrumb":{"@id":"http:\/\/www.doclisboa.org\/2017\/informacoes\/acreditacoes\/#breadcrumb"},"inLanguage":"en-US","potentialAction":[{"@type":"ReadAction","target":["http:\/\/www.doclisboa.org\/2017\/informacoes\/acreditacoes\/"]}]},{"@type":"BreadcrumbList","@id":"http:\/\/www.doclisboa.org\/2017\/informacoes\/acreditacoes\/#breadcrumb","itemListElement":[{"@type":"ListItem","position":1,"name":"Home","item":"https:\/\/www.doclisboa.org\/2017\/"},{"@type":"ListItem","position":2,"name":"Informa\u00e7\u00f5es","item":"http:\/\/www.doclisboa.org\/2017\/informacoes\/"},{"@type":"ListItem","position":3,"name":"Acredita\u00e7\u00f5es"}]},{"@type":"WebSite","@id":"http:\/\/www.doclisboa.org\/2017\/#website","url":"http:\/\/www.doclisboa.org\/2017\/","name":"Doclisboa 2017","description":"15\u00ba Festival Internacional de Cinema ","potentialAction":[{"@type":"SearchAction","target":{"@type":"EntryPoint","urlTemplate":"http:\/\/www.doclisboa.org\/2017\/?s={search_term_string}"},"query-input":"required name=search_term_string"}],"inLanguage":"en-US"}]}},"_links":{"self":[{"href":"http:\/\/www.doclisboa.org\/2017\/wp-json\/wp\/v2\/pages\/2065","targetHints":{"allow":["GET"]}}],"collection":[{"href":"http:\/\/www.doclisboa.org\/2017\/wp-json\/wp\/v2\/pages"}],"about":[{"href":"http:\/\/www.doclisboa.org\/2017\/wp-json\/wp\/v2\/types\/page"}],"author":[{"embeddable":true,"href":"http:\/\/www.doclisboa.org\/2017\/wp-json\/wp\/v2\/users\/5"}],"replies":[{"embeddable":true,"href":"http:\/\/www.doclisboa.org\/2017\/wp-json\/wp\/v2\/comments?post=2065"}],"version-history":[{"count":4,"href":"http:\/\/www.doclisboa.org\/2017\/wp-json\/wp\/v2\/pages\/2065\/revisions"}],"predecessor-version":[{"id":2188,"href":"http:\/\/www.doclisboa.org\/2017\/wp-json\/wp\/v2\/pages\/2065\/revisions\/2188"}],"up":[{"embeddable":true,"href":"http:\/\/www.doclisboa.org\/2017\/wp-json\/wp\/v2\/pages\/313"}],"wp:attachment":[{"href":"http:\/\/www.doclisboa.org\/2017\/wp-json\/wp\/v2\/media?parent=2065"}],"curies":[{"name":"wp","href":"https:\/\/api.w.org\/{rel}","templated":true}]}}