{"id":1657,"date":"2017-09-19T23:57:33","date_gmt":"2017-09-19T23:57:33","guid":{"rendered":"http:\/\/www.doclisboa.org\/2017\/?page_id=1657"},"modified":"2017-09-19T23:59:19","modified_gmt":"2017-09-19T23:59:19","slug":"arche-3","status":"publish","type":"page","link":"http:\/\/www.doclisboa.org\/2017\/arche-3\/","title":{"rendered":"Apresenta\u00e7\u00e3o"},"content":{"rendered":"<p><strong>Arch\u00e9<\/strong><br \/>\nO Arch\u00e9 \u00e9 um laborat\u00f3rio de actividades profissionais, destinado a realizadores, produtores e outros profissionais de cinema, que pretende colocar \u00e0 disposi\u00e7\u00e3o ferramentas, bem como momentos de reflex\u00e3o e forma\u00e7\u00e3o para a cria\u00e7\u00e3o de novos projectos. O Arch\u00e9 nasce da necessidade e responsabilidade que o Doclisboa tem vindo a sentir, de criar espa\u00e7os de pensamento e desenvolvimento criativo para profissionais e estruturas independentes, com for\u00e7a para impulsionar projectos, garantindo a sua identidade e qualidade.<br \/>\nO Arch\u00e9 \u00e9 composto por duas Oficinas e um conjunto de Encontros (sess\u00f5es de apresenta\u00e7\u00e3o, masterclass, debates) em torno de quest\u00f5es profissionais, cruciais para o desenvolvimento e visibilidade de um filme na actualidade.<\/p>\n<p><strong><br \/>\nObjectivos<\/strong><br \/>\nO Arch\u00e9 tem como objectivos fundamentais:<br \/>\n\u2022 Proporcionar um espa\u00e7o de reflex\u00e3o profunda sobre projectos de filmes em diferentes fases da sua produ\u00e7\u00e3o, contribuindo para a sua qualidade e portanto para a sua carreira futura;<br \/>\n\u2022 Proporcionar um trabalho sobre os projectos participantes que seja livre de objectivos imediatos de car\u00e1cter financeiro ou log\u00edstico, mas que incida directamente na reflex\u00e3o sobre o processo criativo ao n\u00edvel da realiza\u00e7\u00e3o e produ\u00e7\u00e3o;<br \/>\n\u2022 Incentivar a cria\u00e7\u00e3o de redes de colabora\u00e7\u00e3o entre diferentes projectos e estruturas de produ\u00e7\u00e3o, possibilitando a colabora\u00e7\u00e3o entre estruturas independentes, de modo a salvaguardar a identidade dos projectos participantes;<br \/>\n\u2022 Proporcionar um contacto com agentes internacionais de grande qualidade, num ambiente de trabalho profundidade;<br \/>\n\u2022 Criar um modelo de mercado focado em projectos e em autores, pensando o processo de produ\u00e7\u00e3o como um processo antes de mais autoral;<br \/>\n\u2022 Contribuir para a integra\u00e7\u00e3o dos autores e produtores portugueses nas redes internacionais, dando-lhes acesso \u00e0s problem\u00e1ticas, tem\u00e1ticas e terminologias mais importantes.<\/p>\n","protected":false},"excerpt":{"rendered":"<p>Arch\u00e9 O Arch\u00e9 \u00e9 um laborat\u00f3rio de actividades profissionais, destinado a realizadores, produtores e outros profissionais de cinema, que pretende colocar \u00e0 disposi\u00e7\u00e3o ferramentas, bem como momentos de reflex\u00e3o e forma\u00e7\u00e3o para a cria\u00e7\u00e3o de novos projectos. O Arch\u00e9 nasce da necessidade e responsabilidade que o Doclisboa tem vindo a sentir, de criar espa\u00e7os de [&hellip;]<\/p>\n","protected":false},"author":1,"featured_media":0,"parent":0,"menu_order":0,"comment_status":"closed","ping_status":"closed","template":"","meta":{"_exactmetrics_skip_tracking":false,"_exactmetrics_sitenote_active":false,"_exactmetrics_sitenote_note":"","_exactmetrics_sitenote_category":0,"footnotes":""},"class_list":["post-1657","page","type-page","status-publish","hentry"],"acf":[],"yoast_head":"<!-- This site is optimized with the Yoast SEO plugin v21.4 - https:\/\/yoast.com\/wordpress\/plugins\/seo\/ -->\n<title>Apresenta\u00e7\u00e3o - Doclisboa 2017<\/title>\n<meta name=\"robots\" content=\"index, follow, max-snippet:-1, max-image-preview:large, max-video-preview:-1\" \/>\n<link rel=\"canonical\" href=\"http:\/\/www.doclisboa.org\/2017\/arche-3\/\" \/>\n<meta property=\"og:locale\" content=\"en_US\" \/>\n<meta property=\"og:type\" content=\"article\" \/>\n<meta property=\"og:title\" content=\"Apresenta\u00e7\u00e3o - Doclisboa 2017\" \/>\n<meta property=\"og:description\" content=\"Arch\u00e9 O Arch\u00e9 \u00e9 um laborat\u00f3rio de actividades profissionais, destinado a realizadores, produtores e outros profissionais de cinema, que pretende colocar \u00e0 disposi\u00e7\u00e3o ferramentas, bem como momentos de reflex\u00e3o e forma\u00e7\u00e3o para a cria\u00e7\u00e3o de novos projectos. O Arch\u00e9 nasce da necessidade e responsabilidade que o Doclisboa tem vindo a sentir, de criar espa\u00e7os de [&hellip;]\" \/>\n<meta property=\"og:url\" content=\"http:\/\/www.doclisboa.org\/2017\/arche-3\/\" \/>\n<meta property=\"og:site_name\" content=\"Doclisboa 2017\" \/>\n<meta property=\"article:modified_time\" content=\"2017-09-19T23:59:19+00:00\" \/>\n<meta property=\"og:image\" content=\"http:\/\/www.doclisboa.org\/2017\/imagem_defeito\/default_image_doclisboa.jpg\" \/>\n<meta name=\"twitter:card\" content=\"summary_large_image\" \/>\n<meta name=\"twitter:label1\" content=\"Est. reading time\" \/>\n\t<meta name=\"twitter:data1\" content=\"1 minute\" \/>\n<script type=\"application\/ld+json\" class=\"yoast-schema-graph\">{\"@context\":\"https:\/\/schema.org\",\"@graph\":[{\"@type\":\"WebPage\",\"@id\":\"http:\/\/www.doclisboa.org\/2017\/arche-3\/\",\"url\":\"http:\/\/www.doclisboa.org\/2017\/arche-3\/\",\"name\":\"Apresenta\u00e7\u00e3o - Doclisboa 2017\",\"isPartOf\":{\"@id\":\"http:\/\/www.doclisboa.org\/2017\/#website\"},\"datePublished\":\"2017-09-19T23:57:33+00:00\",\"dateModified\":\"2017-09-19T23:59:19+00:00\",\"breadcrumb\":{\"@id\":\"http:\/\/www.doclisboa.org\/2017\/arche-3\/#breadcrumb\"},\"inLanguage\":\"en-US\",\"potentialAction\":[{\"@type\":\"ReadAction\",\"target\":[\"http:\/\/www.doclisboa.org\/2017\/arche-3\/\"]}]},{\"@type\":\"BreadcrumbList\",\"@id\":\"http:\/\/www.doclisboa.org\/2017\/arche-3\/#breadcrumb\",\"itemListElement\":[{\"@type\":\"ListItem\",\"position\":1,\"name\":\"Home\",\"item\":\"https:\/\/www.doclisboa.org\/2017\/\"},{\"@type\":\"ListItem\",\"position\":2,\"name\":\"Apresenta\u00e7\u00e3o\"}]},{\"@type\":\"WebSite\",\"@id\":\"http:\/\/www.doclisboa.org\/2017\/#website\",\"url\":\"http:\/\/www.doclisboa.org\/2017\/\",\"name\":\"Doclisboa 2017\",\"description\":\"15\u00ba Festival Internacional de Cinema \",\"potentialAction\":[{\"@type\":\"SearchAction\",\"target\":{\"@type\":\"EntryPoint\",\"urlTemplate\":\"http:\/\/www.doclisboa.org\/2017\/?s={search_term_string}\"},\"query-input\":\"required name=search_term_string\"}],\"inLanguage\":\"en-US\"}]}<\/script>\n<!-- \/ Yoast SEO plugin. -->","yoast_head_json":{"title":"Apresenta\u00e7\u00e3o - Doclisboa 2017","robots":{"index":"index","follow":"follow","max-snippet":"max-snippet:-1","max-image-preview":"max-image-preview:large","max-video-preview":"max-video-preview:-1"},"canonical":"http:\/\/www.doclisboa.org\/2017\/arche-3\/","og_locale":"en_US","og_type":"article","og_title":"Apresenta\u00e7\u00e3o - Doclisboa 2017","og_description":"Arch\u00e9 O Arch\u00e9 \u00e9 um laborat\u00f3rio de actividades profissionais, destinado a realizadores, produtores e outros profissionais de cinema, que pretende colocar \u00e0 disposi\u00e7\u00e3o ferramentas, bem como momentos de reflex\u00e3o e forma\u00e7\u00e3o para a cria\u00e7\u00e3o de novos projectos. O Arch\u00e9 nasce da necessidade e responsabilidade que o Doclisboa tem vindo a sentir, de criar espa\u00e7os de [&hellip;]","og_url":"http:\/\/www.doclisboa.org\/2017\/arche-3\/","og_site_name":"Doclisboa 2017","article_modified_time":"2017-09-19T23:59:19+00:00","og_image":[{"url":"http:\/\/www.doclisboa.org\/2017\/imagem_defeito\/default_image_doclisboa.jpg"}],"twitter_card":"summary_large_image","twitter_misc":{"Est. reading time":"1 minute"},"schema":{"@context":"https:\/\/schema.org","@graph":[{"@type":"WebPage","@id":"http:\/\/www.doclisboa.org\/2017\/arche-3\/","url":"http:\/\/www.doclisboa.org\/2017\/arche-3\/","name":"Apresenta\u00e7\u00e3o - Doclisboa 2017","isPartOf":{"@id":"http:\/\/www.doclisboa.org\/2017\/#website"},"datePublished":"2017-09-19T23:57:33+00:00","dateModified":"2017-09-19T23:59:19+00:00","breadcrumb":{"@id":"http:\/\/www.doclisboa.org\/2017\/arche-3\/#breadcrumb"},"inLanguage":"en-US","potentialAction":[{"@type":"ReadAction","target":["http:\/\/www.doclisboa.org\/2017\/arche-3\/"]}]},{"@type":"BreadcrumbList","@id":"http:\/\/www.doclisboa.org\/2017\/arche-3\/#breadcrumb","itemListElement":[{"@type":"ListItem","position":1,"name":"Home","item":"https:\/\/www.doclisboa.org\/2017\/"},{"@type":"ListItem","position":2,"name":"Apresenta\u00e7\u00e3o"}]},{"@type":"WebSite","@id":"http:\/\/www.doclisboa.org\/2017\/#website","url":"http:\/\/www.doclisboa.org\/2017\/","name":"Doclisboa 2017","description":"15\u00ba Festival Internacional de Cinema ","potentialAction":[{"@type":"SearchAction","target":{"@type":"EntryPoint","urlTemplate":"http:\/\/www.doclisboa.org\/2017\/?s={search_term_string}"},"query-input":"required name=search_term_string"}],"inLanguage":"en-US"}]}},"_links":{"self":[{"href":"http:\/\/www.doclisboa.org\/2017\/wp-json\/wp\/v2\/pages\/1657","targetHints":{"allow":["GET"]}}],"collection":[{"href":"http:\/\/www.doclisboa.org\/2017\/wp-json\/wp\/v2\/pages"}],"about":[{"href":"http:\/\/www.doclisboa.org\/2017\/wp-json\/wp\/v2\/types\/page"}],"author":[{"embeddable":true,"href":"http:\/\/www.doclisboa.org\/2017\/wp-json\/wp\/v2\/users\/1"}],"replies":[{"embeddable":true,"href":"http:\/\/www.doclisboa.org\/2017\/wp-json\/wp\/v2\/comments?post=1657"}],"version-history":[{"count":6,"href":"http:\/\/www.doclisboa.org\/2017\/wp-json\/wp\/v2\/pages\/1657\/revisions"}],"predecessor-version":[{"id":1665,"href":"http:\/\/www.doclisboa.org\/2017\/wp-json\/wp\/v2\/pages\/1657\/revisions\/1665"}],"wp:attachment":[{"href":"http:\/\/www.doclisboa.org\/2017\/wp-json\/wp\/v2\/media?parent=1657"}],"curies":[{"name":"wp","href":"https:\/\/api.w.org\/{rel}","templated":true}]}}