{"id":124,"date":"2017-09-16T11:21:10","date_gmt":"2017-09-16T11:21:10","guid":{"rendered":"http:\/\/www.doclisboa.org\/2017\/?page_id=124"},"modified":"2017-10-13T15:43:33","modified_gmt":"2017-10-13T15:43:33","slug":"team-and-contacts","status":"publish","type":"page","link":"http:\/\/www.doclisboa.org\/2017\/en\/doclisboa-2\/team-and-contacts\/","title":{"rendered":"Team"},"content":{"rendered":"<p><strong>Organisation<\/strong><br \/>\nApordoc \u2013 Portuguese Documentary Association<\/p>\n<p>&nbsp;<\/p>\n<p><strong>Co-Production<\/strong><br \/>\nCulturgest<br \/>\nCinema S\u00e3o Jorge<\/p>\n<p>&nbsp;<\/p>\n<p><strong>V\u011bra Chytilov\u00e1 Restrospective<\/strong><br \/>\nCo-organised by the Institute of Documentary Film and with the support of the Czech State Cinematography Fund and the Film and TV School Academy of Performing Arts in Prague<\/p>\n<p>&nbsp;<\/p>\n<p><strong>Another America \u2013 The Unique Cinema of Quebec Retrospective Co-Production<\/strong><br \/>\nCinemateca Portuguesa \u2013 Museu do Cinema<\/p>\n<p>&nbsp;<\/p>\n<p><strong>Passages Co-Production<\/strong><br \/>\nMuseu Cole\u00e7\u00e3o Berardo<\/p>\n<p>&nbsp;<\/p>\n<p><strong>Direction<\/strong><br \/>\nC\u00edntia Gil<br \/>\nDavide Oberto<\/p>\n<p>&nbsp;<\/p>\n<p><strong>Executive Directors<\/strong><br \/>\nBruno Sousa<br \/>\nJoana Gusm\u00e3o<\/p>\n<p>&nbsp;<\/p>\n<p><strong>Associate Programmer<\/strong><br \/>\nAgn\u00e8s Wildenstein<\/p>\n<p>&nbsp;<\/p>\n<p><strong>V\u011bra Chytilov\u00e1 Retrospective Curator<\/strong><br \/>\nBoris Nelepo<\/p>\n<p>&nbsp;<\/p>\n<p><strong>Passages Curator<\/strong><br \/>\nPedro Lapa<\/p>\n<p>&nbsp;<\/p>\n<p><strong>Passages Artist<\/strong><br \/>\nSharon Lockhart<\/p>\n<p>&nbsp;<\/p>\n<p><strong>Programme<\/strong><br \/>\nAgn\u00e8s Wildenstein<br \/>\nAna Pereira<br \/>\nC\u00edntia Gil<br \/>\nDavide Oberto<br \/>\nJoana Galhardas<br \/>\nJoana Sousa<br \/>\nJustin Jaeckle<br \/>\nMiguel Ribeiro<br \/>\nTom\u00e1s Baltazar<\/p>\n<p>&nbsp;<\/p>\n<p><strong>Programme Coordinators<\/strong><br \/>\nMiguel Ribeiro<br \/>\nJoana Sousa (Assistant)<\/p>\n<p>&nbsp;<\/p>\n<p><strong>Arch\u00e9<\/strong><br \/>\nLuciano Rigolini, Marta Andreu (Tutors)<br \/>\nAna Pereira, Glenda Balucani (Coordinators and Producers)<\/p>\n<p>&nbsp;<\/p>\n<p><strong>Communication<\/strong><br \/>\nAna Marta Ribeiro (Coordinator)<br \/>\nCatarina Alves (Assistant)<br \/>\nMafalda Monteiro (Audiovisual Assistant)<\/p>\n<p>&nbsp;<\/p>\n<p><strong>Press Office<\/strong><br \/>\nJo\u00e3o Ricardo Oliveira<\/p>\n<p>&nbsp;<\/p>\n<p><strong>Parallel Activities Coordinator<\/strong><br \/>\nJoana Sousa<\/p>\n<p>&nbsp;<\/p>\n<p><strong>Doc Alliance and Extensions Coordinators<\/strong><br \/>\nAna Pereira<br \/>\nGlenda Balucani<\/p>\n<p>&nbsp;<\/p>\n<p><strong>Executive Producer<\/strong><br \/>\nGlenda Balucani<\/p>\n<p>&nbsp;<\/p>\n<p><strong>Production Assistant<\/strong><br \/>\nBenedita Blattmann<\/p>\n<p>&nbsp;<\/p>\n<p><strong>Technical Director<\/strong><br \/>\nMarkus Seitz<\/p>\n<p>&nbsp;<\/p>\n<p><strong>Print Traffic<\/strong><br \/>\nJoana Galhardas<br \/>\nIgor Martins (Assistant)<\/p>\n<p>&nbsp;<\/p>\n<p><strong>Guest Office<\/strong><br \/>\nMafalda Braz\u00e3o<br \/>\nBabette Dieu (Assistant)<\/p>\n<p>&nbsp;<\/p>\n<p><strong>Educational Project<\/strong><br \/>\nAna Pereira (Coordinator)<br \/>\nCl\u00e1udia Alves (Docs 4 Kids)<br \/>\nSara Marques (Assistant)<\/p>\n<p>&nbsp;<\/p>\n<p><strong>Projectionists<\/strong><br \/>\nCarlos Manuel Fernandes<br \/>\nLuzia Guerreiro Valente<\/p>\n<p>&nbsp;<\/p>\n<p><strong>Publications<\/strong><br \/>\nNuno Ventura Barbosa (Coordinator and Editor)<br \/>\nAna Marta Ribeiro (Production)<\/p>\n<p>&nbsp;<\/p>\n<p><strong>Translations<\/strong><br \/>\nJo\u00e3o Ricardo Oliveira<br \/>\nNuno Ventura Barbosa<\/p>\n<p>&nbsp;<\/p>\n<p><strong>Graphic Design<\/strong><br \/>\nPedro Nora<\/p>\n<p>&nbsp;<\/p>\n<p><strong>Assistant Designer<\/strong><br \/>\nCl\u00e1udia Lancaster<\/p>\n<p>&nbsp;<\/p>\n<p><strong>Website<\/strong><br \/>\nSara Orsi<br \/>\nCatarina Lee<br \/>\nMargarida Marques<\/p>\n<p>&nbsp;<\/p>\n<p><strong>IT Support<\/strong><br \/>\nNelson Lopes \u2013 naoarranca.com<\/p>\n<p>&nbsp;<\/p>\n<p><strong>Audiovisual Coverage<\/strong><br \/>\nEscola de Tecnologias Inova\u00e7\u00e3o e Criatividade \u2013 ETIC<br \/>\nEscola Art\u00edstica Ant\u00f3nio Arroio<\/p>\n<p>&nbsp;<\/p>\n<p><strong>Video Spot<\/strong><br \/>\nUniversity of Lisbon \u2013 Faculty of Fine Arts \u2013 Multimedia Art<br \/>\nJos\u00e9 Pedro Cavalheiro (Coordinator)<br \/>\nMargarida Salvador, Filipa Braz, Carla Martins (Animation)<br \/>\nFernando Fadigas (Sound Design and Music)<\/p>\n<p>&nbsp;<\/p>\n<p><strong>Photography<\/strong><br \/>\nAl\u00edpio Padilha<br \/>\nJoana Linda<\/p>\n<p>&nbsp;<\/p>\n<p><strong>Translation and Subtitling<\/strong><br \/>\nCatarina Hrotko<br \/>\nCatarina Letria<br \/>\nDaniel Freire Santos<br \/>\nJos\u00e9 Manuel Dias<br \/>\nManuel Ramos do \u00d3<br \/>\nMariana Dias<br \/>\nMariana Pinho<br \/>\nPatr\u00edcia Azevedo da Silva<br \/>\nPaulo Montes<br \/>\nSara Leite<br \/>\nS\u00f3nia Antunes<\/p>\n<p>&nbsp;<\/p>\n<p><strong>Ticket Office Management<\/strong><br \/>\nIn\u00eas Freire<\/p>\n<p>&nbsp;<\/p>\n<p><strong>Invitations<\/strong><\/p>\n<p>Margarida Marques<\/p>\n<p>&nbsp;<\/p>\n<p><strong>Cinema Supervisors<\/strong><br \/>\nAna David (Cinema S\u00e3o Jorge)<br \/>\nMiguel Soares (Culturgest)<\/p>\n<p>&nbsp;<\/p>\n<p><strong>Volunteers Coordinator<\/strong><br \/>\nMaria Runkel<\/p>\n<p>&nbsp;<\/p>\n<p><strong>Drivers<\/strong><br \/>\nDaniela Cardoso (Coordinator)<br \/>\nJos\u00e9 Sp\u00ednola<\/p>\n<p>&nbsp;<\/p>\n<p><strong>Treasurer and Accounting<\/strong><br \/>\nAna Flores \u2013 Enumerarte<\/p>\n","protected":false},"excerpt":{"rendered":"<p>Organisation Apordoc \u2013 Portuguese Documentary Association &nbsp; Co-Production Culturgest Cinema S\u00e3o Jorge &nbsp; V\u011bra Chytilov\u00e1 Restrospective Co-organised by the Institute of Documentary Film and with the support of the Czech State Cinematography Fund and the Film and TV School Academy of Performing Arts in Prague &nbsp; Another America \u2013 The Unique Cinema of Quebec Retrospective [&hellip;]<\/p>\n","protected":false},"author":1,"featured_media":0,"parent":99,"menu_order":0,"comment_status":"closed","ping_status":"closed","template":"","meta":{"_exactmetrics_skip_tracking":false,"_exactmetrics_sitenote_active":false,"_exactmetrics_sitenote_note":"","_exactmetrics_sitenote_category":0,"footnotes":""},"class_list":["post-124","page","type-page","status-publish","hentry"],"acf":[],"yoast_head":"<!-- This site is optimized with the Yoast SEO plugin v21.4 - https:\/\/yoast.com\/wordpress\/plugins\/seo\/ -->\n<title>Team - Doclisboa 2017<\/title>\n<meta name=\"robots\" content=\"index, follow, max-snippet:-1, max-image-preview:large, max-video-preview:-1\" \/>\n<link rel=\"canonical\" href=\"http:\/\/www.doclisboa.org\/2017\/en\/doclisboa-2\/team-and-contacts\/\" \/>\n<meta property=\"og:locale\" content=\"en_US\" \/>\n<meta property=\"og:type\" content=\"article\" \/>\n<meta property=\"og:title\" content=\"Team - Doclisboa 2017\" \/>\n<meta property=\"og:description\" content=\"Organisation Apordoc \u2013 Portuguese Documentary Association &nbsp; Co-Production Culturgest Cinema S\u00e3o Jorge &nbsp; V\u011bra Chytilov\u00e1 Restrospective Co-organised by the Institute of Documentary Film and with the support of the Czech State Cinematography Fund and the Film and TV School Academy of Performing Arts in Prague &nbsp; Another America \u2013 The Unique Cinema of Quebec Retrospective [&hellip;]\" \/>\n<meta property=\"og:url\" content=\"http:\/\/www.doclisboa.org\/2017\/en\/doclisboa-2\/team-and-contacts\/\" \/>\n<meta property=\"og:site_name\" content=\"Doclisboa 2017\" \/>\n<meta property=\"article:modified_time\" content=\"2017-10-13T15:43:33+00:00\" \/>\n<meta property=\"og:image\" content=\"http:\/\/www.doclisboa.org\/2017\/imagem_defeito\/default_image_doclisboa.jpg\" \/>\n<meta name=\"twitter:card\" content=\"summary_large_image\" \/>\n<meta name=\"twitter:label1\" content=\"Est. reading time\" \/>\n\t<meta name=\"twitter:data1\" content=\"2 minutes\" \/>\n<script type=\"application\/ld+json\" class=\"yoast-schema-graph\">{\"@context\":\"https:\/\/schema.org\",\"@graph\":[{\"@type\":\"WebPage\",\"@id\":\"http:\/\/www.doclisboa.org\/2017\/en\/doclisboa-2\/team-and-contacts\/\",\"url\":\"http:\/\/www.doclisboa.org\/2017\/en\/doclisboa-2\/team-and-contacts\/\",\"name\":\"Team - Doclisboa 2017\",\"isPartOf\":{\"@id\":\"http:\/\/www.doclisboa.org\/2017\/#website\"},\"datePublished\":\"2017-09-16T11:21:10+00:00\",\"dateModified\":\"2017-10-13T15:43:33+00:00\",\"breadcrumb\":{\"@id\":\"http:\/\/www.doclisboa.org\/2017\/en\/doclisboa-2\/team-and-contacts\/#breadcrumb\"},\"inLanguage\":\"en-US\",\"potentialAction\":[{\"@type\":\"ReadAction\",\"target\":[\"http:\/\/www.doclisboa.org\/2017\/en\/doclisboa-2\/team-and-contacts\/\"]}]},{\"@type\":\"BreadcrumbList\",\"@id\":\"http:\/\/www.doclisboa.org\/2017\/en\/doclisboa-2\/team-and-contacts\/#breadcrumb\",\"itemListElement\":[{\"@type\":\"ListItem\",\"position\":1,\"name\":\"Home\",\"item\":\"https:\/\/www.doclisboa.org\/2017\/\"},{\"@type\":\"ListItem\",\"position\":2,\"name\":\"Doclisboa\",\"item\":\"https:\/\/www.doclisboa.org\/2017\/en\/doclisboa-2\/\"},{\"@type\":\"ListItem\",\"position\":3,\"name\":\"Team\"}]},{\"@type\":\"WebSite\",\"@id\":\"http:\/\/www.doclisboa.org\/2017\/#website\",\"url\":\"http:\/\/www.doclisboa.org\/2017\/\",\"name\":\"Doclisboa 2017\",\"description\":\"15\u00ba Festival Internacional de Cinema \",\"potentialAction\":[{\"@type\":\"SearchAction\",\"target\":{\"@type\":\"EntryPoint\",\"urlTemplate\":\"http:\/\/www.doclisboa.org\/2017\/?s={search_term_string}\"},\"query-input\":\"required name=search_term_string\"}],\"inLanguage\":\"en-US\"}]}<\/script>\n<!-- \/ Yoast SEO plugin. -->","yoast_head_json":{"title":"Team - Doclisboa 2017","robots":{"index":"index","follow":"follow","max-snippet":"max-snippet:-1","max-image-preview":"max-image-preview:large","max-video-preview":"max-video-preview:-1"},"canonical":"http:\/\/www.doclisboa.org\/2017\/en\/doclisboa-2\/team-and-contacts\/","og_locale":"en_US","og_type":"article","og_title":"Team - Doclisboa 2017","og_description":"Organisation Apordoc \u2013 Portuguese Documentary Association &nbsp; Co-Production Culturgest Cinema S\u00e3o Jorge &nbsp; V\u011bra Chytilov\u00e1 Restrospective Co-organised by the Institute of Documentary Film and with the support of the Czech State Cinematography Fund and the Film and TV School Academy of Performing Arts in Prague &nbsp; Another America \u2013 The Unique Cinema of Quebec Retrospective [&hellip;]","og_url":"http:\/\/www.doclisboa.org\/2017\/en\/doclisboa-2\/team-and-contacts\/","og_site_name":"Doclisboa 2017","article_modified_time":"2017-10-13T15:43:33+00:00","og_image":[{"url":"http:\/\/www.doclisboa.org\/2017\/imagem_defeito\/default_image_doclisboa.jpg"}],"twitter_card":"summary_large_image","twitter_misc":{"Est. reading time":"2 minutes"},"schema":{"@context":"https:\/\/schema.org","@graph":[{"@type":"WebPage","@id":"http:\/\/www.doclisboa.org\/2017\/en\/doclisboa-2\/team-and-contacts\/","url":"http:\/\/www.doclisboa.org\/2017\/en\/doclisboa-2\/team-and-contacts\/","name":"Team - Doclisboa 2017","isPartOf":{"@id":"http:\/\/www.doclisboa.org\/2017\/#website"},"datePublished":"2017-09-16T11:21:10+00:00","dateModified":"2017-10-13T15:43:33+00:00","breadcrumb":{"@id":"http:\/\/www.doclisboa.org\/2017\/en\/doclisboa-2\/team-and-contacts\/#breadcrumb"},"inLanguage":"en-US","potentialAction":[{"@type":"ReadAction","target":["http:\/\/www.doclisboa.org\/2017\/en\/doclisboa-2\/team-and-contacts\/"]}]},{"@type":"BreadcrumbList","@id":"http:\/\/www.doclisboa.org\/2017\/en\/doclisboa-2\/team-and-contacts\/#breadcrumb","itemListElement":[{"@type":"ListItem","position":1,"name":"Home","item":"https:\/\/www.doclisboa.org\/2017\/"},{"@type":"ListItem","position":2,"name":"Doclisboa","item":"https:\/\/www.doclisboa.org\/2017\/en\/doclisboa-2\/"},{"@type":"ListItem","position":3,"name":"Team"}]},{"@type":"WebSite","@id":"http:\/\/www.doclisboa.org\/2017\/#website","url":"http:\/\/www.doclisboa.org\/2017\/","name":"Doclisboa 2017","description":"15\u00ba Festival Internacional de Cinema ","potentialAction":[{"@type":"SearchAction","target":{"@type":"EntryPoint","urlTemplate":"http:\/\/www.doclisboa.org\/2017\/?s={search_term_string}"},"query-input":"required name=search_term_string"}],"inLanguage":"en-US"}]}},"_links":{"self":[{"href":"http:\/\/www.doclisboa.org\/2017\/wp-json\/wp\/v2\/pages\/124","targetHints":{"allow":["GET"]}}],"collection":[{"href":"http:\/\/www.doclisboa.org\/2017\/wp-json\/wp\/v2\/pages"}],"about":[{"href":"http:\/\/www.doclisboa.org\/2017\/wp-json\/wp\/v2\/types\/page"}],"author":[{"embeddable":true,"href":"http:\/\/www.doclisboa.org\/2017\/wp-json\/wp\/v2\/users\/1"}],"replies":[{"embeddable":true,"href":"http:\/\/www.doclisboa.org\/2017\/wp-json\/wp\/v2\/comments?post=124"}],"version-history":[{"count":13,"href":"http:\/\/www.doclisboa.org\/2017\/wp-json\/wp\/v2\/pages\/124\/revisions"}],"predecessor-version":[{"id":2779,"href":"http:\/\/www.doclisboa.org\/2017\/wp-json\/wp\/v2\/pages\/124\/revisions\/2779"}],"up":[{"embeddable":true,"href":"http:\/\/www.doclisboa.org\/2017\/wp-json\/wp\/v2\/pages\/99"}],"wp:attachment":[{"href":"http:\/\/www.doclisboa.org\/2017\/wp-json\/wp\/v2\/media?parent=124"}],"curies":[{"name":"wp","href":"https:\/\/api.w.org\/{rel}","templated":true}]}}