{"id":114,"date":"2017-09-16T11:20:25","date_gmt":"2017-09-16T11:20:25","guid":{"rendered":"http:\/\/www.doclisboa.org\/2017\/?page_id=114"},"modified":"2017-09-19T12:19:14","modified_gmt":"2017-09-19T12:19:14","slug":"faqs","status":"publish","type":"page","link":"http:\/\/www.doclisboa.org\/2017\/doclisboa\/faqs\/","title":{"rendered":"FAQ\u2019s"},"content":{"rendered":"<h2>Informa\u00e7\u00e3o Geral<\/h2>\n<p>&nbsp;<\/p>\n<p><strong>Quando ter\u00e1 lugar o festival?<\/strong><br \/>\nA 15\u00aa edi\u00e7\u00e3o do Doclisboa \u2013 Festival Internacional de Cinema acontecer\u00e1 entre a Quinta-feira, 19 a Domingo, 29 de Outubro de 2017.<\/p>\n<p>&nbsp;<\/p>\n<p><strong>Em que data ser\u00e1 anunciado o programa da edi\u00e7\u00e3o de 2017?<\/strong><br \/>\nO programa ser\u00e1 anunciado em Setembro de 2017 na nossa p\u00e1gina. Tenham aten\u00e7\u00e3o \u00e0s not\u00edcias publicadas na p\u00e1gina, no Facebook e Twitter do Doclisboa para novidades.<\/p>\n<p>&nbsp;<\/p>\n<p><strong>Onde posso encontrar informa\u00e7\u00e3o sobre a venda de bilhetes?<\/strong><br \/>\nVisite a nossa p\u00e1gina Bilhetes, onde pode encontrar toda a informa\u00e7\u00e3o sobre pre\u00e7os e tipos de bilhetes.<\/p>\n<p>&nbsp;<\/p>\n<p><strong>Sou um realizador. Como posso inscrever o meu filme?<\/strong><br \/>\nSe quer inscrever o seu filme, encontra toda a informa\u00e7\u00e3o necess\u00e1ria na p\u00e1gina das Inscri\u00e7\u00f5es.<\/p>\n<p>&nbsp;<\/p>\n<p><strong>Onde se encontram os espa\u00e7os do Doclisboa?<\/strong><br \/>\nConsulte a p\u00e1gina espa\u00e7os.<\/p>\n<p>&nbsp;<\/p>\n<h2>Bilhetes<\/h2>\n<p>&nbsp;<\/p>\n<p><strong>Quando come\u00e7a a venda de bilhetes?<\/strong><br \/>\nOs bilhetes est\u00e3o dispon\u00edveis para venda a partir de Outubro na bilheteira central (Culturgest) e na Ticketline.<\/p>\n<p>&nbsp;<\/p>\n<p><strong>Onde posso comprar bilhetes?<\/strong><br \/>\nEm pr\u00e9-venda, poder\u00e1 encomendar bilhetes online atrav\u00e9s da Ticketline ou compr\u00e1-los na bilheteira central (Culturgest).<br \/>\nDurante o festival, os bilhetes est\u00e3o dispon\u00edveis online e nas bilheteiras dos v\u00e1rios cinemas e outros locais. Para mais informa\u00e7\u00e3o, consulte as p\u00e1ginas Bilhetes.<\/p>\n<p>&nbsp;<\/p>\n<p><strong>H\u00e1 alguma actividade (gr\u00e1tis) para a qual n\u00e3o tenha de comprar bilhete?<\/strong><br \/>\nClaro. O programa apresenta quais as actividades gr\u00e1tis (tenha em aten\u00e7\u00e3o que para algumas actividades ser\u00e1 sempre necess\u00e1rio levantar um bilhete). Consulte o Programa para mais informa\u00e7\u00e3o.<\/p>\n<p>&nbsp;<\/p>\n<p><strong>H\u00e1 passes ou bilhetes agrupados?<\/strong><br \/>\nSim. O Doclisboa oferece tr\u00eas tipos de vouchers (para 3, 10 e 20 bilhetes) para filmes em todas as sess\u00f5es a um pre\u00e7o reduzido. Existem tamb\u00e9m v\u00e1rios tipos de descontos que poder\u00e1 descobrir na nossa p\u00e1gina Bilhetes.<\/p>\n<p>&nbsp;<\/p>\n<h2>Programa<\/h2>\n<p>&nbsp;<\/p>\n<p><strong>Os filmes s\u00e3o legendados? Em que l\u00edngua?<\/strong><br \/>\nTodos os filmes no Doclisboa s\u00e3o legendados tanto em Ingl\u00eas e em Portugu\u00eas quando nenhuma destas l\u00ednguas \u00e9 falada. Caso o filme seja em Ingl\u00eas ou em Portugu\u00eas, ser\u00e1 legendado somente na outra l\u00edngua.<\/p>\n<p>&nbsp;<\/p>\n<p><strong>Onde posso encontrar informa\u00e7\u00e3o sobre os filmes?<\/strong><br \/>\nO programa est\u00e1 dispon\u00edvel online a partir de Setembro com toda a informa\u00e7\u00e3o relativamente a sinopse, cr\u00e9ditos e outros detalhes. Poder\u00e1 consultar as datas, horas e locais das sess\u00f5es no nosso Programa na p\u00e1gina, como nos Programas impressos dispon\u00edveis em v\u00e1rios locais por toda a Lisboa.<\/p>\n<p>&nbsp;<\/p>\n<p><strong>Sou um realizador. Como posso inscrever o meu filme?<\/strong><br \/>\nSe quer inscrever o seu filme, encontra toda a informa\u00e7\u00e3o necess\u00e1ria na p\u00e1gina das Inscri\u00e7\u00f5es.<\/p>\n<p>&nbsp;<\/p>\n<p><strong>O meu filme n\u00e3o est\u00e1 acabado, posso inscrev\u00ea-lo?<\/strong><br \/>\nSim, pode. Quando inscrever, por favor escreva-nos ou deixe uma nota no FilmFestivalLife onde indique que o filme ainda ser\u00e1 trabalhado. Tenha em conta que o filme ter\u00e1 de estar terminado para exibi\u00e7\u00e3o caso seja selecionado. Para mais informa\u00e7\u00f5es, consulte a nossa p\u00e1gina Inscri\u00e7\u00f5es.<\/p>\n","protected":false},"excerpt":{"rendered":"<p>Informa\u00e7\u00e3o Geral &nbsp; Quando ter\u00e1 lugar o festival? A 15\u00aa edi\u00e7\u00e3o do Doclisboa \u2013 Festival Internacional de Cinema acontecer\u00e1 entre a Quinta-feira, 19 a Domingo, 29 de Outubro de 2017. &nbsp; Em que data ser\u00e1 anunciado o programa da edi\u00e7\u00e3o de 2017? O programa ser\u00e1 anunciado em Setembro de 2017 na nossa p\u00e1gina. Tenham aten\u00e7\u00e3o [&hellip;]<\/p>\n","protected":false},"author":1,"featured_media":0,"parent":97,"menu_order":0,"comment_status":"closed","ping_status":"closed","template":"","meta":{"_exactmetrics_skip_tracking":false,"_exactmetrics_sitenote_active":false,"_exactmetrics_sitenote_note":"","_exactmetrics_sitenote_category":0,"footnotes":""},"class_list":["post-114","page","type-page","status-publish","hentry"],"acf":[],"yoast_head":"<!-- This site is optimized with the Yoast SEO plugin v21.4 - https:\/\/yoast.com\/wordpress\/plugins\/seo\/ -->\n<title>FAQ\u2019s - Doclisboa 2017<\/title>\n<meta name=\"robots\" content=\"index, follow, max-snippet:-1, max-image-preview:large, max-video-preview:-1\" \/>\n<link rel=\"canonical\" href=\"http:\/\/www.doclisboa.org\/2017\/doclisboa\/faqs\/\" \/>\n<meta property=\"og:locale\" content=\"en_US\" \/>\n<meta property=\"og:type\" content=\"article\" \/>\n<meta property=\"og:title\" content=\"FAQ\u2019s - Doclisboa 2017\" \/>\n<meta property=\"og:description\" content=\"Informa\u00e7\u00e3o Geral &nbsp; Quando ter\u00e1 lugar o festival? A 15\u00aa edi\u00e7\u00e3o do Doclisboa \u2013 Festival Internacional de Cinema acontecer\u00e1 entre a Quinta-feira, 19 a Domingo, 29 de Outubro de 2017. &nbsp; Em que data ser\u00e1 anunciado o programa da edi\u00e7\u00e3o de 2017? O programa ser\u00e1 anunciado em Setembro de 2017 na nossa p\u00e1gina. Tenham aten\u00e7\u00e3o [&hellip;]\" \/>\n<meta property=\"og:url\" content=\"http:\/\/www.doclisboa.org\/2017\/doclisboa\/faqs\/\" \/>\n<meta property=\"og:site_name\" content=\"Doclisboa 2017\" \/>\n<meta property=\"article:modified_time\" content=\"2017-09-19T12:19:14+00:00\" \/>\n<meta property=\"og:image\" content=\"http:\/\/www.doclisboa.org\/2017\/imagem_defeito\/default_image_doclisboa.jpg\" \/>\n<meta name=\"twitter:card\" content=\"summary_large_image\" \/>\n<meta name=\"twitter:label1\" content=\"Est. reading time\" \/>\n\t<meta name=\"twitter:data1\" content=\"3 minutes\" \/>\n<script type=\"application\/ld+json\" class=\"yoast-schema-graph\">{\"@context\":\"https:\/\/schema.org\",\"@graph\":[{\"@type\":\"WebPage\",\"@id\":\"http:\/\/www.doclisboa.org\/2017\/doclisboa\/faqs\/\",\"url\":\"http:\/\/www.doclisboa.org\/2017\/doclisboa\/faqs\/\",\"name\":\"FAQ\u2019s - Doclisboa 2017\",\"isPartOf\":{\"@id\":\"http:\/\/www.doclisboa.org\/2017\/#website\"},\"datePublished\":\"2017-09-16T11:20:25+00:00\",\"dateModified\":\"2017-09-19T12:19:14+00:00\",\"breadcrumb\":{\"@id\":\"http:\/\/www.doclisboa.org\/2017\/doclisboa\/faqs\/#breadcrumb\"},\"inLanguage\":\"en-US\",\"potentialAction\":[{\"@type\":\"ReadAction\",\"target\":[\"http:\/\/www.doclisboa.org\/2017\/doclisboa\/faqs\/\"]}]},{\"@type\":\"BreadcrumbList\",\"@id\":\"http:\/\/www.doclisboa.org\/2017\/doclisboa\/faqs\/#breadcrumb\",\"itemListElement\":[{\"@type\":\"ListItem\",\"position\":1,\"name\":\"Home\",\"item\":\"https:\/\/www.doclisboa.org\/2017\/\"},{\"@type\":\"ListItem\",\"position\":2,\"name\":\"Doclisboa\",\"item\":\"http:\/\/www.doclisboa.org\/2017\/doclisboa\/\"},{\"@type\":\"ListItem\",\"position\":3,\"name\":\"FAQ\u2019s\"}]},{\"@type\":\"WebSite\",\"@id\":\"http:\/\/www.doclisboa.org\/2017\/#website\",\"url\":\"http:\/\/www.doclisboa.org\/2017\/\",\"name\":\"Doclisboa 2017\",\"description\":\"15\u00ba Festival Internacional de Cinema \",\"potentialAction\":[{\"@type\":\"SearchAction\",\"target\":{\"@type\":\"EntryPoint\",\"urlTemplate\":\"http:\/\/www.doclisboa.org\/2017\/?s={search_term_string}\"},\"query-input\":\"required name=search_term_string\"}],\"inLanguage\":\"en-US\"}]}<\/script>\n<!-- \/ Yoast SEO plugin. -->","yoast_head_json":{"title":"FAQ\u2019s - Doclisboa 2017","robots":{"index":"index","follow":"follow","max-snippet":"max-snippet:-1","max-image-preview":"max-image-preview:large","max-video-preview":"max-video-preview:-1"},"canonical":"http:\/\/www.doclisboa.org\/2017\/doclisboa\/faqs\/","og_locale":"en_US","og_type":"article","og_title":"FAQ\u2019s - Doclisboa 2017","og_description":"Informa\u00e7\u00e3o Geral &nbsp; Quando ter\u00e1 lugar o festival? A 15\u00aa edi\u00e7\u00e3o do Doclisboa \u2013 Festival Internacional de Cinema acontecer\u00e1 entre a Quinta-feira, 19 a Domingo, 29 de Outubro de 2017. &nbsp; Em que data ser\u00e1 anunciado o programa da edi\u00e7\u00e3o de 2017? O programa ser\u00e1 anunciado em Setembro de 2017 na nossa p\u00e1gina. Tenham aten\u00e7\u00e3o [&hellip;]","og_url":"http:\/\/www.doclisboa.org\/2017\/doclisboa\/faqs\/","og_site_name":"Doclisboa 2017","article_modified_time":"2017-09-19T12:19:14+00:00","og_image":[{"url":"http:\/\/www.doclisboa.org\/2017\/imagem_defeito\/default_image_doclisboa.jpg"}],"twitter_card":"summary_large_image","twitter_misc":{"Est. reading time":"3 minutes"},"schema":{"@context":"https:\/\/schema.org","@graph":[{"@type":"WebPage","@id":"http:\/\/www.doclisboa.org\/2017\/doclisboa\/faqs\/","url":"http:\/\/www.doclisboa.org\/2017\/doclisboa\/faqs\/","name":"FAQ\u2019s - Doclisboa 2017","isPartOf":{"@id":"http:\/\/www.doclisboa.org\/2017\/#website"},"datePublished":"2017-09-16T11:20:25+00:00","dateModified":"2017-09-19T12:19:14+00:00","breadcrumb":{"@id":"http:\/\/www.doclisboa.org\/2017\/doclisboa\/faqs\/#breadcrumb"},"inLanguage":"en-US","potentialAction":[{"@type":"ReadAction","target":["http:\/\/www.doclisboa.org\/2017\/doclisboa\/faqs\/"]}]},{"@type":"BreadcrumbList","@id":"http:\/\/www.doclisboa.org\/2017\/doclisboa\/faqs\/#breadcrumb","itemListElement":[{"@type":"ListItem","position":1,"name":"Home","item":"https:\/\/www.doclisboa.org\/2017\/"},{"@type":"ListItem","position":2,"name":"Doclisboa","item":"http:\/\/www.doclisboa.org\/2017\/doclisboa\/"},{"@type":"ListItem","position":3,"name":"FAQ\u2019s"}]},{"@type":"WebSite","@id":"http:\/\/www.doclisboa.org\/2017\/#website","url":"http:\/\/www.doclisboa.org\/2017\/","name":"Doclisboa 2017","description":"15\u00ba Festival Internacional de Cinema ","potentialAction":[{"@type":"SearchAction","target":{"@type":"EntryPoint","urlTemplate":"http:\/\/www.doclisboa.org\/2017\/?s={search_term_string}"},"query-input":"required name=search_term_string"}],"inLanguage":"en-US"}]}},"_links":{"self":[{"href":"http:\/\/www.doclisboa.org\/2017\/wp-json\/wp\/v2\/pages\/114","targetHints":{"allow":["GET"]}}],"collection":[{"href":"http:\/\/www.doclisboa.org\/2017\/wp-json\/wp\/v2\/pages"}],"about":[{"href":"http:\/\/www.doclisboa.org\/2017\/wp-json\/wp\/v2\/types\/page"}],"author":[{"embeddable":true,"href":"http:\/\/www.doclisboa.org\/2017\/wp-json\/wp\/v2\/users\/1"}],"replies":[{"embeddable":true,"href":"http:\/\/www.doclisboa.org\/2017\/wp-json\/wp\/v2\/comments?post=114"}],"version-history":[{"count":8,"href":"http:\/\/www.doclisboa.org\/2017\/wp-json\/wp\/v2\/pages\/114\/revisions"}],"predecessor-version":[{"id":1514,"href":"http:\/\/www.doclisboa.org\/2017\/wp-json\/wp\/v2\/pages\/114\/revisions\/1514"}],"up":[{"embeddable":true,"href":"http:\/\/www.doclisboa.org\/2017\/wp-json\/wp\/v2\/pages\/97"}],"wp:attachment":[{"href":"http:\/\/www.doclisboa.org\/2017\/wp-json\/wp\/v2\/media?parent=114"}],"curies":[{"name":"wp","href":"https:\/\/api.w.org\/{rel}","templated":true}]}}